{"id":8601,"date":"2023-05-04T17:23:03","date_gmt":"2023-05-04T14:23:03","guid":{"rendered":"https:\/\/fengshuidivine.com\/?post_type=product&#038;p=8601"},"modified":"2026-01-21T10:48:10","modified_gmt":"2026-01-21T08:48:10","slug":"divinatia-qi-men-dun-jia","status":"publish","type":"product","link":"https:\/\/fengshuidivine.com\/en\/product\/divinatia-qi-men-dun-jia\/","title":{"rendered":"Divina\u021bia Qi Men Dun Jia"},"content":{"rendered":"<div data-elementor-type=\"wp-post\" data-elementor-id=\"8601\" class=\"elementor elementor-8601\">\n\t\t\t\t\t\t<section class=\"elementor-section elementor-top-section elementor-element elementor-element-7cc25a62 elementor-section-boxed elementor-section-height-default elementor-section-height-default default-style\" data-id=\"7cc25a62\" data-element_type=\"section\" data-e-type=\"section\" data-settings=\"{&quot;rt_color_sets&quot;:&quot;default-style&quot;}\">\n\t\t\t\t\t\t<div class=\"elementor-container elementor-column-gap-default\">\n\t\t\t\t\t<div class=\"elementor-column elementor-col-100 elementor-top-column elementor-element elementor-element-71e8b006\" data-id=\"71e8b006\" data-element_type=\"column\" data-e-type=\"column\">\n\t\t\t<div class=\"elementor-widget-wrap elementor-element-populated\">\n\t\t\t\t\t\t<div class=\"elementor-element elementor-element-46a87bb0 elementor-widget elementor-widget-text-editor\" data-id=\"46a87bb0\" data-element_type=\"widget\" data-e-type=\"widget\" data-widget_type=\"text-editor.default\">\n\t\t\t\t\t\t\t\t\t<p style=\"text-align: justify;\"><strong>\u00a0\u00a0\u00a0\u00a0\u00a0\u00a0\u00a0\u00a0 <\/strong>Indiferent de domeniul \u00een care activa\u021bi sau de obiectivele pe care le ave\u021bi, <strong>consultan\u021ba Qi Men Dun Jia v\u0103 poate oferi o perspectiv\u0103 unic\u0103 \u0219i claritate \u00een luarea deciziilor.<\/strong> V\u0103 invit s\u0103 experimenta\u021bi <strong>puterea acestei tehnici str\u0103vechi \u0219i s\u0103 descoperi\u021bi cum v\u0103 poate sprijini \u00een atingerea succesului dorit.<\/strong><\/p>\t\t\t\t\t\t\t\t<\/div>\n\t\t\t\t\t<\/div>\n\t\t<\/div>\n\t\t\t\t\t<\/div>\n\t\t<\/section>\n\t\t\t\t<\/div>","protected":false},"excerpt":{"rendered":"<p style=\"text-align: justify;\"><strong>Qi Men Dun Jia este bazat pe calculul energiilor cosmice \u0219i terestre \u00eentr-un anumit moment \u0219i loc.<\/strong> Prin intermediul acestei consultan\u021be, ve\u021bi primi <strong>o analiz\u0103 detaliat\u0103 a acestor energii \u0219i modul \u00een care acestea v\u0103 pot influen\u021ba \u00een diverse aspecte ale vie\u021bii, cum ar fi cariera, afacerile, rela\u021biile sau s\u0103n\u0103tatea. <\/strong>Cu ajutorul acestei tehnici, ve\u021bi avea acces la informa\u021bii valoroase \u0219i strategii personalizate, care v\u0103 vor ghida \u00een luarea deciziilor \u0219i v\u0103 vor spori \u0219ansele de reu\u0219it\u0103.<\/p>","protected":false},"featured_media":8233,"comment_status":"closed","ping_status":"closed","template":"","meta":{"inline_featured_image":false},"product_brand":[],"product_cat":[145],"product_tag":[],"class_list":{"0":"post-8601","1":"product","2":"type-product","3":"status-publish","4":"has-post-thumbnail","6":"product_cat-servicii","8":"first","9":"instock","10":"virtual","11":"sold-individually","12":"purchasable","13":"product-type-simple"},"_links":{"self":[{"href":"https:\/\/fengshuidivine.com\/en\/wp-json\/wp\/v2\/product\/8601","targetHints":{"allow":["GET"]}}],"collection":[{"href":"https:\/\/fengshuidivine.com\/en\/wp-json\/wp\/v2\/product"}],"about":[{"href":"https:\/\/fengshuidivine.com\/en\/wp-json\/wp\/v2\/types\/product"}],"replies":[{"embeddable":true,"href":"https:\/\/fengshuidivine.com\/en\/wp-json\/wp\/v2\/comments?post=8601"}],"version-history":[{"count":12,"href":"https:\/\/fengshuidivine.com\/en\/wp-json\/wp\/v2\/product\/8601\/revisions"}],"predecessor-version":[{"id":10020,"href":"https:\/\/fengshuidivine.com\/en\/wp-json\/wp\/v2\/product\/8601\/revisions\/10020"}],"wp:featuredmedia":[{"embeddable":true,"href":"https:\/\/fengshuidivine.com\/en\/wp-json\/wp\/v2\/media\/8233"}],"wp:attachment":[{"href":"https:\/\/fengshuidivine.com\/en\/wp-json\/wp\/v2\/media?parent=8601"}],"wp:term":[{"taxonomy":"product_brand","embeddable":true,"href":"https:\/\/fengshuidivine.com\/en\/wp-json\/wp\/v2\/product_brand?post=8601"},{"taxonomy":"product_cat","embeddable":true,"href":"https:\/\/fengshuidivine.com\/en\/wp-json\/wp\/v2\/product_cat?post=8601"},{"taxonomy":"product_tag","embeddable":true,"href":"https:\/\/fengshuidivine.com\/en\/wp-json\/wp\/v2\/product_tag?post=8601"}],"curies":[{"name":"wp","href":"https:\/\/api.w.org\/{rel}","templated":true}]}}