{"id":8595,"date":"2023-05-04T17:09:06","date_gmt":"2023-05-04T14:09:06","guid":{"rendered":"https:\/\/fengshuidivine.com\/?post_type=product&#038;p=8595"},"modified":"2026-01-21T10:49:19","modified_gmt":"2026-01-21T08:49:19","slug":"divinatia-i-ching","status":"publish","type":"product","link":"https:\/\/fengshuidivine.com\/en\/product\/divinatia-i-ching\/","title":{"rendered":"Divina\u021bia I Ching"},"content":{"rendered":"<div data-elementor-type=\"wp-post\" data-elementor-id=\"8595\" class=\"elementor elementor-8595\">\n\t\t\t\t\t\t<section class=\"elementor-section elementor-top-section elementor-element elementor-element-d6abe00 elementor-section-boxed elementor-section-height-default elementor-section-height-default default-style\" data-id=\"d6abe00\" data-element_type=\"section\" data-e-type=\"section\" data-settings=\"{&quot;rt_color_sets&quot;:&quot;default-style&quot;}\">\n\t\t\t\t\t\t<div class=\"elementor-container elementor-column-gap-default\">\n\t\t\t\t\t<div class=\"elementor-column elementor-col-100 elementor-top-column elementor-element elementor-element-5f7c1bfc\" data-id=\"5f7c1bfc\" data-element_type=\"column\" data-e-type=\"column\">\n\t\t\t<div class=\"elementor-widget-wrap elementor-element-populated\">\n\t\t\t\t\t\t<div class=\"elementor-element elementor-element-698bb0cf elementor-widget elementor-widget-text-editor\" data-id=\"698bb0cf\" data-element_type=\"widget\" data-e-type=\"widget\" data-widget_type=\"text-editor.default\">\n\t\t\t\t\t\t\t\t\t<p>\u00a0\u00a0\u00a0\u00a0\u00a0\u00a0\u00a0 Indiferent dac\u0103 v\u0103 confrunta\u021bi cu dileme legate de carier\u0103, rela\u021bii sau luarea unor decizii importante, consultan\u021ba <strong>I Ching v\u0103 va ajuta s\u0103 ob\u021bine\u021bi claritate \u0219i \u00eencredere<\/strong> \u00een propriile voastre alegeri. <strong>Cu ajutorul acestui instrument ancestral, ve\u021bi putea naviga cu mai mult\u0103 u\u0219urin\u021b\u0103 prin provoc\u0103rile vie\u021bii \u0219i ve\u021bi descoperi noi perspective \u0219i solu\u021bii.<\/strong><\/p>\t\t\t\t\t\t\t\t<\/div>\n\t\t\t\t\t<\/div>\n\t\t<\/div>\n\t\t\t\t\t<\/div>\n\t\t<\/section>\n\t\t\t\t<\/div>","protected":false},"excerpt":{"rendered":"<p><strong>Descoperi\u021bi puterea \u0219i \u00een\u021belepciunea milenar\u0103 a consultan\u021bei I Ching<\/strong>, un instrument fascinant \u0219i eficient pentru a adresa \u00eentreb\u0103ri \u0219i a ob\u021bine r\u0103spunsuri. Fie c\u0103 v\u0103 confrunta\u021bi cu decizii importante \u00een via\u021ba personal\u0103 sau profesional\u0103, <strong>I Ching v\u0103 ofer\u0103 ghidajul necesar pentru a lua cele mai bune decizii.<\/strong><\/p>\n<p>\u00cencredin\u021ba\u021bi-v\u0103 consultan\u021bei I Ching \u0219i <strong>descoperi\u021bi puterea de a lua decizii \u00een\u021belepte \u0219i bine fundamentate.<\/strong> <strong>Contacta\u021bi-m\u0103 ast\u0103zi pentru a programa o sesiune personalizat\u0103 \u0219i \u00eencepe\u021bi c\u0103l\u0103toria voastr\u0103 spre o via\u021b\u0103 mai con\u0219tient\u0103 \u0219i \u00eemplinit\u0103!<\/strong><\/p>","protected":false},"featured_media":8226,"comment_status":"closed","ping_status":"closed","template":"","meta":{"inline_featured_image":false},"product_brand":[],"product_cat":[145],"product_tag":[],"class_list":{"0":"post-8595","1":"product","2":"type-product","3":"status-publish","4":"has-post-thumbnail","6":"product_cat-servicii","8":"first","9":"instock","10":"virtual","11":"sold-individually","12":"purchasable","13":"product-type-simple"},"_links":{"self":[{"href":"https:\/\/fengshuidivine.com\/en\/wp-json\/wp\/v2\/product\/8595","targetHints":{"allow":["GET"]}}],"collection":[{"href":"https:\/\/fengshuidivine.com\/en\/wp-json\/wp\/v2\/product"}],"about":[{"href":"https:\/\/fengshuidivine.com\/en\/wp-json\/wp\/v2\/types\/product"}],"replies":[{"embeddable":true,"href":"https:\/\/fengshuidivine.com\/en\/wp-json\/wp\/v2\/comments?post=8595"}],"version-history":[{"count":8,"href":"https:\/\/fengshuidivine.com\/en\/wp-json\/wp\/v2\/product\/8595\/revisions"}],"predecessor-version":[{"id":10074,"href":"https:\/\/fengshuidivine.com\/en\/wp-json\/wp\/v2\/product\/8595\/revisions\/10074"}],"wp:featuredmedia":[{"embeddable":true,"href":"https:\/\/fengshuidivine.com\/en\/wp-json\/wp\/v2\/media\/8226"}],"wp:attachment":[{"href":"https:\/\/fengshuidivine.com\/en\/wp-json\/wp\/v2\/media?parent=8595"}],"wp:term":[{"taxonomy":"product_brand","embeddable":true,"href":"https:\/\/fengshuidivine.com\/en\/wp-json\/wp\/v2\/product_brand?post=8595"},{"taxonomy":"product_cat","embeddable":true,"href":"https:\/\/fengshuidivine.com\/en\/wp-json\/wp\/v2\/product_cat?post=8595"},{"taxonomy":"product_tag","embeddable":true,"href":"https:\/\/fengshuidivine.com\/en\/wp-json\/wp\/v2\/product_tag?post=8595"}],"curies":[{"name":"wp","href":"https:\/\/api.w.org\/{rel}","templated":true}]}}