{"id":8589,"date":"2023-05-04T17:00:14","date_gmt":"2023-05-04T14:00:14","guid":{"rendered":"https:\/\/fengshuidivine.com\/?post_type=product&#038;p=8589"},"modified":"2026-01-21T10:45:28","modified_gmt":"2026-01-21T08:45:28","slug":"previziuni-pentru-anul-2023-conform-datei-de-nastere","status":"publish","type":"product","link":"https:\/\/fengshuidivine.com\/en\/product\/previziuni-pentru-anul-2023-conform-datei-de-nastere\/","title":{"rendered":"Previziuni pentru anul 2026, conform datei de na\u0219tere"},"content":{"rendered":"<div data-elementor-type=\"wp-post\" data-elementor-id=\"8589\" class=\"elementor elementor-8589\">\n\t\t\t\t<div class=\"elementor-element elementor-element-7657846 e-flex e-con-boxed default-style e-con e-parent\" data-id=\"7657846\" data-element_type=\"container\" data-e-type=\"container\" data-settings=\"{&quot;rt_color_sets&quot;:&quot;default-style&quot;}\">\n\t\t\t\t\t<div class=\"e-con-inner\">\n\t\t\t\t<div class=\"elementor-element elementor-element-8d5595c elementor-widget elementor-widget-heading\" data-id=\"8d5595c\" data-element_type=\"widget\" data-e-type=\"widget\" data-widget_type=\"heading.default\">\n\t\t\t\t\t<h2 class=\"elementor-heading-title elementor-size-default\">Fie c\u0103 dori\u021bi s\u0103 v\u0103 preg\u0103ti\u021bi pentru evenimente importante sau s\u0103 lua\u021bi decizii \u00een\u021belepte, o consultan\u021b\u0103  astrologic\u0103 v\u0103 va ghida pe drumul cel bun. \n\nAlege\u021bi s\u0103 fi\u021bi preg\u0103tit pentru anul 2024! <\/h2>\t\t\t\t<\/div>\n\t\t\t\t\t<\/div>\n\t\t\t\t<\/div>\n\t\t\t\t<\/div>","protected":false},"excerpt":{"rendered":"<p style=\"text-align: justify;\"><strong>Astrograma personalizat\u0103 pentru anul 2024<\/strong> v\u0103 ofer\u0103 o imagine detaliat\u0103 a tr\u0103s\u0103turilor \u0219i tendin\u021belor astrologice specifice zodiacului dumneavoastr\u0103 chinezesc. Ve\u021bi descoperi cum v\u0103 pot influen\u021ba aceste energii pozitive sau negative via\u021ba \u00een anu 2024 \u0219i ve\u021bi primi sfaturi practice pentru a profita la maximum de oportunit\u0103\u021bile care se vor ivi.<\/p>\n<p style=\"text-align: justify;\"><strong>Comanda\u021bi acum o astrogram\u0103 pentru anul 2024 \u0219i beneficia\u021bi de o consultan\u021ba prietenoas\u0103 \u0219i profesionist\u0103.<\/strong><\/p>","protected":false},"featured_media":11815,"comment_status":"closed","ping_status":"closed","template":"","meta":{"inline_featured_image":false},"product_brand":[],"product_cat":[145],"product_tag":[],"class_list":{"0":"post-8589","1":"product","2":"type-product","3":"status-publish","4":"has-post-thumbnail","6":"product_cat-servicii","8":"first","9":"instock","10":"virtual","11":"sold-individually","12":"purchasable","13":"product-type-simple"},"_links":{"self":[{"href":"https:\/\/fengshuidivine.com\/en\/wp-json\/wp\/v2\/product\/8589","targetHints":{"allow":["GET"]}}],"collection":[{"href":"https:\/\/fengshuidivine.com\/en\/wp-json\/wp\/v2\/product"}],"about":[{"href":"https:\/\/fengshuidivine.com\/en\/wp-json\/wp\/v2\/types\/product"}],"replies":[{"embeddable":true,"href":"https:\/\/fengshuidivine.com\/en\/wp-json\/wp\/v2\/comments?post=8589"}],"version-history":[{"count":24,"href":"https:\/\/fengshuidivine.com\/en\/wp-json\/wp\/v2\/product\/8589\/revisions"}],"predecessor-version":[{"id":11976,"href":"https:\/\/fengshuidivine.com\/en\/wp-json\/wp\/v2\/product\/8589\/revisions\/11976"}],"wp:featuredmedia":[{"embeddable":true,"href":"https:\/\/fengshuidivine.com\/en\/wp-json\/wp\/v2\/media\/11815"}],"wp:attachment":[{"href":"https:\/\/fengshuidivine.com\/en\/wp-json\/wp\/v2\/media?parent=8589"}],"wp:term":[{"taxonomy":"product_brand","embeddable":true,"href":"https:\/\/fengshuidivine.com\/en\/wp-json\/wp\/v2\/product_brand?post=8589"},{"taxonomy":"product_cat","embeddable":true,"href":"https:\/\/fengshuidivine.com\/en\/wp-json\/wp\/v2\/product_cat?post=8589"},{"taxonomy":"product_tag","embeddable":true,"href":"https:\/\/fengshuidivine.com\/en\/wp-json\/wp\/v2\/product_tag?post=8589"}],"curies":[{"name":"wp","href":"https:\/\/api.w.org\/{rel}","templated":true}]}}