{"id":8584,"date":"2023-05-04T16:53:17","date_gmt":"2023-05-04T13:53:17","guid":{"rendered":"https:\/\/fengshuidivine.com\/?post_type=product&#038;p=8584"},"modified":"2024-02-13T21:56:23","modified_gmt":"2024-02-13T19:56:23","slug":"alegerea-unei-date-de-bun-augur-pentru-nasterea-unui-copil","status":"publish","type":"product","link":"https:\/\/fengshuidivine.com\/en\/product\/alegerea-unei-date-de-bun-augur-pentru-nasterea-unui-copil\/","title":{"rendered":"Alegerea unei date de bun augur pentru na\u0219terea unui copil"},"content":{"rendered":"<div data-elementor-type=\"wp-post\" data-elementor-id=\"8584\" class=\"elementor elementor-8584\">\n\t\t\t\t<div class=\"elementor-element elementor-element-675afcd e-flex e-con-boxed default-style e-con e-parent\" data-id=\"675afcd\" data-element_type=\"container\" data-e-type=\"container\" data-settings=\"{&quot;rt_color_sets&quot;:&quot;default-style&quot;}\">\n\t\t\t\t\t<div class=\"e-con-inner\">\n\t\t\t\t<div class=\"elementor-element elementor-element-7a41717 elementor-widget elementor-widget-text-editor\" data-id=\"7a41717\" data-element_type=\"widget\" data-e-type=\"widget\" data-widget_type=\"text-editor.default\">\n\t\t\t\t\t\t\t\t\t<p>\u00a0\u00a0\u00a0\u00a0\u00a0\u00a0\u00a0 Potrivit tradi\u021biei chineze, <strong>data na\u0219terii unui copil poate influen\u021ba destinul \u0219i caracteristicile sale. <\/strong>Pentru a alege o dat\u0103 de bun augur conform astrologiei chineze, trebuie s\u0103 \u021binem cont de zodiacul chinezesc \u0219i de elementele sale asociate: <strong>lemn, foc, p\u0103m\u00e2nt, metal \u0219i ap\u0103.<\/strong> <strong>Fiecare an are un anumit element, iar combinarea acestuia cu animalul zodiacal poate aduce noroc \u0219i prosperitate.<\/strong><\/p><p>\u00a0\u00a0\u00a0\u00a0\u00a0\u00a0\u00a0 Indiferent de data pe care o ve\u021bi alege, important este s\u0103 v\u0103 bucura\u021bi de aceast\u0103 perioad\u0103 special\u0103 \u0219i s\u0103 fi\u021bi preg\u0103tit s\u0103 \u00eent\u00e2mpina\u021bi cu dragoste \u0219i c\u0103ldur\u0103 noua adi\u021bie \u00een familie. Fie ca aceast\u0103 na\u0219tere s\u0103 aduc\u0103 numai bucurie \u0219i noroc \u00een via\u021ba voastr\u0103!<\/p><p>\u00a0\u00a0\u00a0\u00a0\u00a0\u00a0\u00a0 A\u0219adar, lasa\u021bi astrologia chinez\u0103 s\u0103 v\u0103 ghideze \u00een alegerea unei date de bun augur pentru na\u0219terea copilului \u0219i fi\u021bi sigur c\u0103 ve\u021bi crea un \u00eenceput minunat pentru micu\u021bul dvs.<\/p>\t\t\t\t\t\t\t\t<\/div>\n\t\t\t\t\t<\/div>\n\t\t\t\t<\/div>\n\t\t\t\t<\/div>","protected":false},"excerpt":{"rendered":"<p>\u00cen func\u021bie de preferin\u021bele dvs \u0219i de tradi\u021biile familiei dvs, pute\u021bi alege o dat\u0103 care s\u0103 fie \u00een armonie cu zodiacul chinezesc \u0219i s\u0103 aduc\u0103 bun\u0103stare \u0219i fericire copilului dvs. Consulta\u021bi un specialist \u00een astrologie chinez\u0103 pentru a primi sfaturi personalizate \u0219i pentru a g\u0103si cea mai potrivit\u0103 dat\u0103 pentru na\u0219terea copilului dvs.<\/p>","protected":false},"featured_media":8217,"comment_status":"closed","ping_status":"closed","template":"","meta":{"inline_featured_image":false},"product_brand":[],"product_cat":[145],"product_tag":[],"class_list":{"0":"post-8584","1":"product","2":"type-product","3":"status-publish","4":"has-post-thumbnail","6":"product_cat-servicii","8":"first","9":"instock","10":"virtual","11":"sold-individually","12":"purchasable","13":"product-type-simple"},"_links":{"self":[{"href":"https:\/\/fengshuidivine.com\/en\/wp-json\/wp\/v2\/product\/8584","targetHints":{"allow":["GET"]}}],"collection":[{"href":"https:\/\/fengshuidivine.com\/en\/wp-json\/wp\/v2\/product"}],"about":[{"href":"https:\/\/fengshuidivine.com\/en\/wp-json\/wp\/v2\/types\/product"}],"replies":[{"embeddable":true,"href":"https:\/\/fengshuidivine.com\/en\/wp-json\/wp\/v2\/comments?post=8584"}],"version-history":[{"count":9,"href":"https:\/\/fengshuidivine.com\/en\/wp-json\/wp\/v2\/product\/8584\/revisions"}],"predecessor-version":[{"id":9967,"href":"https:\/\/fengshuidivine.com\/en\/wp-json\/wp\/v2\/product\/8584\/revisions\/9967"}],"wp:featuredmedia":[{"embeddable":true,"href":"https:\/\/fengshuidivine.com\/en\/wp-json\/wp\/v2\/media\/8217"}],"wp:attachment":[{"href":"https:\/\/fengshuidivine.com\/en\/wp-json\/wp\/v2\/media?parent=8584"}],"wp:term":[{"taxonomy":"product_brand","embeddable":true,"href":"https:\/\/fengshuidivine.com\/en\/wp-json\/wp\/v2\/product_brand?post=8584"},{"taxonomy":"product_cat","embeddable":true,"href":"https:\/\/fengshuidivine.com\/en\/wp-json\/wp\/v2\/product_cat?post=8584"},{"taxonomy":"product_tag","embeddable":true,"href":"https:\/\/fengshuidivine.com\/en\/wp-json\/wp\/v2\/product_tag?post=8584"}],"curies":[{"name":"wp","href":"https:\/\/api.w.org\/{rel}","templated":true}]}}