{"id":8579,"date":"2023-05-04T16:36:55","date_gmt":"2023-05-04T13:36:55","guid":{"rendered":"https:\/\/fengshuidivine.com\/?post_type=product&#038;p=8579"},"modified":"2026-01-21T10:50:31","modified_gmt":"2026-01-21T08:50:31","slug":"alegerea-unei-date-de-bun-augur-pentru-casatorie","status":"publish","type":"product","link":"https:\/\/fengshuidivine.com\/en\/product\/alegerea-unei-date-de-bun-augur-pentru-casatorie\/","title":{"rendered":"Alegerea unei date de bun augur pentru c\u0103s\u0103torie"},"content":{"rendered":"<div data-elementor-type=\"wp-post\" data-elementor-id=\"8579\" class=\"elementor elementor-8579\">\n\t\t\t\t<div class=\"elementor-element elementor-element-a21a203 e-flex e-con-boxed default-style e-con e-parent\" data-id=\"a21a203\" data-element_type=\"container\" data-e-type=\"container\" data-settings=\"{&quot;rt_color_sets&quot;:&quot;default-style&quot;}\">\n\t\t\t\t\t<div class=\"e-con-inner\">\n\t\t\t\t<div class=\"elementor-element elementor-element-c1e219e elementor-widget elementor-widget-text-editor\" data-id=\"c1e219e\" data-element_type=\"widget\" data-e-type=\"widget\" data-widget_type=\"text-editor.default\">\n\t\t\t\t\t\t\t\t\t<p>\u00a0\u00a0\u00a0\u00a0\u00a0\u00a0\u00a0 Conform tradi\u021biei chineze, <strong>alegerea unei date favorabile poate aduce noroc \u0219i armonie \u00een via\u021ba ta de cuplu. <\/strong>Dac\u0103 te-ai n\u0103scut sub semnul Dragonului, de exemplu, vei dori s\u0103 alegi o dat\u0103 care s\u0103 se potriveasc\u0103 cu energia ta puternic\u0103 \u0219i pasional\u0103. \u00cen schimb, dac\u0103 partenerul t\u0103u este sub semnul Maimu\u021bei, ar fi bine s\u0103 alege\u021bi o dat\u0103 care s\u0103 \u00eencurajeze comunicarea \u0219i adaptabilitatea.<\/p><p>\u00a0\u00a0\u00a0\u00a0\u00a0\u00a0\u00a0\u00a0 A\u0219adar, p<strong>reg\u0103ti\u021bi-v\u0103 pentru o c\u0103l\u0103torie captivant\u0103 \u00een lumea astrologiei chineze \u0219i \u00eencepe\u021bi c\u0103utarea datei de bun augur pentru c\u0103s\u0103torie!<\/strong><\/p>\t\t\t\t\t\t\t\t<\/div>\n\t\t\t\t\t<\/div>\n\t\t\t\t<\/div>\n\t\t\t\t<\/div>","protected":false},"excerpt":{"rendered":"<p style=\"text-align: justify;\">Astrologia chinez\u0103 se bazeaz\u0103 pe ciclurile anuale ale zodiacului chinezesc, care este alc\u0103tuit din 12 animale simbolice. Fiecare animal reprezint\u0103 un an, iar caracteristicile sale influen\u021beaz\u0103 destinul \u0219i personalitatea persoanelor n\u0103scute \u00een acel an. Pentru a g\u0103si o dat\u0103 de bun augur pentru c\u0103s\u0103torie, trebuie s\u0103 avem \u00een vedere at\u00e2t anul na\u0219terii voastre, c\u00e2t \u0219i al partenerului vostru.<\/p>","protected":false},"featured_media":8204,"comment_status":"closed","ping_status":"closed","template":"","meta":{"inline_featured_image":false},"product_brand":[],"product_cat":[145],"product_tag":[],"class_list":{"0":"post-8579","1":"product","2":"type-product","3":"status-publish","4":"has-post-thumbnail","6":"product_cat-servicii","8":"first","9":"instock","10":"virtual","11":"sold-individually","12":"purchasable","13":"product-type-simple"},"_links":{"self":[{"href":"https:\/\/fengshuidivine.com\/en\/wp-json\/wp\/v2\/product\/8579","targetHints":{"allow":["GET"]}}],"collection":[{"href":"https:\/\/fengshuidivine.com\/en\/wp-json\/wp\/v2\/product"}],"about":[{"href":"https:\/\/fengshuidivine.com\/en\/wp-json\/wp\/v2\/types\/product"}],"replies":[{"embeddable":true,"href":"https:\/\/fengshuidivine.com\/en\/wp-json\/wp\/v2\/comments?post=8579"}],"version-history":[{"count":6,"href":"https:\/\/fengshuidivine.com\/en\/wp-json\/wp\/v2\/product\/8579\/revisions"}],"predecessor-version":[{"id":9986,"href":"https:\/\/fengshuidivine.com\/en\/wp-json\/wp\/v2\/product\/8579\/revisions\/9986"}],"wp:featuredmedia":[{"embeddable":true,"href":"https:\/\/fengshuidivine.com\/en\/wp-json\/wp\/v2\/media\/8204"}],"wp:attachment":[{"href":"https:\/\/fengshuidivine.com\/en\/wp-json\/wp\/v2\/media?parent=8579"}],"wp:term":[{"taxonomy":"product_brand","embeddable":true,"href":"https:\/\/fengshuidivine.com\/en\/wp-json\/wp\/v2\/product_brand?post=8579"},{"taxonomy":"product_cat","embeddable":true,"href":"https:\/\/fengshuidivine.com\/en\/wp-json\/wp\/v2\/product_cat?post=8579"},{"taxonomy":"product_tag","embeddable":true,"href":"https:\/\/fengshuidivine.com\/en\/wp-json\/wp\/v2\/product_tag?post=8579"}],"curies":[{"name":"wp","href":"https:\/\/api.w.org\/{rel}","templated":true}]}}