{"id":8574,"date":"2023-05-04T16:24:26","date_gmt":"2023-05-04T13:24:26","guid":{"rendered":"https:\/\/fengshuidivine.com\/?post_type=product&#038;p=8574"},"modified":"2026-01-21T10:51:36","modified_gmt":"2026-01-21T08:51:36","slug":"compatibilitatea-unui-cuplu-sau-cu-o-anumita-persoana","status":"publish","type":"product","link":"https:\/\/fengshuidivine.com\/en\/product\/compatibilitatea-unui-cuplu-sau-cu-o-anumita-persoana\/","title":{"rendered":"Compatibilitatea unui cuplu sau cu o anumit\u0103 persoan\u0103"},"content":{"rendered":"<div data-elementor-type=\"wp-post\" data-elementor-id=\"8574\" class=\"elementor elementor-8574\">\n\t\t\t\t<div class=\"elementor-element elementor-element-fa9f06b e-flex e-con-boxed default-style e-con e-parent\" data-id=\"fa9f06b\" data-element_type=\"container\" data-e-type=\"container\" data-settings=\"{&quot;rt_color_sets&quot;:&quot;default-style&quot;}\">\n\t\t\t\t\t<div class=\"e-con-inner\">\n\t\t\t\t<div class=\"elementor-element elementor-element-1a816f9 elementor-widget elementor-widget-text-editor\" data-id=\"1a816f9\" data-element_type=\"widget\" data-e-type=\"widget\" data-widget_type=\"text-editor.default\">\n\t\t\t\t\t\t\t\t\t<div class=\"woocommerce-product-details__short-description\"><p>\u00a0\u00a0\u00a0\u00a0\u00a0\u00a0\u00a0\u00a0 Dac\u0103 sunte\u021bi curios s\u0103 afla\u021bi c\u00e2t de compatibil sunte\u021bi cu partenerul dvs sau cu o anumit\u0103 persoan\u0103, consultarea astrologic\u0103 poate oferi r\u0103spunsuri interesante. Astrologia chinez\u0103 este un sistem complex \u0219i \u00een\u021belept, care se bazeaz\u0103 pe ciclurile anului lunar \u0219i pe zodiacul chinezesc, alc\u0103tuit din 12 animale simbolice.<\/p><p>\u00a0\u00a0\u00a0\u00a0\u00a0\u00a0\u00a0\u00a0 Fiecare animal reprezint\u0103 un anumit an \u0219i are tr\u0103s\u0103turi specifice, iar compatibilitatea \u00eentre dou\u0103 persoane se poate determina prin analizarea combina\u021biilor dintre aceste animale. Acest lucru poate oferi indicii despre poten\u021bialul unei rela\u021bii \u0219i despre felul \u00een care aceasta poate evolua.<\/p><p>\u00a0\u00a0\u00a0\u00a0\u00a0\u00a0\u00a0\u00a0 <strong>De exemplu, dac\u0103 e\u0219ti sobru \u0219i ra\u021bional ca un \u0219obolan, s-ar putea s\u0103 te potrive\u0219ti de minune cu un bivol,<\/strong> care este cunoscut pentru stabilitatea \u0219i loialitatea sa. <strong>Dac\u0103 e\u0219ti energic \u0219i aventuros ca un tigru, s-ar putea s\u0103 ai o chimie puternic\u0103 cu un cal,<\/strong> care \u00eemp\u0103rt\u0103\u0219e\u0219te pasiunea ta pentru libertate \u0219i aventur\u0103.<\/p><p>\u00a0\u00a0\u00a0\u00a0\u00a0\u00a0\u00a0\u00a0 \u00cen concluzie, astrologia chinez\u0103 poate fi un ghid interesant \u0219i distractiv \u00een determinarea compatibilit\u0103\u021bii unui cuplu sau cu o anumit\u0103 persoan\u0103. Cu toate c\u0103 nu exist\u0103 reguli stricte, este \u00eentotdeauna fascinant s\u0103 descoperim cum se potrivesc tr\u0103s\u0103turile noastre cu cele ale celorlal\u021bi. <strong>A\u0219adar, lua\u021bi \u00een considerare s\u0103 consulta\u021bi astrologia chinez\u0103 pentru a ob\u021bine o perspectiv\u0103 nou\u0103 \u0219i captivant\u0103 asupra rela\u021biilor tale!<\/strong><\/p><\/div>\t\t\t\t\t\t\t\t<\/div>\n\t\t\t\t\t<\/div>\n\t\t\t\t<\/div>\n\t\t\t\t<\/div>","protected":false},"excerpt":{"rendered":"<p style=\"text-align: justify;\">Astrologia chinez\u0103 nu ofer\u0103 doar informa\u021bii despre compatibilitatea romantic\u0103, ci poate fi aplicat\u0103 \u0219i \u00een alte aspecte ale vie\u021bii, cum ar fi rela\u021biile de afaceri sau prietenia. Cunoa\u0219terea semnelor zodiacale chineze\u0219ti poate ajuta la \u00een\u021belegerea mai profund\u0103 a personalit\u0103\u021bii \u0219i a modului \u00een care ne raport\u0103m la ceilal\u021bi. Este important s\u0103 men\u021bionez c\u0103 astrologia chinez\u0103 ofer\u0103 doar o perspectiv\u0103 suplimentar\u0103 \u0219i nu ar trebui s\u0103 fie singurul factor luat \u00een considerare \u00een luarea deciziilor. Fiecare persoan\u0103 este unic\u0103 \u0219i rela\u021biile sunt influen\u021bate de o multitudine de factori. Cu toate acestea, <strong>consultarea astrologic\u0103 poate fi un instrument util \u00een explorarea compatibilit\u0103\u021bii \u0219i \u00een \u00een\u021belegerea mai profund\u0103 a rela\u021biilor noastre.<\/strong><\/p>","protected":false},"featured_media":8208,"comment_status":"closed","ping_status":"closed","template":"","meta":{"inline_featured_image":false},"product_brand":[],"product_cat":[145],"product_tag":[],"class_list":{"0":"post-8574","1":"product","2":"type-product","3":"status-publish","4":"has-post-thumbnail","6":"product_cat-servicii","8":"first","9":"instock","10":"virtual","11":"sold-individually","12":"purchasable","13":"product-type-simple"},"_links":{"self":[{"href":"https:\/\/fengshuidivine.com\/en\/wp-json\/wp\/v2\/product\/8574","targetHints":{"allow":["GET"]}}],"collection":[{"href":"https:\/\/fengshuidivine.com\/en\/wp-json\/wp\/v2\/product"}],"about":[{"href":"https:\/\/fengshuidivine.com\/en\/wp-json\/wp\/v2\/types\/product"}],"replies":[{"embeddable":true,"href":"https:\/\/fengshuidivine.com\/en\/wp-json\/wp\/v2\/comments?post=8574"}],"version-history":[{"count":11,"href":"https:\/\/fengshuidivine.com\/en\/wp-json\/wp\/v2\/product\/8574\/revisions"}],"predecessor-version":[{"id":9984,"href":"https:\/\/fengshuidivine.com\/en\/wp-json\/wp\/v2\/product\/8574\/revisions\/9984"}],"wp:featuredmedia":[{"embeddable":true,"href":"https:\/\/fengshuidivine.com\/en\/wp-json\/wp\/v2\/media\/8208"}],"wp:attachment":[{"href":"https:\/\/fengshuidivine.com\/en\/wp-json\/wp\/v2\/media?parent=8574"}],"wp:term":[{"taxonomy":"product_brand","embeddable":true,"href":"https:\/\/fengshuidivine.com\/en\/wp-json\/wp\/v2\/product_brand?post=8574"},{"taxonomy":"product_cat","embeddable":true,"href":"https:\/\/fengshuidivine.com\/en\/wp-json\/wp\/v2\/product_cat?post=8574"},{"taxonomy":"product_tag","embeddable":true,"href":"https:\/\/fengshuidivine.com\/en\/wp-json\/wp\/v2\/product_tag?post=8574"}],"curies":[{"name":"wp","href":"https:\/\/api.w.org\/{rel}","templated":true}]}}