{"id":8559,"date":"2023-05-04T15:53:06","date_gmt":"2023-05-04T12:53:06","guid":{"rendered":"https:\/\/fengshuidivine.com\/?post_type=product&#038;p=8559"},"modified":"2024-02-13T21:50:13","modified_gmt":"2024-02-13T19:50:13","slug":"compatibilitatea-cu-un-partener-de-afacere-colaborator-sau-angajatii-firmei-dvs","status":"publish","type":"product","link":"https:\/\/fengshuidivine.com\/en\/product\/compatibilitatea-cu-un-partener-de-afacere-colaborator-sau-angajatii-firmei-dvs\/","title":{"rendered":"Compatibilitatea cu un partener de afacere, colaborator sau angaja\u021bii firmei dvs."},"content":{"rendered":"<div data-elementor-type=\"wp-post\" data-elementor-id=\"8559\" class=\"elementor elementor-8559\">\n\t\t\t\t\t\t<section class=\"elementor-section elementor-top-section elementor-element elementor-element-4edbd1b9 elementor-section-boxed elementor-section-height-default elementor-section-height-default default-style\" data-id=\"4edbd1b9\" data-element_type=\"section\" data-e-type=\"section\" data-settings=\"{&quot;rt_color_sets&quot;:&quot;default-style&quot;}\">\n\t\t\t\t\t\t<div class=\"elementor-container elementor-column-gap-default\">\n\t\t\t\t\t<div class=\"elementor-column elementor-col-100 elementor-top-column elementor-element elementor-element-5effbf12\" data-id=\"5effbf12\" data-element_type=\"column\" data-e-type=\"column\">\n\t\t\t<div class=\"elementor-widget-wrap elementor-element-populated\">\n\t\t\t\t\t\t<div class=\"elementor-element elementor-element-4f5f9ed elementor-widget elementor-widget-text-editor\" data-id=\"4f5f9ed\" data-element_type=\"widget\" data-e-type=\"widget\" data-widget_type=\"text-editor.default\">\n\t\t\t\t\t\t\t\t\t<p>\u00a0 \u00a0 \u00a0 \u00a0 \u00a0Analiza destinului pentru fiecare angajat dintr-o companie este o solu\u021bie inovatoare care v\u0103 ofer\u0103 posibilitatea de a descoperi cariera potrivit\u0103 pentru fiecare angajat, de a evalua compatibilitatea cu job-ul \u0219i de a \u00een\u021belege personalitatea acestora. Cu ajutorul acestei analize, pute\u021bi ob\u021bine informa\u021bii valoroase despre angaja\u021bii dvs, care v\u0103 pot ajuta s\u0103 lua\u021bi decizii mai bune \u00een ceea ce prive\u0219te dezvoltarea \u0219i gestionarea resurselor umane.<\/p><p>\u00a0\u00a0\u00a0\u00a0\u00a0\u00a0<strong>\u00a0 Indiferent dac\u0103 sunte\u021bi un antreprenor, un manager sau un specialist \u00een resurse umane, analiza destinului pentru fiecare angajat dintr-o companie este un instrument valoros care v\u0103 poate ghida \u00een procesul de luare a deciziilor strategice.<\/strong> Cu ajutorul acestei analize, pute\u021bi crea un mediu de lucru armonios, \u00een care fiecare angajat se simte valorizat \u0219i motivat s\u0103-\u0219i dezvolte poten\u021bialul maxim.<\/p><p><strong>\u00a0\u00a0\u00a0\u00a0\u00a0\u00a0 <\/strong><span style=\"color: #b00c2d;\"><strong>Cost: 500 RON \/ pentru fiecare angajat<\/strong><\/span><\/p>\t\t\t\t\t\t\t\t<\/div>\n\t\t\t\t\t<\/div>\n\t\t<\/div>\n\t\t\t\t\t<\/div>\n\t\t<\/section>\n\t\t<div class=\"elementor-element elementor-element-480ab26 e-flex e-con-boxed default-style e-con e-parent\" data-id=\"480ab26\" data-element_type=\"container\" data-e-type=\"container\" data-settings=\"{&quot;rt_color_sets&quot;:&quot;default-style&quot;}\">\n\t\t\t\t\t<div class=\"e-con-inner\">\n\t\t\t\t\t<\/div>\n\t\t\t\t<\/div>\n\t\t\t\t<\/div>","protected":false},"excerpt":{"rendered":"<p>Aceast\u0103 analiz\u0103 nu doar c\u0103 v\u0103 ajut\u0103 s\u0103 g\u0103si\u021bi locul potrivit pentru fiecare angajat \u00een cadrul companiei dvs, ci \u0219i s\u0103 v\u0103 optimiza\u021bi procesele de recrutare \u0219i selec\u021bie. Pute\u021bi identifica rapid candida\u021bii care se potrivesc cel mai bine cu cerin\u021bele postului \u0219i cu cultura organiza\u021bional\u0103, economisind astfel timp \u0219i resurse pre\u021bioase.<\/p>\n<p><strong>\u00a0\u00a0\u00a0\u00a0\u00a0\u00a0\u00a0\u00a0 Descoperi\u021bi puterea analizei destinului \u0219i transforma\u021bi-v\u0103 compania \u00eentr-un loc \u00een care fiecare angajat \u00ee\u0219i g\u0103se\u0219te scopul \u0219i \u00ee\u0219i atinge succesul profesional!<\/strong><\/p>","protected":false},"featured_media":8020,"comment_status":"closed","ping_status":"closed","template":"","meta":{"inline_featured_image":false},"product_brand":[],"product_cat":[145],"product_tag":[],"class_list":{"0":"post-8559","1":"product","2":"type-product","3":"status-publish","4":"has-post-thumbnail","6":"product_cat-servicii","8":"first","9":"instock","10":"virtual","11":"sold-individually","12":"purchasable","13":"product-type-simple"},"_links":{"self":[{"href":"https:\/\/fengshuidivine.com\/en\/wp-json\/wp\/v2\/product\/8559","targetHints":{"allow":["GET"]}}],"collection":[{"href":"https:\/\/fengshuidivine.com\/en\/wp-json\/wp\/v2\/product"}],"about":[{"href":"https:\/\/fengshuidivine.com\/en\/wp-json\/wp\/v2\/types\/product"}],"replies":[{"embeddable":true,"href":"https:\/\/fengshuidivine.com\/en\/wp-json\/wp\/v2\/comments?post=8559"}],"version-history":[{"count":28,"href":"https:\/\/fengshuidivine.com\/en\/wp-json\/wp\/v2\/product\/8559\/revisions"}],"predecessor-version":[{"id":10076,"href":"https:\/\/fengshuidivine.com\/en\/wp-json\/wp\/v2\/product\/8559\/revisions\/10076"}],"wp:featuredmedia":[{"embeddable":true,"href":"https:\/\/fengshuidivine.com\/en\/wp-json\/wp\/v2\/media\/8020"}],"wp:attachment":[{"href":"https:\/\/fengshuidivine.com\/en\/wp-json\/wp\/v2\/media?parent=8559"}],"wp:term":[{"taxonomy":"product_brand","embeddable":true,"href":"https:\/\/fengshuidivine.com\/en\/wp-json\/wp\/v2\/product_brand?post=8559"},{"taxonomy":"product_cat","embeddable":true,"href":"https:\/\/fengshuidivine.com\/en\/wp-json\/wp\/v2\/product_cat?post=8559"},{"taxonomy":"product_tag","embeddable":true,"href":"https:\/\/fengshuidivine.com\/en\/wp-json\/wp\/v2\/product_tag?post=8559"}],"curies":[{"name":"wp","href":"https:\/\/api.w.org\/{rel}","templated":true}]}}