{"id":8522,"date":"2023-04-28T17:20:57","date_gmt":"2023-04-28T14:20:57","guid":{"rendered":"https:\/\/fengshuidivine.com\/?post_type=product&#038;p=8522"},"modified":"2026-01-21T10:52:37","modified_gmt":"2026-01-21T08:52:37","slug":"consiliere-astrologica-chineza-personala","status":"publish","type":"product","link":"https:\/\/fengshuidivine.com\/en\/product\/consiliere-astrologica-chineza-personala\/","title":{"rendered":"Consiliere Astrologic\u0103 Chinez\u0103 personal\u0103"},"content":{"rendered":"<div data-elementor-type=\"wp-post\" data-elementor-id=\"8522\" class=\"elementor elementor-8522\">\n\t\t\t\t<div class=\"elementor-element elementor-element-188c885 e-flex e-con-boxed default-style e-con e-parent\" data-id=\"188c885\" data-element_type=\"container\" data-e-type=\"container\" data-settings=\"{&quot;rt_color_sets&quot;:&quot;default-style&quot;}\">\n\t\t\t\t\t<div class=\"e-con-inner\">\n\t\t\t\t<div class=\"elementor-element elementor-element-cf246b9 elementor-widget elementor-widget-heading\" data-id=\"cf246b9\" data-element_type=\"widget\" data-e-type=\"widget\" data-widget_type=\"heading.default\">\n\t\t\t\t\t<h2 class=\"elementor-heading-title elementor-size-default\">Ave\u021bi  nevoie de ghidajul unui astrolog experimentat pentru a \u00een\u021belege cum aceast\u0103 energie cosmic\u0103 poate influen\u021ba aspectele importante ale vie\u021bii voastre? Valentina V\u00een\u0103toru este aici s\u0103 v\u0103 ajute!\n\nCu o abordare prietenoas\u0103 \u0219i profesionist\u0103  specialista \u00een astrologie v\u0103 va oferi previziuni personalizate \u0219i sfaturi utile \u00een func\u021bie de zodia voastr\u0103 \u0219i de influen\u021bele din harta natal\u0103. Fie c\u0103 este vorba despre dragoste, carier\u0103, s\u0103n\u0103tate sau rela\u021bii interpersonale, Valentina este preg\u0103tit\u0103 s\u0103 v\u0103 c\u0103l\u0103uzeasc\u0103 \u00een aceast\u0103 c\u0103l\u0103torie cosmic\u0103.\n<\/h2>\t\t\t\t<\/div>\n\t\t\t\t\t<\/div>\n\t\t\t\t<\/div>\n\t\t\t\t<\/div>","protected":false},"excerpt":{"rendered":"<p>Fiecare dintre noi se \u00eentreab\u0103, la un moment dat, care este sensul vie\u021bii \u0219i ce ne rezerv\u0103 viitorul. Ei bine, acum ave\u021bi ocazia s\u0103 descoperi\u021bi mai multe despre voi \u0219i s\u0103 v\u0103 \u00een\u021belege\u021bi personalitatea prin intermediul analizei destinului. Nu mai sta\u021bi pe g\u00e2nduri! Descoperi\u021bi personalitatea voastr\u0103 prin intermediul analizei destinului \u0219i \u00eencepe\u021bi s\u0103 tr\u0103i\u021bi o via\u021b\u0103 mai autentic\u0103 \u0219i mai \u00eemplinit\u0103.<\/p>\n<p>Comanda\u021bi acum analiza destinului \u0219i fi\u021bi surprins de c\u00e2t de multe pute\u021bi afla despre voi \u00een\u0219iv\u0103!<\/p>","protected":false},"featured_media":8188,"comment_status":"closed","ping_status":"closed","template":"","meta":{"inline_featured_image":false},"product_brand":[],"product_cat":[145],"product_tag":[],"class_list":{"0":"post-8522","1":"product","2":"type-product","3":"status-publish","4":"has-post-thumbnail","6":"product_cat-servicii","8":"first","9":"instock","10":"sold-individually","11":"shipping-taxable","12":"purchasable","13":"product-type-simple"},"_links":{"self":[{"href":"https:\/\/fengshuidivine.com\/en\/wp-json\/wp\/v2\/product\/8522","targetHints":{"allow":["GET"]}}],"collection":[{"href":"https:\/\/fengshuidivine.com\/en\/wp-json\/wp\/v2\/product"}],"about":[{"href":"https:\/\/fengshuidivine.com\/en\/wp-json\/wp\/v2\/types\/product"}],"replies":[{"embeddable":true,"href":"https:\/\/fengshuidivine.com\/en\/wp-json\/wp\/v2\/comments?post=8522"}],"version-history":[{"count":18,"href":"https:\/\/fengshuidivine.com\/en\/wp-json\/wp\/v2\/product\/8522\/revisions"}],"predecessor-version":[{"id":9969,"href":"https:\/\/fengshuidivine.com\/en\/wp-json\/wp\/v2\/product\/8522\/revisions\/9969"}],"wp:featuredmedia":[{"embeddable":true,"href":"https:\/\/fengshuidivine.com\/en\/wp-json\/wp\/v2\/media\/8188"}],"wp:attachment":[{"href":"https:\/\/fengshuidivine.com\/en\/wp-json\/wp\/v2\/media?parent=8522"}],"wp:term":[{"taxonomy":"product_brand","embeddable":true,"href":"https:\/\/fengshuidivine.com\/en\/wp-json\/wp\/v2\/product_brand?post=8522"},{"taxonomy":"product_cat","embeddable":true,"href":"https:\/\/fengshuidivine.com\/en\/wp-json\/wp\/v2\/product_cat?post=8522"},{"taxonomy":"product_tag","embeddable":true,"href":"https:\/\/fengshuidivine.com\/en\/wp-json\/wp\/v2\/product_tag?post=8522"}],"curies":[{"name":"wp","href":"https:\/\/api.w.org\/{rel}","templated":true}]}}