{"id":12000,"date":"2026-01-21T11:23:38","date_gmt":"2026-01-21T09:23:38","guid":{"rendered":"https:\/\/fengshuidivine.com\/?post_type=product&#038;p=12000"},"modified":"2026-01-21T11:23:39","modified_gmt":"2026-01-21T09:23:39","slug":"consultanta-feng-shui-pentru-casa-si-apartament-2","status":"publish","type":"product","link":"https:\/\/fengshuidivine.com\/en\/product\/consultanta-feng-shui-pentru-casa-si-apartament-2\/","title":{"rendered":"Consultan\u021b\u0103 Feng Shui pentru cas\u0103 \u0219i apartament"},"content":{"rendered":"<p>O consultan\u021b\u0103 Feng Shui va cuprinde \u0219i designul de interior al <strong>spa\u021biului de locuit<\/strong>. Ve\u021bi primi recomand\u0103ri \u00een relocarea func\u021biunilor din spa\u021biu \u2013 cum ar fi un dormitor, o camer\u0103 de zi sau a unui birou.<\/p>\n<p>Este foarte important ca mobilierul s\u0103 fie a\u0219ezat \u00een locul recomandat.<\/p>\n<p>Aceast\u0103 aranjare se refer\u0103 la amplasarea camerelor membrilor familiei.<\/p>\n<p>O alt\u0103 importan\u021b\u0103 deosebit\u0103 o are selectarea culorilor corespunz\u0103toare fiec\u0103rei energii dintr-un spa\u021biu \u0219i alegerea obiectelor decorative potrivite fiec\u0103rei camere sau energii.<\/p>\n<p><strong>\u00a0\u00a0\u00a0\u00a0 Toate aceste detalii asigur\u0103 prosperitatea pe termen lung, s\u0103n\u0103tatea \u0219i armonia uman\u0103 pentru membrii familiei. <\/strong><\/p>\n<p>O analiz\u0103 complet\u0103 Feng Shui a unui apartament sau a unui birou presupune o inspec\u021bie \u00een detaliu. Aceasta este efectuat\u0103 de specialistul Feng Shui, la fa\u021ba locului. El asigur\u0103 o m\u0103surare corect\u0103 a dimensiunilor \u0219i direc\u021biilor locuin\u021bei sau biroului \u0219i analizeaz\u0103 cei 4 st\u00e2lpi ai destinului pentru locatari.<\/p>\n<p>A\u0219adar, o consulta\u021bie Feng Shui necesit\u0103 un studiu detaliat al mediului fizic, aspectului interior, dar \u0219i analiza datelor de na\u0219tere a persoanelor care tr\u0103iesc \u00een acel mediu.<\/p>\n<p><strong>\u00a0\u00a0\u00a0\u00a0 Un bun Specialist Feng Shui va efectua \u00eentotdeauna, pe l\u00e2ng\u0103 analiza locuin\u021bei \u0219i compatibilitatea persoanelor cu spa\u021biul respectiv, conform \u201cColoanelor\u00a0 Destinului\u201d. <\/strong><\/p>\n<p><strong>\u00a0\u00a0\u00a0 \u201cColoanele Destinului\u201d pot infirma sau confirma at\u00e2t persoanelor vizate, c\u00e2t \u0219i specialistului Feng Shui, corectitudinea acestei analizei. <\/strong><\/p>\n<p><strong><u>Pentru realizarea acestei consulta\u021bii sunt necesare:<\/u><\/strong><\/p>\n<ul>\n<li>Anul aproximativ al \u00eencheierii construc\u021biei cl\u0103dirii;<\/li>\n<li>Planul la scar\u0103 al apartamentului sau al cl\u0103dirii\/ terenului;<\/li>\n<li>M\u0103surarea de c\u0103tre Specialistul \u00een Feng Shui a orient\u0103rii fa\u021badei cl\u0103dirii.<\/li>\n<\/ul>\n<p><em><strong>\u00a0\u00a0\u00a0\u00a0 Analiza energiilor unei case dup\u0103 \u0218coala Stelelor Zbur\u0103toare, \u00een combina\u021bie cu alte \u0219coli cuprinde:<\/strong><\/em><\/p>\n<ul>\n<li>Diagnosticul energetic \u0219i poten\u021bial al unui spa\u021biu din punct de vedere feng shui (detectarea energiilor favorabile \u0219i nefavorabile);<\/li>\n<li>Diagnosticul energetic \u0219i poten\u021bial al unui spa\u021biu din punct de vedere Qi Men Dun Jia (detectarea energiilor favorabile \u0219i nefavorabile din punct de vedere Qi Men feng shui);<\/li>\n<li>Recomand\u0103ri pentru modific\u0103rile necesare (rearanjarea casei \u0219i a mobilierului);<\/li>\n<li>Combina\u021bii cu energiile anuale, recomand\u0103ri, remedii;<\/li>\n<li>Compatibilitatea spa\u021biului cu locatarii, conform datelor de na\u0219tere (adic\u0103 a \u201ccoloanelor destinului\u201d\/ pentru fiecare locatar din spa\u021biul respectiv).<\/li>\n<\/ul>\n<p><strong>\u00a0\u00a0 Durat\u0103 finalizare dosar:<\/strong> 7-14 zile \u00een func\u021bie de m\u0103rimea spa\u021biului \u0219i num\u0103rul de persoane.<\/p>\n<h3 data-start=\"844\" data-end=\"897\">\ud83d\udca0 Consultan\u021b\u0103 Feng Shui pentru locuin\u021be existente<\/h3>\n<p data-start=\"899\" data-end=\"1100\">Costul unei consulta\u021bii Feng Shui pentru spa\u021biile deja achizi\u021bionate \u0219i construite<br data-start=\"981\" data-end=\"984\" \/>(cas\u0103, apartament sau garsonier\u0103) este calculat <strong data-start=\"1032\" data-end=\"1052\">per metru p\u0103trat<\/strong>, \u00een func\u021bie de suprafa\u021ba total\u0103 a propriet\u0103\u021bii.<\/p>\n<h3 data-start=\"1102\" data-end=\"1124\"><span style=\"color: #993300;\">\ud83d\udcb0 Tarif standard:<\/span><\/h3>\n<p data-start=\"1125\" data-end=\"1140\"><span style=\"color: #993300;\"><strong data-start=\"1125\" data-end=\"1140\">\u00a0 \u00a0 \u00a0 \u00a0 \u00a0 \u00a054 Ron \/ m\u00b2<\/strong><\/span><\/p>\n<h3 data-start=\"1142\" data-end=\"1158\">\ud83d\udcd0 Condi\u021bii:<\/h3>\n<ul>\n<li><strong data-start=\"1161\" data-end=\"1196\">Valoarea minim\u0103 a consultan\u021bei:<\/strong> echivalentul a <strong data-start=\"1212\" data-end=\"1221\">50 m\u00b2 (2700 Ron).<\/strong><\/li>\n<li>Pentru garsonierele \u0219i locuin\u021bele cu suprafa\u021ba mai mic\u0103 de 50 m\u00b2 se aplic\u0103 tariful minim, beneficiind de consultan\u021b\u0103 complet\u0103 (2700 Ron).<\/li>\n<li>Consultan\u021ba include analiz\u0103 Feng Shui detaliat\u0103 \u0219i recomand\u0103ri personalizate pentru armonizarea spa\u021biului.<\/li>\n<li>Pentru propriet\u0103\u021bile cu suprafa\u021ba de peste 400 m\u00b2, tariful se stabile\u0219te prin ofert\u0103 personalizat\u0103, \u00een urma unei discu\u021bii preliminare.<\/li>\n<\/ul>\n<p><strong><em>\u00a0 \u00a0Pentru provincie sau str\u0103in\u0103tate se adaug\u0103 cheltuielile de deplasare<\/em>.<\/strong><\/p>\n<p>Pentru a primi o oferta personalizat\u0103 v\u0103 rog s\u0103 m\u0103 contacta\u021bi pe adresa de e-mail: <strong><u><a href=\"mailto:valentina@fengshuidivine.com\">valentina@fengshuidivine.com<\/a><\/u><\/strong>.<\/p>\n<p><strong>\u00a0\u00a0 \u00cemi rezerv dreptul de a-mi selecta clien\u021bii!<\/strong><\/p>","protected":false},"excerpt":{"rendered":"<p>O consultan\u021b\u0103 Feng Shui va cuprinde \u0219i designul de interior al spa\u021biului de locuit. Ve\u021bi primi recomand\u0103ri \u00een relocarea func\u021biunilor [&hellip;]<\/p>\n","protected":false},"featured_media":8981,"comment_status":"closed","ping_status":"closed","template":"","meta":{"inline_featured_image":false},"product_brand":[],"product_cat":[145],"product_tag":[],"class_list":{"0":"post-12000","1":"product","2":"type-product","3":"status-publish","4":"has-post-thumbnail","6":"product_cat-servicii","8":"first","9":"instock","10":"shipping-taxable","11":"product-type-simple"},"_links":{"self":[{"href":"https:\/\/fengshuidivine.com\/en\/wp-json\/wp\/v2\/product\/12000","targetHints":{"allow":["GET"]}}],"collection":[{"href":"https:\/\/fengshuidivine.com\/en\/wp-json\/wp\/v2\/product"}],"about":[{"href":"https:\/\/fengshuidivine.com\/en\/wp-json\/wp\/v2\/types\/product"}],"replies":[{"embeddable":true,"href":"https:\/\/fengshuidivine.com\/en\/wp-json\/wp\/v2\/comments?post=12000"}],"version-history":[{"count":1,"href":"https:\/\/fengshuidivine.com\/en\/wp-json\/wp\/v2\/product\/12000\/revisions"}],"predecessor-version":[{"id":12001,"href":"https:\/\/fengshuidivine.com\/en\/wp-json\/wp\/v2\/product\/12000\/revisions\/12001"}],"wp:featuredmedia":[{"embeddable":true,"href":"https:\/\/fengshuidivine.com\/en\/wp-json\/wp\/v2\/media\/8981"}],"wp:attachment":[{"href":"https:\/\/fengshuidivine.com\/en\/wp-json\/wp\/v2\/media?parent=12000"}],"wp:term":[{"taxonomy":"product_brand","embeddable":true,"href":"https:\/\/fengshuidivine.com\/en\/wp-json\/wp\/v2\/product_brand?post=12000"},{"taxonomy":"product_cat","embeddable":true,"href":"https:\/\/fengshuidivine.com\/en\/wp-json\/wp\/v2\/product_cat?post=12000"},{"taxonomy":"product_tag","embeddable":true,"href":"https:\/\/fengshuidivine.com\/en\/wp-json\/wp\/v2\/product_tag?post=12000"}],"curies":[{"name":"wp","href":"https:\/\/api.w.org\/{rel}","templated":true}]}}