{"id":11997,"date":"2026-01-21T11:18:04","date_gmt":"2026-01-21T09:18:04","guid":{"rendered":"https:\/\/fengshuidivine.com\/?post_type=product&#038;p=11997"},"modified":"2026-01-21T11:18:04","modified_gmt":"2026-01-21T09:18:04","slug":"consultanta-feng-shui-pentru-sedii-de-firma","status":"publish","type":"product","link":"https:\/\/fengshuidivine.com\/en\/product\/consultanta-feng-shui-pentru-sedii-de-firma\/","title":{"rendered":"Consultan\u021b\u0103 Feng Shui pentru sedii de firm\u0103"},"content":{"rendered":"<section class=\"elementor-section elementor-top-section elementor-element elementor-element-1cbe529 elementor-section-boxed elementor-section-height-default elementor-section-height-default default-style\" data-id=\"1cbe529\" data-element_type=\"section\" data-settings=\"{&quot;rt_color_sets&quot;:&quot;default-style&quot;}\">\n<div class=\"elementor-container elementor-column-gap-default\">\n<div class=\"elementor-column elementor-col-100 elementor-top-column elementor-element elementor-element-470b246\" data-id=\"470b246\" data-element_type=\"column\">\n<div class=\"elementor-widget-wrap elementor-element-populated\">\n<div class=\"elementor-element elementor-element-dc44270 elementor-widget elementor-widget-text-editor\" data-id=\"dc44270\" data-element_type=\"widget\" data-widget_type=\"text-editor.default\">\n<p><strong><span lang=\"RO\">Analiza energiilor unui sediu de firm\u0103 dup\u0103 \u0218coala Stelelor Zbur\u0103toare, \u00een combina\u021bie cu alte \u0219coli cuprinde:<\/span><\/strong><\/p>\n<ul>\n<li><span lang=\"RO\">Diagnosticul energetic \u0219i poten\u021bialul sediului de firm\u0103 (detectarea energiilor favorabile \u0219i nefavorabile);<\/span><\/li>\n<li>Diagnosticul energetic \u0219i poten\u021bialul sediului de firm\u0103 din punct de vedere Qi Men Dun Jia (detectarea energiilor favorabile \u0219i nefavorabile din punct de vedere Qi Men feng shui);<\/li>\n<li>Recomand\u0103ri pentru modific\u0103rile necesare privind rearanjarea birourilor manageriale \u0219i a departamentelor importante din companie. \u00cen cazul unui magazin, voi sf\u0103tui privind a\u0219ezarea corect\u0103 a casei de marcat s.a. Toate acestea au ca efect amplificarea productivit\u0103\u021bii, a prosperit\u0103\u021bii \u0219i \u00eembun\u0103t\u0103\u021birea mediului colegial;<\/li>\n<li>Recomand\u0103ri vis-a-vis de data favorabil\u0103 pentru realizarea unor lucr\u0103ri de renovare, extindere, transformare sau chiar pentru \u00eenchirierea unui spa\u021biu nou \u00een care s\u0103 v\u0103 desf\u0103\u0219ura\u021bi activitatea.<\/li>\n<\/ul>\n<p><span lang=\"RO\">\u00a0<strong>Durat\u0103 finalizare dosar:<\/strong> 14 zile \u00een func\u021bie de m\u0103rimea spa\u021biului.<\/span><\/p>\n<\/div>\n<\/div>\n<\/div>\n<\/div>\n<\/section>\n<section class=\"elementor-section elementor-top-section elementor-element elementor-element-7a289fc elementor-section-boxed elementor-section-height-default elementor-section-height-default default-style\" data-id=\"7a289fc\" data-element_type=\"section\" data-settings=\"{&quot;rt_color_sets&quot;:&quot;default-style&quot;}\">\n<div class=\"elementor-container elementor-column-gap-default\">\n<div class=\"elementor-column elementor-col-100 elementor-top-column elementor-element elementor-element-967dec6\" data-id=\"967dec6\" data-element_type=\"column\">\n<div class=\"elementor-widget-wrap elementor-element-populated\">\n<div class=\"elementor-element elementor-element-1d7085e elementor-widget elementor-widget-heading\" data-id=\"1d7085e\" data-element_type=\"widget\" data-widget_type=\"heading.default\">\n<h2 class=\"elementor-heading-title elementor-size-default\">Costul acestu serviciu<\/h2>\n<\/div>\n<\/div>\n<\/div>\n<\/div>\n<\/section>\n<section class=\"elementor-section elementor-top-section elementor-element elementor-element-45b83b9 elementor-section-boxed elementor-section-height-default elementor-section-height-default default-style\" data-id=\"45b83b9\" data-element_type=\"section\" data-settings=\"{&quot;rt_color_sets&quot;:&quot;default-style&quot;}\">\n<div class=\"elementor-container elementor-column-gap-default\">\n<div class=\"elementor-column elementor-col-100 elementor-top-column elementor-element elementor-element-4c60802\" data-id=\"4c60802\" data-element_type=\"column\">\n<div class=\"elementor-widget-wrap elementor-element-populated\">\n<div class=\"elementor-element elementor-element-1f8d382 elementor-widget elementor-widget-text-editor\" data-id=\"1f8d382\" data-element_type=\"widget\" data-widget_type=\"text-editor.default\">\n<p><span lang=\"RO\">\u00a0 Costul unei <strong>consulta\u021bii Feng Shui pentru spa\u021bii destinate afacerilor<\/strong> (birouri, sedii de firm\u0103, spa\u021bii comerciale, cabinete, clinici, showroom-uri) <strong>este calculat per metru p\u0103trat,<\/strong> \u00een func\u021bie de suprafa\u021ba total\u0103 a propriet\u0103\u021bii.<\/span><\/p>\n<h5 data-start=\"1526\" data-end=\"1544\"><span style=\"color: #993300;\">\ud83d\udcb0 Tarif unic:<\/span><\/h5>\n<p data-start=\"1545\" data-end=\"1560\"><span style=\"color: #993300;\"><strong data-start=\"1545\" data-end=\"1560\">72 Ron \/ m\u00b2<\/strong><\/span><\/p>\n<h5><strong><span lang=\"RO\"> \ud83d\udcd0<\/span>Condi\u021bii:<\/strong><\/h5>\n<ul>\n<li><strong data-start=\"1581\" data-end=\"1616\">Valoarea minim\u0103 a consultan\u021bei:<\/strong> echivalentul a <strong data-start=\"1632\" data-end=\"1641\">50 m\u00b2<\/strong><\/li>\n<li>Consultan\u021ba include analiz\u0103 Feng Shui adaptat\u0103 activit\u0103\u021bii desf\u0103\u0219urate, structurii echipei \u0219i obiectivelor de business.<\/li>\n<li><strong>Pentru spa\u021biile cu suprafa\u021ba de peste<\/strong> <strong data-start=\"1804\" data-end=\"1814\">400 m\u00b2<\/strong>, tariful se stabile\u0219te prin <strong data-start=\"1843\" data-end=\"1867\">ofert\u0103 personalizat\u0103<\/strong>, \u00een urma unei discu\u021bii preliminare.<\/li>\n<\/ul>\n<p><em><span lang=\"RO\">\u00a0\u00a0\u00a0\u00a0 Pentru <strong>provincie sau str\u0103in\u0103tate<\/strong> se adaug\u0103 <strong>cheltuielile de deplasare<\/strong><\/span><\/em><strong><span lang=\"RO\">.<\/span><\/strong><\/p>\n<p><span lang=\"RO\">\u00a0\u00a0\u00a0\u00a0 Pentru a primi o ofert\u0103 personalizat\u0103 v\u0103 rog s\u0103 m\u0103 contacta\u021bi pe adresa <a href=\"https:\/\/fengshuidivine.com\/en\/contact\/\"><strong>valentina@fengshuidivine.com<\/strong><\/a>.<\/span><\/p>\n<p><strong><span lang=\"RO\">\u00a0\u00a0\u00a0\u00a0 \u00cemi rezerv dreptul de a-mi selecta clien\u021bii!<\/span><\/strong><\/p>\n<\/div>\n<\/div>\n<\/div>\n<\/div>\n<\/section>","protected":false},"excerpt":{"rendered":"<p>Analiza energiilor unui sediu de firm\u0103 dup\u0103 \u0218coala Stelelor Zbur\u0103toare, \u00een combina\u021bie cu alte \u0219coli cuprinde: Diagnosticul energetic \u0219i poten\u021bialul [&hellip;]<\/p>\n","protected":false},"featured_media":7564,"comment_status":"closed","ping_status":"closed","template":"","meta":{"inline_featured_image":false},"product_brand":[],"product_cat":[145],"product_tag":[],"class_list":{"0":"post-11997","1":"product","2":"type-product","3":"status-publish","4":"has-post-thumbnail","6":"product_cat-servicii","8":"first","9":"instock","10":"shipping-taxable","11":"product-type-simple"},"_links":{"self":[{"href":"https:\/\/fengshuidivine.com\/en\/wp-json\/wp\/v2\/product\/11997","targetHints":{"allow":["GET"]}}],"collection":[{"href":"https:\/\/fengshuidivine.com\/en\/wp-json\/wp\/v2\/product"}],"about":[{"href":"https:\/\/fengshuidivine.com\/en\/wp-json\/wp\/v2\/types\/product"}],"replies":[{"embeddable":true,"href":"https:\/\/fengshuidivine.com\/en\/wp-json\/wp\/v2\/comments?post=11997"}],"version-history":[{"count":1,"href":"https:\/\/fengshuidivine.com\/en\/wp-json\/wp\/v2\/product\/11997\/revisions"}],"predecessor-version":[{"id":11998,"href":"https:\/\/fengshuidivine.com\/en\/wp-json\/wp\/v2\/product\/11997\/revisions\/11998"}],"wp:featuredmedia":[{"embeddable":true,"href":"https:\/\/fengshuidivine.com\/en\/wp-json\/wp\/v2\/media\/7564"}],"wp:attachment":[{"href":"https:\/\/fengshuidivine.com\/en\/wp-json\/wp\/v2\/media?parent=11997"}],"wp:term":[{"taxonomy":"product_brand","embeddable":true,"href":"https:\/\/fengshuidivine.com\/en\/wp-json\/wp\/v2\/product_brand?post=11997"},{"taxonomy":"product_cat","embeddable":true,"href":"https:\/\/fengshuidivine.com\/en\/wp-json\/wp\/v2\/product_cat?post=11997"},{"taxonomy":"product_tag","embeddable":true,"href":"https:\/\/fengshuidivine.com\/en\/wp-json\/wp\/v2\/product_tag?post=11997"}],"curies":[{"name":"wp","href":"https:\/\/api.w.org\/{rel}","templated":true}]}}