{"id":11985,"date":"2026-01-21T11:05:59","date_gmt":"2026-01-21T09:05:59","guid":{"rendered":"https:\/\/fengshuidivine.com\/?post_type=product&#038;p=11985"},"modified":"2026-01-21T11:13:54","modified_gmt":"2026-01-21T09:13:54","slug":"consultanta-feng-shui-pentru-teren-sau-constructie","status":"publish","type":"product","link":"https:\/\/fengshuidivine.com\/en\/product\/consultanta-feng-shui-pentru-teren-sau-constructie\/","title":{"rendered":"Consultan\u021b\u0103 feng shui pentru teren sau construc\u021bie"},"content":{"rendered":"<p>Consulta\u021bia prevede cercetarea a <strong>5 \u2013 10 spa\u021bii<\/strong> diferite \u00een vederea compatibilit\u0103\u021bii.<\/p>\n<p>Reprezint\u0103 o munc\u0103 enorm\u0103 \u0219i asumarea unei mari responsabilit\u0103\u021bi, plus <em>asistarea construc\u021biilor pe tot parcursul proiectului, de la crearea proiectului (munca al\u0103turi de arhitect) p\u00e2n\u0103 la mutarea efectiv\u0103.<\/em><\/p>\n<p><strong>\u00a0\u00a0\u00a0 Durat\u0103 perfectare dosar: de comun acord<\/strong><\/p>\n<p><strong>\u00a0\u00a0\u00a0\u00a0 <u>Cost alc\u0103tuit din:<\/u><\/strong><\/p>\n<ul>\n<li>Cercetarea spa\u021biilor sau terenurilor: <strong>800 Ron<\/strong> (<em>per spa\u021biu sau teren<\/em>)<strong>*\u00a0<\/strong><\/li>\n<li>Recomand\u0103ri vis-a-vis de data favorabil\u0103 pentru \u00eenceperea construc\u021biei, de \u00eencepere a s\u0103p\u0103turilor, \u00a0de turnare a funda\u021biei \u0219i de mutare a locatarilor.<\/li>\n<li>Compatibilitatea viitorului spa\u021biu cu locatarii, conform datelor de na\u0219tere (adic\u0103 a \u201ccoloanelor destinului\u201d\/ pentru fiecare locatar din spa\u021biul respectiv), dar \u0219i din punct de vedere Qi Men Dun Jia.<\/li>\n<\/ul>\n<p><strong>\u00a0 \u00a0\ud83e\udded Consultan\u021b\u0103 Feng Shui pentru construc\u021bia unui spa\u021biu de la zero:<\/strong><\/p>\n<p>Consultan\u021ba Feng Shui pentru construc\u021bia unui spa\u021biu de la zero este calculat\u0103 <strong data-start=\"1927\" data-end=\"1947\">per metru p\u0103trat<\/strong>, indiferent de etapa construc\u021biei.<\/p>\n<p><span style=\"color: #993300;\">\ud83d\udcb0 <strong>Tarif unic:<\/strong><\/span><\/p>\n<ul>\n<li>\n<ul>\n<li><span style=\"color: #993300;\"><strong>63 Ron \/ m\u00b2<\/strong><\/span><\/li>\n<\/ul>\n<\/li>\n<\/ul>\n<h5><strong>\u00a0 \u00a0<\/strong>\ud83d\udcd0 Condi\u021bii:<\/h5>\n<ul data-start=\"2037\" data-end=\"2183\">\n<li data-start=\"2037\" data-end=\"2099\">\n<p data-start=\"2039\" data-end=\"2099\"><strong data-start=\"2039\" data-end=\"2074\">Valoarea minim\u0103 a consultan\u021bei:<\/strong> echivalentul a <strong data-start=\"2090\" data-end=\"2099\">50 m\u00b2<\/strong><\/p>\n<\/li>\n<li data-start=\"2100\" data-end=\"2183\">\n<p data-start=\"2102\" data-end=\"2183\"><strong data-start=\"725\" data-end=\"777\">Plata consultan\u021bei se efectueaz\u0103 \u00een dou\u0103 tran\u0219e:<\/strong><br data-start=\"777\" data-end=\"780\" \/>\u2013 60% avans la semnarea\/confirmarea serviciului;<br data-start=\"830\" data-end=\"833\" \/>\u2013 40% \u00eenainte de predarea recomand\u0103rilor\/raportului Feng Shui.<\/p>\n<\/li>\n<\/ul>\n<h5 data-start=\"2102\" data-end=\"2183\">\ud83d\udcd0 Precizare esen\u021bial\u0103 privind rolul consultan\u021bei Feng Shui<\/h5>\n<ul data-start=\"2037\" data-end=\"2183\">\n<li data-start=\"2037\" data-end=\"2099\">\n<p data-start=\"2039\" data-end=\"2099\"><strong>Consultan\u021ba Feng Shui:<\/strong><br data-start=\"830\" data-end=\"833\" \/>\u2013 <strong>NU <\/strong>reprezint\u0103 o schi\u021b\u0103 arhitectural\u0103<br data-start=\"777\" data-end=\"780\" \/>\u2013 <strong>NU <\/strong>\u00eenlocuie\u0219te proiectul realizat de arhitect<\/p>\n<\/li>\n<li data-start=\"2037\" data-end=\"2099\">\n<p data-start=\"2039\" data-end=\"2099\"><strong>Rolul meu este de a:<\/strong><br data-start=\"830\" data-end=\"833\" \/>\u2013 <strong>ghida pozi\u021bionarea corect\u0103 a camerelor, <\/strong>a intr\u0103rii, a zonelor-cheie \u0219i a func\u021bionalit\u0103\u021bii energetice<br data-start=\"777\" data-end=\"780\" \/>\u2013 indica <strong data-start=\"2514\" data-end=\"2591\">modul optim \u00een care fiecare persoan\u0103 este sus\u021binut\u0103 energetic \u00een locuin\u021b\u0103<\/strong><\/p>\n<\/li>\n<\/ul>\n<p data-start=\"2593\" data-end=\"2674\">Proiectarea tehnic\u0103 \u0219i desenul arhitectural r\u0103m\u00e2n responsabilitatea arhitectului<\/p>\n<h5 data-start=\"2681\" data-end=\"2699\">\ud83d\udcc4 Etapa final\u0103<\/h5>\n<p>Dup\u0103 finalizarea schi\u021bei arhitecturale, se poate realiza <strong>raportul Feng Shui final, <\/strong>care include:<\/p>\n<ul>\n<li>remedii energetice<\/li>\n<li>activ\u0103ri ale elementelor<\/li>\n<li>ajust\u0103ri finale \u00een func\u021bie de configura\u021bia spa\u021biului \u0219i de locatari<\/li>\n<\/ul>\n<h5 data-start=\"2931\" data-end=\"2960\">\u26a0\ufe0f Precizare privind plata<\/h5>\n<p data-start=\"2961\" data-end=\"3188\">\u00a0 \u00a0 \u00a0 Predarea consultan\u021bei Feng Shui \u0219i a recomand\u0103rilor <strong data-start=\"3013\" data-end=\"3079\">nu este condi\u021bionat\u0103 de \u00eenceperea sau finalizarea construc\u021biei<\/strong>.<br data-start=\"3080\" data-end=\"3083\" \/>\u00a0 \u00a0 \u00a0 Consultan\u021ba se bazeaz\u0103 pe analiz\u0103 energetic\u0103 \u0219i decizie strategic\u0103, <strong data-start=\"3151\" data-end=\"3187\">independent de ritmul lucr\u0103rilor<\/strong>.<\/p>\n<p data-start=\"3190\" data-end=\"3329\">\u00a0 \u00a0 \u00a0 Pentru proiectele cu suprafa\u021ba de peste <strong data-start=\"3230\" data-end=\"3240\">400 m\u00b2<\/strong>, tariful se stabile\u0219te prin <strong data-start=\"3269\" data-end=\"3293\">ofert\u0103 personalizat\u0103<\/strong>, \u00een urma unei discu\u021bii preliminare.<\/p>\n<p><strong>\u00a0 \u00a0 \u00a0 \u00a0<\/strong><em>Pentru provincie sau str\u0103in\u0103tate se adaug\u0103 cheltuielile de deplasare<\/em>.<\/p>\n<p>Pentru a primi o ofert\u0103 personalizat\u0103 v\u0103 rog s\u0103 m\u0103 contacta\u021bi pe adresa de e-mail: \u00a0<a href=\"https:\/\/fengshuidivine.com\/en\/contact\/\"><strong>valentina@fengshuidivine.com<\/strong><\/a>.<\/p>\n<p><strong>\u00a0 \u00a0 \u00cemi rezerv dreptul de a-mi selecta clien\u021bii!<\/strong><\/p>\n<p><strong><em>*<\/em><em>\u00a0<\/em><\/strong><strong data-start=\"1252\" data-end=\"1277\">Precizare important\u0103:<\/strong><br data-start=\"1277\" data-end=\"1280\" \/><em>Costul aferent <strong data-start=\"1297\" data-end=\"1340\">terenului sau spa\u021biului agreat \u00een final<\/strong> se <strong data-start=\"1344\" data-end=\"1418\">deduce din valoarea total\u0103 a consultan\u021bei Feng Shui pentru construc\u021bie<\/strong>.<\/em><\/p>","protected":false},"excerpt":{"rendered":"<p>Consulta\u021bia prevede cercetarea a 5 \u2013 10 spa\u021bii diferite \u00een vederea compatibilit\u0103\u021bii. Reprezint\u0103 o munc\u0103 enorm\u0103 \u0219i asumarea unei mari [&hellip;]<\/p>\n","protected":false},"featured_media":7347,"comment_status":"closed","ping_status":"closed","template":"","meta":{"inline_featured_image":false},"product_brand":[],"product_cat":[145],"product_tag":[],"class_list":{"0":"post-11985","1":"product","2":"type-product","3":"status-publish","4":"has-post-thumbnail","6":"product_cat-servicii","8":"first","9":"instock","10":"virtual","11":"product-type-simple"},"_links":{"self":[{"href":"https:\/\/fengshuidivine.com\/en\/wp-json\/wp\/v2\/product\/11985","targetHints":{"allow":["GET"]}}],"collection":[{"href":"https:\/\/fengshuidivine.com\/en\/wp-json\/wp\/v2\/product"}],"about":[{"href":"https:\/\/fengshuidivine.com\/en\/wp-json\/wp\/v2\/types\/product"}],"replies":[{"embeddable":true,"href":"https:\/\/fengshuidivine.com\/en\/wp-json\/wp\/v2\/comments?post=11985"}],"version-history":[{"count":6,"href":"https:\/\/fengshuidivine.com\/en\/wp-json\/wp\/v2\/product\/11985\/revisions"}],"predecessor-version":[{"id":11992,"href":"https:\/\/fengshuidivine.com\/en\/wp-json\/wp\/v2\/product\/11985\/revisions\/11992"}],"wp:featuredmedia":[{"embeddable":true,"href":"https:\/\/fengshuidivine.com\/en\/wp-json\/wp\/v2\/media\/7347"}],"wp:attachment":[{"href":"https:\/\/fengshuidivine.com\/en\/wp-json\/wp\/v2\/media?parent=11985"}],"wp:term":[{"taxonomy":"product_brand","embeddable":true,"href":"https:\/\/fengshuidivine.com\/en\/wp-json\/wp\/v2\/product_brand?post=11985"},{"taxonomy":"product_cat","embeddable":true,"href":"https:\/\/fengshuidivine.com\/en\/wp-json\/wp\/v2\/product_cat?post=11985"},{"taxonomy":"product_tag","embeddable":true,"href":"https:\/\/fengshuidivine.com\/en\/wp-json\/wp\/v2\/product_tag?post=11985"}],"curies":[{"name":"wp","href":"https:\/\/api.w.org\/{rel}","templated":true}]}}