{"id":7754,"date":"2023-03-09T12:24:02","date_gmt":"2023-03-09T10:24:02","guid":{"rendered":"https:\/\/fengshuidivine.com\/?page_id=7754"},"modified":"2023-08-11T10:49:10","modified_gmt":"2023-08-11T07:49:10","slug":"politica-de-confidentialitate","status":"publish","type":"page","link":"https:\/\/fengshuidivine.com\/en\/politica-de-confidentialitate\/","title":{"rendered":"POLITIC\u0102 DE CONFIDEN\u021aIALITATE"},"content":{"rendered":"<div data-elementor-type=\"wp-page\" data-elementor-id=\"7754\" class=\"elementor elementor-7754\">\n\t\t\t\t\t\t<section class=\"elementor-section elementor-top-section elementor-element elementor-element-a45af19 elementor-section-boxed elementor-section-height-default elementor-section-height-default default-style\" data-id=\"a45af19\" data-element_type=\"section\" data-e-type=\"section\" data-settings=\"{&quot;rt_color_sets&quot;:&quot;default-style&quot;}\">\n\t\t\t\t\t\t<div class=\"elementor-container elementor-column-gap-default\">\n\t\t\t\t\t<div class=\"elementor-column elementor-col-100 elementor-top-column elementor-element elementor-element-66c3cd05\" data-id=\"66c3cd05\" data-element_type=\"column\" data-e-type=\"column\">\n\t\t\t<div class=\"elementor-widget-wrap elementor-element-populated\">\n\t\t\t\t\t\t<div class=\"elementor-element elementor-element-70705009 elementor-widget elementor-widget-text-editor\" data-id=\"70705009\" data-element_type=\"widget\" data-e-type=\"widget\" data-widget_type=\"text-editor.default\">\n\t\t\t\t\t\t\t\t\t<p><\/p>\n<p><strong>POLITIC\u0102 DE CONFIDEN\u021aIALITATE<\/strong><\/p>\n<p><\/p>\n<p><\/p>\n<p><strong>A S.C. FENG SHUI DIVINE CENTER S.R.L.<\/strong><\/p>\n<p><\/p>\n<p><\/p>\n<p>Comunicarea \u00een mediul online reprezint\u0103 una dintre cele mai rapide modalit\u0103\u021bi de a interac\u021biona \u0219i a p\u0103stra leg\u0103tur\u0103 direct, transparent \u0219i rapid cu partenerii \u0219i clien\u021bii \u00een cadrul S.C. FENG SHUI DIVINE CENTER S.R.L.. Unul dintre aspectele cele mai importante ale serviciilor pe care S.C. FENG SHUI DIVINE CENTER S.R.L. le ofer\u0103 vizeaz\u0103 protejarea datelor personale ale partenerilor \u0219i clien\u021bilor, precum \u0219i faptul c\u0103 administratorul societ\u0103\u021bii se angajeaz\u0103 cu fermitate \u0219i cu profesionalism s\u0103 respecte angajamentele asumate fa\u021b\u0103 de ace\u0219tia.<\/p>\n<p><\/p>\n<p><\/p>\n<p>\u00cencep\u00e2nd cu data de 25 mai 2018, S.C. FENG SHUI DIVINE CENTER S.R.L., \u00eenregistrat\u0103 la Oficiul Registrului Comer\u021bului cu nr. J40\/10410\/08.09.2014, CUI 33560128, va adopta regulamentul UE 2016\/679. Sub denumirea \u201eRegulamentul general privind protec\u021bia datelor personale\u201d, \u00een limba englez\u0103 GDPR &#8211; General Data Protection Regulation, aceast\u0103 m\u0103sur\u0103 este implementat\u0103 \u00een toate statele membre ale Uniunii Europene.<\/p>\n<p><\/p>\n<p><\/p>\n<p>S.C. FENG SHUI DIVINE CENTER S.R.L. va continua s\u0103 prelucreze datele furnizate de partenerii \u0219i clien\u021bii s\u0103i doar \u00een scopuri bine definite de activitatea companiei, precum livrarea de informa\u021bii despre noile servicii disponibile, transmiterea de oferte personalizate \u0219i pentru a p\u0103stra rela\u021bii profesionale bune cu ace\u0219tia.<\/p>\n<p><\/p>\n<p><\/p>\n<p><strong>Men\u021biune important\u0103! Informa\u021biile ce au caracter personal \u0219i sunt colectate de S.C. FENG SHUI DIVINE CENTER S.R.L NU sunt transmise<\/strong> <strong>c\u0103tre ter\u021bi.<\/strong> Acestea vor fi folosite strict \u00een scopurile enumerate \u00een paragraful anterior.<\/p>\n<p><\/p>\n<p><\/p>\n<ol class=\"wp-block-list\"><p><\/p>\n<li><strong>Care sunt datele cu caracter personal colectate de S.C. FENG SHUI DIVINE CENTER S.R.L.?<\/strong><\/li>\n<p><\/p><\/ol>\n<p><\/p>\n<p><\/p>\n<p>Datele personale sunt acele informa\u021bii prin care un client poate fi identificat \u00een mod direct sau indirect. S.C. FENG SHUI DIVINE CENTER S.R.L. ob\u021bine aceste date astfel:<\/p>\n<p><\/p>\n<p><\/p>\n<p><strong>Date oferite de clien\u021bi \u00een mod direct<\/strong><\/p>\n<p><\/p>\n<p><\/p>\n<p>S.C. FENG SHUI DIVINE CENTER S.R.L. colecteaz\u0103 date personale direct de la clien\u021bi, \u00een momentul \u00een care ace\u0219tia solicit\u0103 informa\u021bii despre activitatea societ\u0103\u021bii sau se \u00eenscriu la unul dintre evenimentele organizate \u00een \u021bar\u0103 sau \u00een str\u0103in\u0103tate, prin telefon sau prin formularul de contact\/\u00eenscriere afi\u0219at pe www.fengshuidivine.com sau www.fengshuidivine.ro, si care presupune furnizarea unor date precum:<\/p>\n<p><\/p>\n<p><\/p>\n<p>\u2013 nume, prenume, data \u0219i locul na\u0219terii;<\/p>\n<p><\/p>\n<p><\/p>\n<p>\u2013 adresa de e-mail;<\/p>\n<p><\/p>\n<p><\/p>\n<p>\u2013 num\u0103r de telefon;<\/p>\n<p><\/p>\n<p><\/p>\n<p>\u2013 adresa de domiciliu\/sediului firmei, \u00een vederea livr\u0103rii produselor \u0219i serviciilor solicitate.<\/p>\n<p><\/p>\n<p><\/p>\n<p>Refuzul dumneavoastr\u0103 de a furniza aceste date duce la imposibilitatea S.C. FENG SHUI DIVINE CENTER S.R.L. de a v\u0103 oferi informa\u021biile, serviciile sau produsele pe care le solicita\u021bi, sau de a v\u0103 transmite detalii privind data, loca\u021bia, condi\u021biile de participare la evenimente, precum \u0219i alte informa\u021bii ce \u021bin de organizare, \u0219i pentru a v\u0103 fi furnizate materialele de studiu aferente sau livrate produsele comandate.<\/p>\n<p><\/p>\n<p><\/p>\n<p>S.C. FENG SHUI DIVINE CENTER S.R.L. are dreptul de a solicita date de identificare personal\u0103, care vizeaz\u0103 informa\u021biile cuprinse \u00een documentul\/cartea de identitate\/pa\u0219aportul prezentat\/certificatul fiscal, \u00een vederea emiterii facturii fiscale\/chitan\u021bei\/bonului fiscal \u00een urma achizi\u021bion\u0103rii unui serviciu sau produs, conform legisla\u021biei \u00een vigoare.<\/p>\n<p><\/p>\n<p><\/p>\n<p>Clien\u021bii sunt singurii responsabili pentru corectitudinea \u0219i acurate\u021bea informa\u021biilor oferite \u00een rela\u021bia cu aceasta companie, iar S.C. FENG SHUI DIVINE CENTER S.R.L. \u0219i reprezentan\u021bii s\u0103i nu pot fi considera\u021bi r\u0103spunz\u0103tori pentru aceste date sau erorile neinten\u021bionate sau inten\u021bionate care pot ap\u0103rea \u00een procesul de comunicare.&nbsp;<\/p>\n<p><\/p>\n<p><\/p>\n<p><strong>Date \u00eenregistrate automat<\/strong><\/p>\n<p><\/p>\n<p><\/p>\n<p>Acest tip de informa\u021bii sunt strict limitate la istoria activit\u0103\u021bii unui utilizator \u00een mediul online \u00een momentul \u00een care acceseaz\u0103 unul dintre website-urile <a href=\"https:\/\/fengshuidivine.com\/en\/\">www.fengshuidivine.com<\/a> sau <a href=\"http:\/\/www.fengshuidivine.ro\">www.fengshuidivine.ro<\/a>. Acest istoric online NU include nicio informa\u021bie care are caracter personal. Sunt inregistrate informa\u021biile de tip cookie &#8211; vede\u021bi mai jos ce \u00eenseamn\u0103 \u0219i cum sunt folosite, care pot fi con\u021binute de unele dintre paginile website-urilor \u0219i folosite doar \u00een scopul \u00eembun\u0103t\u0103\u021birii experien\u021bei \u00een mediul online. De exemplu, daca sunte\u021bi deja abonat la newsletterele S.C. FENG SHUI DIVINE CENTER S.R.L., nu ve\u021bi mai primi un nou mesaj de abonare at\u00e2t c\u00e2t timp naviga\u021bi pe paginile pe care le accesa\u021bi.<\/p>\n<p><\/p>\n<p><\/p>\n<ol class=\"wp-block-list\"><p><\/p>\n<li><strong>De ce sunt prelucrate acest tip de date?<\/strong><\/li>\n<p><\/p><\/ol>\n<p><\/p>\n<p><\/p>\n<p>S.C. FENG SHUI DIVINE CENTER S.R.L. prelucreaz\u0103 datele personale ale clien\u021bilor \u00een vederea interac\u021biunii \u0219i \u00eembun\u0103t\u0103\u021birii rela\u021biei cu ace\u0219tia, precum \u0219i pentru a se asigura c\u0103 ofer\u0103 servicii personalizate \u0219i \u00een conformitate cu activitatea anun\u021bat\u0103 a firmei, a necesit\u0103\u021bilor \u0219i dorin\u021belor comunicate de c\u0103tre clien\u021bi. Datele personale sunt folosite strict pentru activit\u0103\u021bi de informare, promovare \u0219i marketing ale S.C. FENG SHUI DIVINE CENTER S.R.L. \u0219i nu sunt transmise&nbsp; ter\u021bilor.&nbsp;<\/p>\n<p><\/p>\n<p><\/p>\n<p>Daca sunte\u021bi de acord cu oferirea acestor date, S.C. FENG SHUI DIVINE CENTER S.R.L. v\u0103 va oferi informa\u021bii cu privire la:<\/p>\n<p><\/p>\n<p><\/p>\n<p>\u2013 produsele, evenimentele \u0219i serviciile oferite de S.C. FENG SHUI DIVINE CENTER S.R.L.;<\/p>\n<p><\/p>\n<p><\/p>\n<p>\u2013 oferte personalizate \u00een urma verific\u0103rii eligibilit\u0103\u021bii dumneavoastr\u0103 \u0219i a faptului c\u0103 indeplini\u021bi condi\u021biile pentru a beneficia de oferte speciale;&nbsp;<\/p>\n<p><\/p>\n<p><\/p>\n<p>\u2013 op\u021biunile dumneavoastr\u0103 de a beneficia de produse \u0219i servicii din categoria celor adresate doar anumitor clien\u021bi, \u00een scopul fideliz\u0103rii, respectiv pentru clien\u021bii care au participat la evenimente organizate de S.C. FENG SHUI DIVINE CENTER S.R.L. sau au apelat la serviciile oferite de aceasta firm\u0103.<\/p>\n<p><\/p>\n<p><\/p>\n<p>Prin aceasta activitate, S.C. FENG SHUI DIVINE CENTER S.R.L. \u00ee\u0219i dore\u0219te totodat\u0103 s\u0103 optimizeze rela\u021biile cu clien\u021bii \u00een scopul de a le oferi experien\u021be personalizate, creative \u0219i deosebite, \u00eentr-un mod profesionist \u0219i bazat pe \u00eencredere reciproc\u0103.<\/p>\n<p><\/p>\n<p><\/p>\n<ol class=\"wp-block-list\"><p><\/p>\n<li><strong>Drepturile clien\u021bilor cu privire la prelucrarea datelor personale<\/strong><\/li>\n<p><\/p><\/ol>\n<p><\/p>\n<p><\/p>\n<p>Clien\u021bii au drepturi specifice \u00een ceea ce prive\u0219te protec\u021bia datelor, iar S.C. FENG SHUI DIVINE CENTER S.R.L. asigur\u0103 un mediu care faciliteaz\u0103 exercitarea acestora, respectiv dreptul de acces, de rectificare, de obiec\u021bie, de \u0219tergere, de primire a datelor personale sau de a depune reclama\u021bii.<\/p>\n<p><\/p>\n<p><\/p>\n<p>S.C. FENG SHUI DIVINE CENTER S.R.L. a luat m\u0103surile de precau\u021bie necesare pentru a asigura clien\u021bii ca drepturile lor de protec\u021bie a datelor sunt respectate corespunz\u0103tor.<\/p>\n<p><\/p>\n<p><\/p>\n<p><strong>Clien\u021bii au dreptul:<\/strong><\/p>\n<p><\/p>\n<p><\/p>\n<p>&nbsp;a) S\u0103 acceseze datele lor personale, s\u0103 le modifice, s\u0103 restric\u021bioneze accesul la acestea, s\u0103 \u00ee\u0219i retrag\u0103 acordul, s\u0103 solicite \u0219tergerea lor sau s\u0103 se opun\u0103 prelucr\u0103rii acestora;<\/p>\n<p><\/p>\n<p><\/p>\n<p>b) S\u0103 acceseze datele lor personale sau s\u0103 solicite S.C. FENG SHUI DIVINE CENTER S.R.L. transmiterea lor c\u0103tre o alt\u0103 entitate juridic\u0103;<\/p>\n<p><\/p>\n<p><\/p>\n<p>c) S\u0103 dezactiveze anumite tipuri de colectare sau utilizare a datelor personale care le apar\u021bin, inclusiv utilizarea anumitor cookie-uri \u0219i a unor tehnologii similare;<\/p>\n<p><\/p>\n<p><\/p>\n<p>d) S\u0103 depun\u0103 o reclama\u021bie la autoritatea de supraveghere competen\u021b\u0103, respectiv&nbsp; la Autoritatea Na\u021bional\u0103 de Supraveghere a Prelucr\u0103rilor de Date cu Caracter Personal (ANSPDCP) din Rom\u00e2nia;<\/p>\n<p><\/p>\n<p><\/p>\n<p>e) S\u0103 solicite S.C. FENG SHUI DIVINE CENTER S.R.L. s\u0103 corecteze orice inexactit\u0103\u021bi sau erori din datele lor personale folosind datele de contact disponibile aici.<\/p>\n<p><\/p>\n<p><\/p>\n<ol class=\"wp-block-list\"><p><\/p>\n<li><strong>Cum sunt stocate aceste informa\u021bii?<\/strong><\/li>\n<p><\/p><\/ol>\n<p><\/p>\n<p><\/p>\n<p>Pentru a garanta siguran\u021ba datelor personale ale partenerilor \u0219i clien\u021bilor s\u0103i, S.C. FENG SHUI DIVINE CENTER S.R.L.&nbsp; a implementat o serie de m\u0103suri de securitate care sunt \u00een conformitate cu standardele din domeniu. Acestea sunt stocate, protejate de parole \u0219i operate de c\u0103tre administratorul S.C. FENG SHUI DIVINE CENTER S.R.L..<\/p>\n<p><\/p>\n<p><\/p>\n<ol class=\"wp-block-list\"><p><\/p>\n<li><strong>Ce sunt <em>cookie<\/em>-urile \u0219i cum le folosim?<\/strong><\/li>\n<p><\/p><\/ol>\n<p><\/p>\n<p><\/p>\n<p><em>Cookies<\/em> (pl., en.) sunt tehnologii standard utilizate \u00een mediul online menite s\u0103 \u00eembun\u0103t\u0103\u021beasc\u0103 experien\u021ba vizitatorilor pe website-urile <a href=\"https:\/\/fengshuidivine.com\/en\/\">www.fengshuidivine.com<\/a> \u0219i <a href=\"http:\/\/www.fengshuidivine.ro\">www.fengshuidivine.ro<\/a>, iar S.C. FENG SHUI DIVINE CENTER S.R.L. le poate folosi pentru a colecta informa\u021bii despre modul de folosire a website-urilor men\u021bionate.<\/p>\n<p><\/p>\n<p><\/p>\n<p>Un <em>cookie<\/em> (sg., en.) este un mic fi\u0219ier text, care este stocat pe calculatorul vizitatorului, daca browserul (Firefox, Internet Explorer, Chrome sau Opera, etc.) permite aceste lucruri \u0219i poate fi trimis c\u0103tre baza de date a website-ului vizitat, pentru identificarea utilizatorului \u0219i a preferin\u021belor de navigare.<\/p>\n<p><\/p>\n<p><\/p>\n<p>Este important de \u0219tiut ca un <em>cookie <\/em>nu poate fi citit de un alt website, care nu a creat acel fi\u0219ier. Un <em>cookie<\/em> nu se comport\u0103 ca un virus sau ca alte programe de capturare a Informa\u021biilor de Identificare Personal\u0103 aflate pe calculatorul utilizatorului.<\/p>\n<p><\/p>\n<p><\/p>\n<ol class=\"wp-block-list\"><p><\/p>\n<li><strong>Mai multe informa\u021bii despre reglementarea privind protec\u021bia datelor personale<\/strong><\/li>\n<p><\/p><\/ol>\n<p><\/p>\n<p><\/p>\n<p>Pentru orice \u00eentrebare referitoare la datele personale sau pentru exercitarea drepturilor legale conform legisla\u021biei \u00een vigoare, clientul se poate adresa S.C. FENG SHUI DIVINE CENTER S.R.L. prin utilizarea adresei de contact: <a href=\"mailto:valentina@fengshuidivine.com\">valentina@fengshuidivine.com<\/a>.&nbsp;<\/p>\n<p><\/p>\n<p><\/p>\n<p>Mai mult, pe &nbsp;www.fengshuidivine.com sau <a href=\"http:\/\/www.fengshuidivine.ro\">www.fengshuidivine.ro<\/a> clien\u021bilor le este pus la dispozi\u021bie&nbsp; un formular pentru exprimarea nel\u0103muririlor sau \u00eentreb\u0103rilor sale cu privire la aceste aspecte.<\/p>\n<p><\/p>\n<p><\/p>\n<p><strong>Formular de Contact<\/strong><\/p>\n<p><\/p>\n<p><\/p>\n<p><strong>S.C. FENG SHUI DIVINE CENTER S.R.L. este reprezentata de Valentina Vinatoru, Trainer si Expert in Feng Shui, Astrologie Chineza, Divinatie I Ching si Qi Men, si ofera&nbsp;consultanta in domeniile enumerate.<\/strong><\/p>\n<p><\/p>\n<p><\/p>\n<p>Activitatea S.C. FENG SHUI DIVINE CENTER S.R.L. si a reprezentatului sau consta in oferirea de&nbsp;consultanta&nbsp;de specialitate persoanelor fizice si juridice, atat din Romania cat si din strainatate.<\/p>\n<p><\/p>\n<p><\/p>\n<p><strong>Ce inseamna consultanta pentru persoane fizice?<\/strong><\/p>\n<p><\/p>\n<p><\/p>\n<ul class=\"wp-block-list\"><p><\/p>\n<li><a href=\"https:\/\/fengshuidivine.com\/en\/servicii-profesionale\/consultanta-feng-shui\/consultanta-feng-shui-pentru-locuinta\/\">Consultanta Feng Shui pentru locuinta<\/a><\/li>\n<p><\/p>\n<p><\/p>\n<li><a href=\"https:\/\/fengshuidivine.com\/en\/servicii-profesionale\/consultanta-feng-shui\/consultanta-feng-shui-pentru-teren-sau-constructie\/\">Consultanta Feng Shui pentru teren<\/a>&nbsp;<\/li>\n<p><\/p>\n<p><\/p>\n<li><a href=\"https:\/\/fengshuidivine.com\/en\/servicii-profesionale\/consiliere-astrologica-chineza-coloanele-destinului\/consiliere-astrologica-chineza-personala\/\">Consiliere Astrologica Chineza personala<\/a>&nbsp;<\/li>\n<p><\/p>\n<p><\/p>\n<li><a href=\"https:\/\/fengshuidivine.com\/en\/servicii-profesionale\/consiliere-astrologica-chineza-coloanele-destinului\/previziuni-pentru-anul-2018-conform-datei-de-nastere\/\">Previziuni pentru anul 2019, conform datei de nastere<\/a>&nbsp;<\/li>\n<p><\/p>\n<p><\/p>\n<li><a href=\"https:\/\/fengshuidivine.com\/en\/servicii-profesionale\/consiliere-astrologica-chineza-coloanele-destinului\/compatibilitatea-unui-cuplu-sau-cu-o-anumita-persoana\/\">Compatibilitatea unui cuplu sau cu o anumita persoana<\/a>&nbsp;<\/li>\n<p><\/p>\n<p><\/p>\n<li><a href=\"https:\/\/fengshuidivine.com\/en\/servicii-profesionale\/consiliere-astrologica-chineza-coloanele-destinului\/alegerea-unei-date-de-bun-augur-pentru-nasterea-unui-copil\/\">Alegerea unei date de bun augur pentru nasterea unui copil<\/a>&nbsp;<\/li>\n<p><\/p>\n<p><\/p>\n<li><a href=\"https:\/\/fengshuidivine.com\/en\/servicii-profesionale\/consiliere-astrologica-chineza-coloanele-destinului\/alegerea-unei-date-de-bun-augur-pentru-casatorie\/\">Alegerea unei date de bun augur pentru casatorie<\/a>&nbsp;<\/li>\n<p><\/p>\n<p><\/p>\n<li><a href=\"https:\/\/fengshuidivine.com\/en\/servicii-profesionale\/consiliere-astrologica-chineza-coloanele-destinului\/divinatie-i-ching\/\">Divinatie I Ching<\/a>&nbsp;<\/li>\n<p><\/p><\/ul>\n<p><\/p>\n<p><\/p>\n<p><strong>Ce inseamna consultanta pentru persoane juridice?<\/strong><\/p>\n<p><\/p>\n<p><\/p>\n<ul class=\"wp-block-list\"><p><\/p>\n<li><a href=\"https:\/\/fengshuidivine.com\/en\/servicii-profesionale\/consultanta-feng-shui\/consultanta-feng-shui-pentru-sedii-de-firme\/\">Consultanta Feng Shui pentru sedii de firme<\/a>&nbsp;<\/li>\n<p><\/p>\n<p><\/p>\n<li><a href=\"https:\/\/fengshuidivine.com\/en\/servicii-profesionale\/consiliere-astrologica-chineza-coloanele-destinului\/consiliere-astrologica-chineza-pentru-afaceri\/\">Consiliere Astrologica Chineza pentru afaceri<\/a> &nbsp;<\/li>\n<p><\/p><\/ul>\n<p><\/p>\n<p><\/p>\n<p>Analiza <strong>Astrologica, I Ching <\/strong>si <strong>Qi Men<\/strong> cuprinde: compatibilitatea cu un partener de afaceri, colaborator sau angajatii firmei in cauza; analiza hartilor de nastere ale angajatilor unei companii sau corporatii; calcularea datelor de bun augur sau nefavorabile si interpretarea tuturor intrebarilor adresate conform Divinatiei I Ching si Qi Men.<\/p>\n<p><\/p>\n<p><\/p>\n<p>Aceste servicii sunt confidentiale si se respecta anonimatul clientilor.<\/p>\n<p><\/p>\n<p><\/p>\n<p>De asemenea, S.C. FENG SHUI DIVINE CENTER S.R.L. organizeaza periodic <strong>evenimente,<\/strong> <strong>cursuri<\/strong> si <strong>seminarii<\/strong> pentru toti cei interesati sa cunoasca aceste stiinte traditionale care sunt la baza activitatii acestei firme: Feng Shui, Astrologie Chineza, Divinatie I Ching, Qi Men, precum si altele descrise pe pagina oficiala.<\/p>\n<p><\/p>\n<p><\/p>\n<p>Pentru <strong>programari, rezervari <\/strong>sau <strong>alte informatii<\/strong>, va recomandam sa apelati la urmatoarele contacte:<\/p>\n<p><\/p>\n<p><\/p>\n<p>Valentina Vinatoru,<\/p>\n<p><\/p>\n<p><\/p>\n<p>S.C. FENG SHUI DIVINE CENTER S.R.L.<\/p>\n<p><\/p>\n<p><\/p>\n<p>M: +40 756 858 833<\/p>\n<p><\/p>\n<p><\/p>\n<p>E: <a href=\"mailto:valentina@fengshuidivine.com\">valentina@fengshuidivine.com<\/a> &nbsp;<\/p>\n<p><\/p>\n<p><\/p>\n<p>W: <a href=\"https:\/\/fengshuidivine.com\/en\/\">www.fengshuidivine.com<\/a>, <a href=\"http:\/\/www.fengshuidivine.ro\">www.fengshuidivine.ro<\/a><\/p>\n<p><\/p>\t\t\t\t\t\t\t\t<\/div>\n\t\t\t\t\t<\/div>\n\t\t<\/div>\n\t\t\t\t\t<\/div>\n\t\t<\/section>\n\t\t\t\t<\/div>","protected":false},"excerpt":{"rendered":"<p>POLITIC\u0102 DE CONFIDEN\u021aIALITATE A S.C. FENG SHUI DIVINE CENTER S.R.L. Comunicarea \u00een mediul online reprezint\u0103 una dintre cele mai rapide [&hellip;]<\/p>\n","protected":false},"author":2,"featured_media":0,"parent":0,"menu_order":0,"comment_status":"closed","ping_status":"closed","template":"","meta":{"inline_featured_image":false,"footnotes":""},"class_list":["post-7754","page","type-page","status-publish","hentry"],"_links":{"self":[{"href":"https:\/\/fengshuidivine.com\/en\/wp-json\/wp\/v2\/pages\/7754","targetHints":{"allow":["GET"]}}],"collection":[{"href":"https:\/\/fengshuidivine.com\/en\/wp-json\/wp\/v2\/pages"}],"about":[{"href":"https:\/\/fengshuidivine.com\/en\/wp-json\/wp\/v2\/types\/page"}],"author":[{"embeddable":true,"href":"https:\/\/fengshuidivine.com\/en\/wp-json\/wp\/v2\/users\/2"}],"replies":[{"embeddable":true,"href":"https:\/\/fengshuidivine.com\/en\/wp-json\/wp\/v2\/comments?post=7754"}],"version-history":[{"count":8,"href":"https:\/\/fengshuidivine.com\/en\/wp-json\/wp\/v2\/pages\/7754\/revisions"}],"predecessor-version":[{"id":9037,"href":"https:\/\/fengshuidivine.com\/en\/wp-json\/wp\/v2\/pages\/7754\/revisions\/9037"}],"wp:attachment":[{"href":"https:\/\/fengshuidivine.com\/en\/wp-json\/wp\/v2\/media?parent=7754"}],"curies":[{"name":"wp","href":"https:\/\/api.w.org\/{rel}","templated":true}]}}