{"id":4965,"date":"2021-06-05T02:37:16","date_gmt":"2021-06-04T23:37:16","guid":{"rendered":"https:\/\/fengshui.luh.ro\/?page_id=4965"},"modified":"2023-03-08T14:45:29","modified_gmt":"2023-03-08T12:45:29","slug":"joey-yap","status":"publish","type":"page","link":"https:\/\/fengshuidivine.com\/en\/mari-maestri\/joey-yap\/","title":{"rendered":"JOEY YAP"},"content":{"rendered":"<div data-elementor-type=\"wp-page\" data-elementor-id=\"4965\" class=\"elementor elementor-4965\">\n\t\t\t\t\t\t<section class=\"elementor-section elementor-top-section elementor-element elementor-element-02a0158 elementor-section-boxed elementor-section-height-default elementor-section-height-default default-style\" data-id=\"02a0158\" data-element_type=\"section\" data-e-type=\"section\" data-settings=\"{&quot;rt_color_sets&quot;:&quot;default-style&quot;}\">\n\t\t\t\t\t\t<div class=\"elementor-container elementor-column-gap-default\">\n\t\t\t\t\t<div class=\"elementor-column elementor-col-50 elementor-top-column elementor-element elementor-element-dc2442a\" data-id=\"dc2442a\" data-element_type=\"column\" data-e-type=\"column\">\n\t\t\t<div class=\"elementor-widget-wrap elementor-element-populated\">\n\t\t\t\t\t\t<div class=\"elementor-element elementor-element-f6a1acf elementor-widget elementor-widget-image\" data-id=\"f6a1acf\" data-element_type=\"widget\" data-e-type=\"widget\" data-widget_type=\"image.default\">\n\t\t\t\t\t\t\t\t\t\t\t\t\t\t\t<img decoding=\"async\" width=\"210\" height=\"210\" src=\"https:\/\/fengshuidivine.com\/wp-content\/uploads\/life-dato-2-e1461052101536.jpg\" class=\"attachment-large size-large wp-image-864\" alt=\"\" srcset=\"https:\/\/fengshuidivine.com\/wp-content\/uploads\/life-dato-2-e1461052101536.jpg 210w, https:\/\/fengshuidivine.com\/wp-content\/uploads\/life-dato-2-e1461052101536-100x100.jpg 100w, https:\/\/fengshuidivine.com\/wp-content\/uploads\/life-dato-2-e1461052101536-150x150.jpg 150w, https:\/\/fengshuidivine.com\/wp-content\/uploads\/life-dato-2-e1461052101536-105x105.jpg 105w\" sizes=\"(max-width: 210px) 100vw, 210px\" \/>\t\t\t\t\t\t\t\t\t\t\t\t\t\t\t<\/div>\n\t\t\t\t\t<\/div>\n\t\t<\/div>\n\t\t\t\t<div class=\"elementor-column elementor-col-50 elementor-top-column elementor-element elementor-element-333802c\" data-id=\"333802c\" data-element_type=\"column\" data-e-type=\"column\">\n\t\t\t<div class=\"elementor-widget-wrap elementor-element-populated\">\n\t\t\t\t\t\t<div class=\"elementor-element elementor-element-bcddd30 elementor-widget elementor-widget-text-editor\" data-id=\"bcddd30\" data-element_type=\"widget\" data-e-type=\"widget\" data-widget_type=\"text-editor.default\">\n\t\t\t\t\t\t\t\t\t<p style=\"text-align: justify;\"><strong>Joey Yap,<\/strong> <strong>\u00eentemeietorul Master Academy of Chinese Metaphysics, o organiza\u021bie globala cu misiunea de a r\u0103sp\u00e2ndi \u00eenv\u0103\u021b\u0103turi str\u0103vechi privind destinul, feng shui-ul tradi\u021bional \u0219i fizionomia \u0219i consultant coordonator la <\/strong><em><strong>\u201cYap Consulting Group Joey\u201d<\/strong><\/em><strong>. El este autoritatea cea mai important\u0103 din lume \u00een Metafizica Chinez\u0103 \u0219i un prolific autor a sute de c\u0103r\u021bi de specialitate.<\/strong><\/p>\t\t\t\t\t\t\t\t<\/div>\n\t\t\t\t\t<\/div>\n\t\t<\/div>\n\t\t\t\t\t<\/div>\n\t\t<\/section>\n\t\t\t\t<section class=\"elementor-section elementor-top-section elementor-element elementor-element-8e904e8 elementor-section-boxed elementor-section-height-default elementor-section-height-default default-style\" data-id=\"8e904e8\" data-element_type=\"section\" data-e-type=\"section\" data-settings=\"{&quot;rt_color_sets&quot;:&quot;default-style&quot;}\">\n\t\t\t\t\t\t<div class=\"elementor-container elementor-column-gap-default\">\n\t\t\t\t\t<div class=\"elementor-column elementor-col-100 elementor-top-column elementor-element elementor-element-987ade6\" data-id=\"987ade6\" data-element_type=\"column\" data-e-type=\"column\">\n\t\t\t<div class=\"elementor-widget-wrap elementor-element-populated\">\n\t\t\t\t\t\t<div class=\"elementor-element elementor-element-f15cb3c elementor-widget elementor-widget-text-editor\" data-id=\"f15cb3c\" data-element_type=\"widget\" data-e-type=\"widget\" data-widget_type=\"text-editor.default\">\n\t\t\t\t\t\t\t\t\t<p style=\"text-align: justify;\"><strong><u><span lang=\"RO\">Despre via\u021ba lui<\/span><\/u><\/strong><\/p><p style=\"text-align: justify;\"><strong><span lang=\"RO\">Joey Yap<\/span><\/strong><span lang=\"RO\"> a crescut \u00een Kuala Lumpur, Malaezia. La varsta de 22 de ani a ob\u021binut diploma de licen\u021b\u0103 \u00een contabilitate (facultate absolvit\u0103 \u00een Australia).<\/span><\/p><p style=\"text-align: justify;\"><span lang=\"RO\">De-a lungul copil\u0103riei sale, el a fost mereu atras de \u0219tiin\u021bele abstracte, de Univers. Toate acestea i se p\u0103reau diferite de ceea ce a \u00eenv\u0103\u021bat \u00een laboratoarele \u0219colare. La v\u00e2rsta de 15 ani, el a \u00eenceput s\u0103 citeasc\u0103, s\u0103 studieze \u0219i s\u0103 descopere c\u0103r\u021bi despre \u0219tiin\u021ba feng shui clasic \u0219i metafizica chinez\u0103.<\/span><\/p><p style=\"text-align: justify;\"><span lang=\"RO\">\u00cenarmat cu o nou\u0103 misiune, p\u00e2n\u0103 la v\u00e2rsta de 17 ani Joey Yap a \u00eenv\u0103\u021bat multe lucruri despre \u0219tiin\u021ba\u00a0 metafizicii chineze \u0219i a contactat profesori din domeniu pentru a-\u0219i urma calea lui. La v\u00e2rsta de 20 de ani, \u00een timp ce to\u021bi ceilal\u021bi colegi de-ai lui, aveau locuri de munc\u0103 prin cafenele sau \u00een interiorul campusului, Joey Yap, efectua deja consultan\u021be Feng Shui \u00een toat\u0103 Australia.<\/span><\/p><p style=\"text-align: justify;\"><span lang=\"RO\">La absolvirea facult\u0103\u021bii, el s-a confruntat cu ceea ce a fost, probabil, cea mai mare dilem\u0103. Cei mai apropia\u021bi oameni din jurul lui \u00eei tot spuneau, s\u0103 nu piard\u0103 timpul, c\u0103 din aceast\u0103 cale nu se poate c\u00e2\u0219tiga un trai decent \u0219i s\u0103 renun\u021be la acest hobby.<\/span><\/p><p style=\"text-align: justify;\"><span lang=\"RO\">Dar el a continuat \u0219i la doar 5 ani dup\u0103 ce a absolvit facultatea a dovedit c\u0103 este o meserie valoroas\u0103 din care po\u021bi deveni milionar. A\u0219adar, de la v\u00e2rsta de 32 de ani conduce o companie de milioane de dolari, axat\u0103 pe domenii de afaceri, educa\u021bie, consultan\u021b\u0103, editur\u0103, IT \u0219i propriet\u0103\u021bi \u2013 f\u0103c\u00e2ndu-l liber din punct de vedere financiar. Prin urmare, Joey Yap a r\u0103mas fidel pasiunii sale, care, de fapt, este factorul principal a tot ceea ce a realizat p\u00e2n\u0103 ast\u0103zi.<\/span><\/p>\t\t\t\t\t\t\t\t<\/div>\n\t\t\t\t\t<\/div>\n\t\t<\/div>\n\t\t\t\t\t<\/div>\n\t\t<\/section>\n\t\t\t\t<\/div>","protected":false},"excerpt":{"rendered":"<p>Joey Yap, \u00eentemeietorul Master Academy of Chinese Metaphysics, o organiza\u021bie globala cu misiunea de a r\u0103sp\u00e2ndi \u00eenv\u0103\u021b\u0103turi str\u0103vechi privind destinul, [&hellip;]<\/p>\n","protected":false},"author":1,"featured_media":0,"parent":4637,"menu_order":0,"comment_status":"closed","ping_status":"closed","template":"","meta":{"inline_featured_image":false,"footnotes":""},"class_list":["post-4965","page","type-page","status-publish","hentry"],"_links":{"self":[{"href":"https:\/\/fengshuidivine.com\/en\/wp-json\/wp\/v2\/pages\/4965","targetHints":{"allow":["GET"]}}],"collection":[{"href":"https:\/\/fengshuidivine.com\/en\/wp-json\/wp\/v2\/pages"}],"about":[{"href":"https:\/\/fengshuidivine.com\/en\/wp-json\/wp\/v2\/types\/page"}],"author":[{"embeddable":true,"href":"https:\/\/fengshuidivine.com\/en\/wp-json\/wp\/v2\/users\/1"}],"replies":[{"embeddable":true,"href":"https:\/\/fengshuidivine.com\/en\/wp-json\/wp\/v2\/comments?post=4965"}],"version-history":[{"count":5,"href":"https:\/\/fengshuidivine.com\/en\/wp-json\/wp\/v2\/pages\/4965\/revisions"}],"predecessor-version":[{"id":7540,"href":"https:\/\/fengshuidivine.com\/en\/wp-json\/wp\/v2\/pages\/4965\/revisions\/7540"}],"up":[{"embeddable":true,"href":"https:\/\/fengshuidivine.com\/en\/wp-json\/wp\/v2\/pages\/4637"}],"wp:attachment":[{"href":"https:\/\/fengshuidivine.com\/en\/wp-json\/wp\/v2\/media?parent=4965"}],"curies":[{"name":"wp","href":"https:\/\/api.w.org\/{rel}","templated":true}]}}