{"id":4959,"date":"2021-06-05T02:33:29","date_gmt":"2021-06-04T23:33:29","guid":{"rendered":"https:\/\/fengshui.luh.ro\/?page_id=4959"},"modified":"2021-06-05T02:35:48","modified_gmt":"2021-06-04T23:35:48","slug":"yap-cheng-hai","status":"publish","type":"page","link":"https:\/\/fengshuidivine.com\/en\/mari-maestri\/yap-cheng-hai\/","title":{"rendered":"YAP CHENG HAI"},"content":{"rendered":"<div data-elementor-type=\"wp-page\" data-elementor-id=\"4959\" class=\"elementor elementor-4959\">\n\t\t\t\t\t\t<section class=\"elementor-section elementor-top-section elementor-element elementor-element-00532f6 elementor-section-boxed elementor-section-height-default elementor-section-height-default default-style\" data-id=\"00532f6\" data-element_type=\"section\" data-e-type=\"section\" data-settings=\"{&quot;rt_color_sets&quot;:&quot;default-style&quot;}\">\n\t\t\t\t\t\t<div class=\"elementor-container elementor-column-gap-default\">\n\t\t\t\t\t<div class=\"elementor-column elementor-col-50 elementor-top-column elementor-element elementor-element-acf5451\" data-id=\"acf5451\" data-element_type=\"column\" data-e-type=\"column\">\n\t\t\t<div class=\"elementor-widget-wrap elementor-element-populated\">\n\t\t\t\t\t\t<div class=\"elementor-element elementor-element-fd4855c elementor-widget elementor-widget-image\" data-id=\"fd4855c\" data-element_type=\"widget\" data-e-type=\"widget\" data-widget_type=\"image.default\">\n\t\t\t\t\t\t\t\t\t\t\t\t\t\t\t<img decoding=\"async\" width=\"138\" height=\"210\" src=\"https:\/\/fengshuidivine.com\/wp-content\/uploads\/yap-cheng-hai.jpg\" class=\"attachment-large size-large wp-image-2257\" alt=\"\" srcset=\"https:\/\/fengshuidivine.com\/wp-content\/uploads\/yap-cheng-hai.jpg 138w, https:\/\/fengshuidivine.com\/wp-content\/uploads\/yap-cheng-hai-69x105.jpg 69w\" sizes=\"(max-width: 138px) 100vw, 138px\" \/>\t\t\t\t\t\t\t\t\t\t\t\t\t\t\t<\/div>\n\t\t\t\t\t<\/div>\n\t\t<\/div>\n\t\t\t\t<div class=\"elementor-column elementor-col-50 elementor-top-column elementor-element elementor-element-aced7b0\" data-id=\"aced7b0\" data-element_type=\"column\" data-e-type=\"column\">\n\t\t\t<div class=\"elementor-widget-wrap elementor-element-populated\">\n\t\t\t\t\t\t<div class=\"elementor-element elementor-element-b766b59 elementor-widget elementor-widget-text-editor\" data-id=\"b766b59\" data-element_type=\"widget\" data-e-type=\"widget\" data-widget_type=\"text-editor.default\">\n\t\t\t\t\t\t\t\t\t<p style=\"text-align: justify;\"><strong>Marele Maestru Yap Cheng Hai a avut peste 50 de ani experien\u021b\u0103 \u00een Feng Shui<\/strong>. De\u0219i, a fost cunoscut, \u00een primul r\u00e2nd, ca \u0219i Mare Maestru \u00een Feng Shui, el a fost la fel de experimentat \u0219i \u00een <strong>medicina chinez\u0103<\/strong>, \u00een special, \u00een <strong>artele mar\u021biale<\/strong>, <strong>Wu Shu<\/strong>, <strong>Qi Gong<\/strong>, <strong>metafizic\u0103<\/strong>, <strong>chiroma\u021bie \u0219i filosofie<\/strong>.<\/p><p style=\"text-align: justify;\">Reputatia Marele Maestru Yap Cheng Hai, ca \u0219i maestru de Feng Shui, dateaz\u0103 din 1990, atunci c\u00e2nd \u0219tiin\u021ba Feng Shui a \u00eenceput s\u0103 ia amploare, s\u0103 se fac\u0103 cunoscut\u0103 la nivel mondial.<\/p>\t\t\t\t\t\t\t\t<\/div>\n\t\t\t\t\t<\/div>\n\t\t<\/div>\n\t\t\t\t\t<\/div>\n\t\t<\/section>\n\t\t\t\t<section class=\"elementor-section elementor-top-section elementor-element elementor-element-32b39c8 elementor-section-boxed elementor-section-height-default elementor-section-height-default default-style\" data-id=\"32b39c8\" data-element_type=\"section\" data-e-type=\"section\" data-settings=\"{&quot;rt_color_sets&quot;:&quot;default-style&quot;}\">\n\t\t\t\t\t\t<div class=\"elementor-container elementor-column-gap-default\">\n\t\t\t\t\t<div class=\"elementor-column elementor-col-100 elementor-top-column elementor-element elementor-element-ec508fa\" data-id=\"ec508fa\" data-element_type=\"column\" data-e-type=\"column\">\n\t\t\t<div class=\"elementor-widget-wrap elementor-element-populated\">\n\t\t\t\t\t\t<div class=\"elementor-element elementor-element-fe71424 elementor-widget elementor-widget-text-editor\" data-id=\"fe71424\" data-element_type=\"widget\" data-e-type=\"widget\" data-widget_type=\"text-editor.default\">\n\t\t\t\t\t\t\t\t\t<p style=\"text-align: justify;\">\u00cenc\u0103 din anul 1960 Marele Maestru aplicase cuno\u0219tin\u021bele sale despre Feng Shui familiei \u0219i prietenilor. Pe m\u0103sur\u0103 ce reputa\u021bia lui cre\u0219tea, Marele Maestru, a devenit consultant feng shui pentru clien\u021bi priva\u021bi \u0219i pentru corpora\u021biile din \u00eentreaga lumea.<\/p><p style=\"text-align: justify;\">Marele Maestru Yap Cheng Hai este cel care a f\u0103cut cunoscut\u0103 \u0219tiin\u021ba Feng Shui, nu doar \u00een limba chinez\u0103, ci \u0219i \u00een limba Engleza, ca s\u0103 fie accesibil\u0103 tuturor la nivel mondial \u0219i i-a condus pe to\u021bi elevii s\u0103i pe drumul acesta.<\/p><p style=\"text-align: justify;\">Acest start a fost la \u00eenceputul anului 1960, \u00een Londra, cu mult \u00eenainte ca \u0219tiin\u021ba Feng Shui s\u0103 capteze aten\u021bia lumii \u00eentregi.<\/p><p style=\"text-align: justify;\">Cuno\u0219tin\u021bele lui aprofundate \u0219i transmise despre aceasta \u0219tiin\u021b\u0103 \u00eenc\u0103 sunt considerate a fi mult peste cele de\u021binute de al\u021bi Mae\u0219tri Feng Shui, chiar dac\u0103 acesta nu mai este \u00een via\u021b\u0103. \u00cen timpul vie\u021bii, Marele Maestru a \u00eemp\u0103rt\u0103\u0219it cuno\u0219tin\u021bele, informa\u021biile sale despre Feng Shui \u0219i celorla\u021bi Mae\u0219tri Feng Shui, incluz\u00e2nd-o chiar \u0219i pe vorbitoarea \u0219i autoarea de c\u0103r\u021bi Feng shui, Lilian Too, care i-a ascultat sfaturile c\u00e2nd a scris primele sale c\u0103r\u021bi.<\/p><p style=\"text-align: justify;\">Marele Maestru Yap Cheng Hai, de asemenea, a creat, o form\u0103 a Qi Gong, cunoscut\u0103 ca Yan Shou Gong \u0219i tradus\u0103 literal ca arte mar\u021biale pentru longevitate. Este o combina\u021bie de mi\u0219c\u0103ri f\u0103cute ca s\u0103 ajute oamenii ocupa\u021bi s\u0103 se bucure de beneficiile s\u0103n\u0103t\u0103\u021bii.<\/p><p style=\"text-align: justify;\">Marele Maestru are patru copii care au fost cei mai de \u00eencredere asisten\u021bi \u00een lec\u021biile lui de Feng Shui sau Qi Gong \u0219i care, \u00een prezent, fac cunoscute aceste \u0219tiin\u021be, a\u0219a cum o f\u0103cea \u0219i tat\u0103l lor. Copii \u2013 <strong>Boh Heong, Boh Hian, Hwee Boon \u0219i Boh Chu<\/strong> au fost printre primii lui studen\u021bi care au devenit \u0219i ei Mae\u0219tri Feng Shui de succes. Ace\u0219ti patru copii ai Marelui Maestru reprezint\u0103 viitorul \u0219i continuitatea muncii sale.<\/p><p style=\"text-align: justify;\">\u00cen prezent, Marele Maestru Yap Cheng Hai nu mai este \u00een via\u021b\u0103.<\/p>\t\t\t\t\t\t\t\t<\/div>\n\t\t\t\t\t<\/div>\n\t\t<\/div>\n\t\t\t\t\t<\/div>\n\t\t<\/section>\n\t\t\t\t<\/div>","protected":false},"excerpt":{"rendered":"<p>Marele Maestru Yap Cheng Hai a avut peste 50 de ani experien\u021b\u0103 \u00een Feng Shui. De\u0219i, a fost cunoscut, \u00een [&hellip;]<\/p>\n","protected":false},"author":1,"featured_media":0,"parent":4637,"menu_order":0,"comment_status":"closed","ping_status":"closed","template":"","meta":{"inline_featured_image":false,"footnotes":""},"class_list":["post-4959","page","type-page","status-publish","hentry"],"_links":{"self":[{"href":"https:\/\/fengshuidivine.com\/en\/wp-json\/wp\/v2\/pages\/4959","targetHints":{"allow":["GET"]}}],"collection":[{"href":"https:\/\/fengshuidivine.com\/en\/wp-json\/wp\/v2\/pages"}],"about":[{"href":"https:\/\/fengshuidivine.com\/en\/wp-json\/wp\/v2\/types\/page"}],"author":[{"embeddable":true,"href":"https:\/\/fengshuidivine.com\/en\/wp-json\/wp\/v2\/users\/1"}],"replies":[{"embeddable":true,"href":"https:\/\/fengshuidivine.com\/en\/wp-json\/wp\/v2\/comments?post=4959"}],"version-history":[{"count":4,"href":"https:\/\/fengshuidivine.com\/en\/wp-json\/wp\/v2\/pages\/4959\/revisions"}],"predecessor-version":[{"id":4963,"href":"https:\/\/fengshuidivine.com\/en\/wp-json\/wp\/v2\/pages\/4959\/revisions\/4963"}],"up":[{"embeddable":true,"href":"https:\/\/fengshuidivine.com\/en\/wp-json\/wp\/v2\/pages\/4637"}],"wp:attachment":[{"href":"https:\/\/fengshuidivine.com\/en\/wp-json\/wp\/v2\/media?parent=4959"}],"curies":[{"name":"wp","href":"https:\/\/api.w.org\/{rel}","templated":true}]}}