{"id":4953,"date":"2021-06-05T02:30:11","date_gmt":"2021-06-04T23:30:11","guid":{"rendered":"https:\/\/fengshui.luh.ro\/?page_id=4953"},"modified":"2023-02-18T18:26:12","modified_gmt":"2023-02-18T16:26:12","slug":"raymond-lo","status":"publish","type":"page","link":"https:\/\/fengshuidivine.com\/en\/articole\/raymond-lo\/","title":{"rendered":"RAYMOND LO"},"content":{"rendered":"<div data-elementor-type=\"wp-page\" data-elementor-id=\"4953\" class=\"elementor elementor-4953\">\n\t\t\t\t\t\t<section class=\"elementor-section elementor-top-section elementor-element elementor-element-87ef5bb elementor-section-boxed elementor-section-height-default elementor-section-height-default default-style\" data-id=\"87ef5bb\" data-element_type=\"section\" data-e-type=\"section\" data-settings=\"{&quot;rt_color_sets&quot;:&quot;default-style&quot;}\">\n\t\t\t\t\t\t<div class=\"elementor-container elementor-column-gap-default\">\n\t\t\t\t\t<div class=\"elementor-column elementor-col-50 elementor-top-column elementor-element elementor-element-e74e576\" data-id=\"e74e576\" data-element_type=\"column\" data-e-type=\"column\">\n\t\t\t<div class=\"elementor-widget-wrap elementor-element-populated\">\n\t\t\t\t\t\t<div class=\"elementor-element elementor-element-e8a5b21 elementor-widget elementor-widget-image\" data-id=\"e8a5b21\" data-element_type=\"widget\" data-e-type=\"widget\" data-widget_type=\"image.default\">\n\t\t\t\t\t\t\t\t\t\t\t\t\t\t\t<img fetchpriority=\"high\" decoding=\"async\" width=\"228\" height=\"333\" src=\"https:\/\/fengshuidivine.com\/wp-content\/uploads\/Raymonlo_228x333.jpg\" class=\"attachment-large size-large wp-image-2254\" alt=\"\" srcset=\"https:\/\/fengshuidivine.com\/wp-content\/uploads\/Raymonlo_228x333.jpg 228w, https:\/\/fengshuidivine.com\/wp-content\/uploads\/Raymonlo_228x333-205x300.jpg 205w, https:\/\/fengshuidivine.com\/wp-content\/uploads\/Raymonlo_228x333-114x166.jpg 114w\" sizes=\"(max-width: 228px) 100vw, 228px\" \/>\t\t\t\t\t\t\t\t\t\t\t\t\t\t\t<\/div>\n\t\t\t\t\t<\/div>\n\t\t<\/div>\n\t\t\t\t<div class=\"elementor-column elementor-col-50 elementor-top-column elementor-element elementor-element-590d8dc\" data-id=\"590d8dc\" data-element_type=\"column\" data-e-type=\"column\">\n\t\t\t<div class=\"elementor-widget-wrap elementor-element-populated\">\n\t\t\t\t\t\t<div class=\"elementor-element elementor-element-bbf01c8 elementor-widget elementor-widget-text-editor\" data-id=\"bbf01c8\" data-element_type=\"widget\" data-e-type=\"widget\" data-widget_type=\"text-editor.default\">\n\t\t\t\t\t\t\t\t\t<p style=\"text-align: justify;\">Titulatura de Mare Maestru i-a fost acordat\u0103 \u00een anul 2008 datorit\u0103 implic\u0103rii sale \u00een predarea \u0219i promovarea \u0219tiin\u021bei Feng Shui \u00een lume.<\/p><p style=\"text-align: justify;\">Conduce propria \u0219coal\u0103 de Feng Shui <strong>,,Raymond Lo\u2019s School of Feng Shui &amp; Destiny\u201d<\/strong>. To\u021bi cursan\u021bii care absolv\u0103 cursurile integrale ale acestei \u0219coli, primesc diplome de absolvire recunoscute la nivel interna\u021bional.<\/p><p style=\"text-align: justify;\">\u00cen lume este cunoscut ca <strong>,,Fung Shui Lo\u201d.<\/strong> A demonstrat \u0219i \u00een cadrul cursurilor ca este un cercet\u0103tor \u0219i practician profesionist \u00een <strong>Feng Shui<\/strong>. \u00cei place \u00een mod deosebit astrologia chinez\u0103, ,,Cei Patru St\u00e2lpi ai Destinului\u201d \u0219i face predic\u021bii I Ching.<\/p><p style=\"text-align: justify;\">Raymond Lo a absolvit Universitatea din Hong Kong, fiind licen\u021biat \u00een \u0219tiintele sociale, dar interesul s\u0103u pentru Feng Shui l-a condus spre studiul aprofundat \u0219i serios al acestei arte str\u0103vechi.<\/p>\t\t\t\t\t\t\t\t<\/div>\n\t\t\t\t\t<\/div>\n\t\t<\/div>\n\t\t\t\t\t<\/div>\n\t\t<\/section>\n\t\t\t\t<section class=\"elementor-section elementor-top-section elementor-element elementor-element-0854ce4 elementor-section-boxed elementor-section-height-default elementor-section-height-default default-style\" data-id=\"0854ce4\" data-element_type=\"section\" data-e-type=\"section\" data-settings=\"{&quot;rt_color_sets&quot;:&quot;default-style&quot;}\">\n\t\t\t\t\t\t<div class=\"elementor-container elementor-column-gap-default\">\n\t\t\t\t\t<div class=\"elementor-column elementor-col-100 elementor-top-column elementor-element elementor-element-3887135\" data-id=\"3887135\" data-element_type=\"column\" data-e-type=\"column\">\n\t\t\t<div class=\"elementor-widget-wrap elementor-element-populated\">\n\t\t\t\t\t\t<div class=\"elementor-element elementor-element-1acc285 elementor-widget elementor-widget-text-editor\" data-id=\"1acc285\" data-element_type=\"widget\" data-e-type=\"widget\" data-widget_type=\"text-editor.default\">\n\t\t\t\t\t\t\t\t\t<p style=\"text-align: justify;\">Raymond Lo este cel mai faimos pentru exactitatea predic\u021biilor sale. El a prezis corect sute de evenimente \u2013 despre probleme politice, economice, sociale \u0219i dezastre naturale, c\u00e2t \u0219i despre evenimente din diferite sectoare ale industriei, inclusiv cele din divertisment \u0219i tehnologie.<br><\/p>\n<p style=\"text-align: justify;\">Printre realiz\u0103rile sale cele mai apreciate se num\u0103r\u0103: estimarea c\u0103derii liderului sovietic Mihail Gorbaciov \u00een anul 1991; demisia fostului prim-ministru britanic Margaret Thatcher \u0219i a pre\u0219edintelui rus Boris Yeltsin; izbucnirea r\u0103zboaielor din Golf \u00een anii 1990 \u0219i 2002; capturarea lui Saddam Hussein \u00een anul 2003 \u0219i uciderea lui Bin Laden \u00een anul 2011. El a prezis, de asemenea, accidentul de la NASDAQ \u00een anul 2000; &nbsp;desp\u0103r\u021birea starurilor de la Hollywood Tom Cruise \u0219i Nicole Kidman \u00een anul 2001 \u0219i cu Katie Holmes \u00een &nbsp;anul 2012; redresarea economic\u0103 din Hong Kong \u00een anul 2004; moartea co-fondatorului Apple Steve Jobs \u00een anul 2011 \u0219i alegerea pre\u0219edintelui Obama \u00een anul 2012 . Cel mai recent, el a prezis corect evenimentul celor doi tineri responsabili pentru atentatul din Boston Marathon, precum \u0219i despre redresarea pie\u021bei de capital \u00een S.U.A. \u00een anul 2013 .<\/p>\n<p style=\"text-align: justify;\">Raymond Lo este autorul a 13 lucr\u0103ri despre Feng Shui, at\u00e2t \u00een limba engleza c\u00e2t \u0219i chinez\u0103 \u0219i traduse \u00een mai mult de 10 limbi, inclusiv poloneza, franceza, rusa, greaca, maghiara&nbsp; thai, japoneza, contribuind astfel la popularizarea acestei \u0219tiin\u021be \u0219i la cunoa\u0219terea acesteia \u00een diferite publica\u021bii \u0219i produse media.<\/p>\n<p style=\"text-align: justify;\">\u00cen ultimii ani a avut numeroase apari\u021bii \u00een programe tv, cum ar fi cele de la <strong>BBC \u2013 Whicker\u2019s World<\/strong>, <strong>ABC- Good Morning America<\/strong> \u0219i a fost intervievat frecvent de mul\u021bi oameni din pres\u0103 cum ar fi CNN, ABC, CNBC \u0219i RTHK. Este invitat frecvent s\u0103 \u021bin\u0103 prelegeri \u0219i prezent\u0103ri \u00een cadrul unor conferin\u021be renumite pe plan mondial cum ar fi \u201cForumul Economic Mondial\u201d \u0219i universitatea CEO.<\/p>\n<p style=\"text-align: justify;\">Raymond Lo este consultantul comitetului turistic al Hong Kong pe programele de expozi\u021bii \u0219i tururi Feng Shui. Este de asemenea consultant pentru Academia de Hoteluri, pentru Feng Shui Hotline al China Morning Post, el conduce programe de training Feng Shui acreditate \u00een multe ora\u0219e principale ale lumii \u0219i este consultantul principal al Re\u021belei Interna\u021bionale de Servicii Feng Shui.<\/p>\t\t\t\t\t\t\t\t<\/div>\n\t\t\t\t\t<\/div>\n\t\t<\/div>\n\t\t\t\t\t<\/div>\n\t\t<\/section>\n\t\t\t\t<\/div>","protected":false},"excerpt":{"rendered":"<p>Titulatura de Mare Maestru i-a fost acordat\u0103 \u00een anul 2008 datorit\u0103 implic\u0103rii sale \u00een predarea \u0219i promovarea \u0219tiin\u021bei Feng Shui [&hellip;]<\/p>\n","protected":false},"author":1,"featured_media":0,"parent":6241,"menu_order":0,"comment_status":"closed","ping_status":"closed","template":"","meta":{"inline_featured_image":false,"footnotes":""},"class_list":["post-4953","page","type-page","status-publish","hentry"],"_links":{"self":[{"href":"https:\/\/fengshuidivine.com\/en\/wp-json\/wp\/v2\/pages\/4953","targetHints":{"allow":["GET"]}}],"collection":[{"href":"https:\/\/fengshuidivine.com\/en\/wp-json\/wp\/v2\/pages"}],"about":[{"href":"https:\/\/fengshuidivine.com\/en\/wp-json\/wp\/v2\/types\/page"}],"author":[{"embeddable":true,"href":"https:\/\/fengshuidivine.com\/en\/wp-json\/wp\/v2\/users\/1"}],"replies":[{"embeddable":true,"href":"https:\/\/fengshuidivine.com\/en\/wp-json\/wp\/v2\/comments?post=4953"}],"version-history":[{"count":5,"href":"https:\/\/fengshuidivine.com\/en\/wp-json\/wp\/v2\/pages\/4953\/revisions"}],"predecessor-version":[{"id":7500,"href":"https:\/\/fengshuidivine.com\/en\/wp-json\/wp\/v2\/pages\/4953\/revisions\/7500"}],"up":[{"embeddable":true,"href":"https:\/\/fengshuidivine.com\/en\/wp-json\/wp\/v2\/pages\/6241"}],"wp:attachment":[{"href":"https:\/\/fengshuidivine.com\/en\/wp-json\/wp\/v2\/media?parent=4953"}],"curies":[{"name":"wp","href":"https:\/\/api.w.org\/{rel}","templated":true}]}}