{"id":4947,"date":"2021-06-05T02:25:53","date_gmt":"2021-06-04T23:25:53","guid":{"rendered":"https:\/\/fengshui.luh.ro\/?page_id=4947"},"modified":"2025-08-28T21:34:21","modified_gmt":"2025-08-28T18:34:21","slug":"divinatia-qi-men-dun-jia","status":"publish","type":"page","link":"https:\/\/fengshuidivine.com\/en\/servicii-profesionale\/divinatia-qi-men-dun-jia\/","title":{"rendered":"Divina\u021bia Qi Men Dun Jia"},"content":{"rendered":"<div data-elementor-type=\"wp-page\" data-elementor-id=\"4947\" class=\"elementor elementor-4947\">\n\t\t\t\t\t\t<section class=\"elementor-section elementor-top-section elementor-element elementor-element-0c7371a elementor-section-boxed elementor-section-height-default elementor-section-height-default default-style\" data-id=\"0c7371a\" data-element_type=\"section\" data-e-type=\"section\" data-settings=\"{&quot;rt_color_sets&quot;:&quot;default-style&quot;}\">\n\t\t\t\t\t\t<div class=\"elementor-container elementor-column-gap-default\">\n\t\t\t\t\t<div class=\"elementor-column elementor-col-100 elementor-top-column elementor-element elementor-element-fa48984\" data-id=\"fa48984\" data-element_type=\"column\" data-e-type=\"column\">\n\t\t\t<div class=\"elementor-widget-wrap elementor-element-populated\">\n\t\t\t\t\t\t<div class=\"elementor-element elementor-element-8c8c70f elementor-widget elementor-widget-text-editor\" data-id=\"8c8c70f\" data-element_type=\"widget\" data-e-type=\"widget\" data-widget_type=\"text-editor.default\">\n\t\t\t\t\t\t\t\t\t<p style=\"text-align: justify;\"><strong><img fetchpriority=\"high\" decoding=\"async\" class=\"size-medium wp-image-8233 alignleft\" src=\"https:\/\/fengshuidivine.com\/wp-content\/uploads\/Screenshot-2023-04-08-at-20-28-22-Qi-Men-Dun-Jia-\u5947\u9580\u9041\u7532-300x300.png\" alt=\"\" width=\"300\" height=\"300\" srcset=\"https:\/\/fengshuidivine.com\/wp-content\/uploads\/Screenshot-2023-04-08-at-20-28-22-Qi-Men-Dun-Jia-\u5947\u9580\u9041\u7532-300x300.png 300w, https:\/\/fengshuidivine.com\/wp-content\/uploads\/Screenshot-2023-04-08-at-20-28-22-Qi-Men-Dun-Jia-\u5947\u9580\u9041\u7532-150x150.png 150w, https:\/\/fengshuidivine.com\/wp-content\/uploads\/Screenshot-2023-04-08-at-20-28-22-Qi-Men-Dun-Jia-\u5947\u9580\u9041\u7532-768x769.png 768w, https:\/\/fengshuidivine.com\/wp-content\/uploads\/Screenshot-2023-04-08-at-20-28-22-Qi-Men-Dun-Jia-\u5947\u9580\u9041\u7532-454x455.png 454w, https:\/\/fengshuidivine.com\/wp-content\/uploads\/Screenshot-2023-04-08-at-20-28-22-Qi-Men-Dun-Jia-\u5947\u9580\u9041\u7532-600x601.png 600w, https:\/\/fengshuidivine.com\/wp-content\/uploads\/Screenshot-2023-04-08-at-20-28-22-Qi-Men-Dun-Jia-\u5947\u9580\u9041\u7532-100x100.png 100w, https:\/\/fengshuidivine.com\/wp-content\/uploads\/Screenshot-2023-04-08-at-20-28-22-Qi-Men-Dun-Jia-\u5947\u9580\u9041\u7532.png 909w\" sizes=\"(max-width: 300px) 100vw, 300px\" \/> \u00a0\u00a0\u00a0\u00a0 Qi Men Dun Jia este arta metafizic\u0103 chinez\u0103<\/strong> <strong>de a<\/strong> <strong>ne \u00eendrum\u0103<\/strong> <strong>la momentul potrivit c\u0103tre locul potrivit, pentru a face ac\u021biunea potrivit\u0103, folosind puterea potrivit\u0103.<\/strong><\/p><p style=\"text-align: justify;\"><strong>\u00a0\u00a0\u00a0\u00a0\u00a0\u00a0 Qi Men Dun Jia ne ofer\u0103:<\/strong><\/p><ul style=\"text-align: justify;\"><li>capacitatea de ne \u00eembun\u0103t\u0103\u021bii \u0219ansele pentru atingerea obiectivelor dorite.<\/li><li>previzionarea rezultatului unei ac\u021biuni.<\/li><li>g\u0103sirea solu\u021biilor necesare pentru evenimente precum: activit\u0103\u021bi legate de afaceri, c\u0103utarea de locuri de munc\u0103 sau alte activit\u0103\u021bi legate de carier\u0103, s\u0103n\u0103tate, c\u0103s\u0103torie \u0219i rela\u021bii, Feng Shui, determinarea oportunit\u0103\u021bilor \u0219i multe altele.<\/li><\/ul><p style=\"text-align: justify;\"><strong>\u00a0\u00a0\u00a0\u00a0\u00a0\u00a0 Qi Men Dun Jia ne sus\u021bine energetic \u0219i ne ajut\u0103 s\u0103 \u00eembun\u0103t\u0103\u021bim poten\u021bialul de succes.<\/strong><\/p><p style=\"text-align: justify;\">Qi Men Dun Jia ne arat\u0103 <strong>ce avem de f\u0103cut<\/strong>, <strong>c\u00e2nd s\u0103 facem<\/strong>, <strong>cu cine s\u0103 facem<\/strong> <strong>\u0219i unde s\u0103 facem,<\/strong> astfel \u00eenc\u00e2t, zi de zi s\u0103 punem bazele unui viitor propriu mult mai bun.<\/p><p style=\"text-align: justify;\"><strong>\u00a0\u00a0\u00a0\u00a0\u00a0\u00a0<u> Consultan\u021ba Qi Men Dun Jia<\/u>\u00a0\u00a0 <\/strong><\/p><p style=\"text-align: justify;\"><strong>\u00a0\u00a0\u00a0\u00a0\u00a0\u00a0 <span style=\"color: #b00c2d;\">Cost:\u00a0 800 RON\/ o or\u0103 de consultan\u021b\u0103<\/span> <br \/><\/strong><em>\u00a0\u00a0\u00a0\u00a0 Pentru un calendar lunar cu date de bun augur v\u0103 rog s\u0103 m\u0103 contacta\u021bi.<\/em><\/p>\t\t\t\t\t\t\t\t<\/div>\n\t\t\t\t\t<\/div>\n\t\t<\/div>\n\t\t\t\t\t<\/div>\n\t\t<\/section>\n\t\t<div class=\"elementor-element elementor-element-c39bdee e-flex e-con-boxed default-style e-con e-parent\" data-id=\"c39bdee\" data-element_type=\"container\" data-e-type=\"container\" data-settings=\"{&quot;rt_color_sets&quot;:&quot;default-style&quot;}\">\n\t\t\t\t\t<div class=\"e-con-inner\">\n\t\t\t\t<div class=\"elementor-element elementor-element-c3d5c28 elementor-align-center elementor-widget elementor-widget-rt-button\" data-id=\"c3d5c28\" data-element_type=\"widget\" data-e-type=\"widget\" data-widget_type=\"rt-button.default\">\n\t\t\t\t<div class=\"elementor-widget-container\">\n\t\t\t\t\t<div class=\"button_wrapper  rounded\"><a href=\"https:\/\/fengshuidivine.com\/en\/product\/divinatia-qi-men-dun-jia\/\" target=\"_self\" title=\"Comand\u0103 Acum\" class=\"button_  style-1 small\"><span><span>Comand\u0103 Acum<\/span><\/span><\/a><\/div>\t\t\t\t<\/div>\n\t\t\t\t<\/div>\n\t\t\t\t\t<\/div>\n\t\t\t\t<\/div>\n\t\t\t\t<\/div>","protected":false},"excerpt":{"rendered":"<p>\u00a0\u00a0\u00a0\u00a0 Qi Men Dun Jia este arta metafizic\u0103 chinez\u0103 de a ne \u00eendrum\u0103 la momentul potrivit c\u0103tre locul potrivit, pentru [&hellip;]<\/p>\n","protected":false},"author":1,"featured_media":0,"parent":4627,"menu_order":0,"comment_status":"closed","ping_status":"closed","template":"","meta":{"inline_featured_image":false,"footnotes":""},"class_list":["post-4947","page","type-page","status-publish","hentry"],"_links":{"self":[{"href":"https:\/\/fengshuidivine.com\/en\/wp-json\/wp\/v2\/pages\/4947","targetHints":{"allow":["GET"]}}],"collection":[{"href":"https:\/\/fengshuidivine.com\/en\/wp-json\/wp\/v2\/pages"}],"about":[{"href":"https:\/\/fengshuidivine.com\/en\/wp-json\/wp\/v2\/types\/page"}],"author":[{"embeddable":true,"href":"https:\/\/fengshuidivine.com\/en\/wp-json\/wp\/v2\/users\/1"}],"replies":[{"embeddable":true,"href":"https:\/\/fengshuidivine.com\/en\/wp-json\/wp\/v2\/comments?post=4947"}],"version-history":[{"count":40,"href":"https:\/\/fengshuidivine.com\/en\/wp-json\/wp\/v2\/pages\/4947\/revisions"}],"predecessor-version":[{"id":11512,"href":"https:\/\/fengshuidivine.com\/en\/wp-json\/wp\/v2\/pages\/4947\/revisions\/11512"}],"up":[{"embeddable":true,"href":"https:\/\/fengshuidivine.com\/en\/wp-json\/wp\/v2\/pages\/4627"}],"wp:attachment":[{"href":"https:\/\/fengshuidivine.com\/en\/wp-json\/wp\/v2\/media?parent=4947"}],"curies":[{"name":"wp","href":"https:\/\/api.w.org\/{rel}","templated":true}]}}