{"id":4938,"date":"2021-06-05T02:22:03","date_gmt":"2021-06-04T23:22:03","guid":{"rendered":"https:\/\/fengshui.luh.ro\/?page_id=4938"},"modified":"2026-01-21T10:47:12","modified_gmt":"2026-01-21T08:47:12","slug":"previziuni-pentru-anul-2026-conform-datei-de-nastere","status":"publish","type":"page","link":"https:\/\/fengshuidivine.com\/en\/servicii-profesionale\/previziuni-pentru-anul-2026-conform-datei-de-nastere\/","title":{"rendered":"Previziuni pentru anul 2026, conform datei de na\u0219tere"},"content":{"rendered":"<div data-elementor-type=\"wp-page\" data-elementor-id=\"4938\" class=\"elementor elementor-4938\">\n\t\t\t\t\t\t<section class=\"elementor-section elementor-top-section elementor-element elementor-element-650630c elementor-section-boxed elementor-section-height-default elementor-section-height-default default-style\" data-id=\"650630c\" data-element_type=\"section\" data-e-type=\"section\" data-settings=\"{&quot;rt_color_sets&quot;:&quot;default-style&quot;}\">\n\t\t\t\t\t\t<div class=\"elementor-container elementor-column-gap-default\">\n\t\t\t\t\t<div class=\"elementor-column elementor-col-100 elementor-top-column elementor-element elementor-element-008ea55\" data-id=\"008ea55\" data-element_type=\"column\" data-e-type=\"column\">\n\t\t\t<div class=\"elementor-widget-wrap elementor-element-populated\">\n\t\t\t\t\t\t<div class=\"elementor-element elementor-element-2f8f229 elementor-widget elementor-widget-text-editor\" data-id=\"2f8f229\" data-element_type=\"widget\" data-e-type=\"widget\" data-widget_type=\"text-editor.default\">\n\t\t\t\t\t\t\t\t\t<p><em><strong>\u00a0\u00a0<img decoding=\"async\" class=\"wp-image-11815 alignleft\" src=\"https:\/\/fengshuidivine.com\/wp-content\/uploads\/WhatsApp-Image-2025-11-13-at-21.40.45_761a6191-300x209.jpg\" alt=\"\" width=\"184\" height=\"128\" srcset=\"https:\/\/fengshuidivine.com\/wp-content\/uploads\/WhatsApp-Image-2025-11-13-at-21.40.45_761a6191-300x209.jpg 300w, https:\/\/fengshuidivine.com\/wp-content\/uploads\/WhatsApp-Image-2025-11-13-at-21.40.45_761a6191-1536x1073.jpg 1536w, https:\/\/fengshuidivine.com\/wp-content\/uploads\/WhatsApp-Image-2025-11-13-at-21.40.45_761a6191-18x12.jpg 18w, https:\/\/fengshuidivine.com\/wp-content\/uploads\/WhatsApp-Image-2025-11-13-at-21.40.45_761a6191-1024x715.jpg 1024w, https:\/\/fengshuidivine.com\/wp-content\/uploads\/WhatsApp-Image-2025-11-13-at-21.40.45_761a6191-600x419.jpg 600w, https:\/\/fengshuidivine.com\/wp-content\/uploads\/WhatsApp-Image-2025-11-13-at-21.40.45_761a6191-768x536.jpg 768w, https:\/\/fengshuidivine.com\/wp-content\/uploads\/WhatsApp-Image-2025-11-13-at-21.40.45_761a6191.jpg 2048w\" sizes=\"(max-width: 184px) 100vw, 184px\" \/><\/strong><\/em><em><strong>Cuprinde:<\/strong><\/em><\/p><ul><li>Previziuni generale (carier\u0103, prosperitate, s\u0103n\u0103tate);<\/li><li>Previziuni lunare;<\/li><li>Combina\u021bii specifice cu harta personal\u0103 \u0219i anul \u00een curs, recomand\u0103ri pentru evitarea problemelor sau \u00eembun\u0103t\u0103\u021birea rezultatelor;<\/li><\/ul><p><strong>\u00a0\u00a0\u00a0 <span style=\"color: #993300;\">Cost: 700 RON \/ ora de consultan\u021b\u0103\u00a0<\/span><\/strong><\/p>\t\t\t\t\t\t\t\t<\/div>\n\t\t\t\t\t<\/div>\n\t\t<\/div>\n\t\t\t\t\t<\/div>\n\t\t<\/section>\n\t\t<div class=\"elementor-element elementor-element-4da6782 e-flex e-con-boxed default-style e-con e-parent\" data-id=\"4da6782\" data-element_type=\"container\" data-e-type=\"container\" data-settings=\"{&quot;rt_color_sets&quot;:&quot;default-style&quot;}\">\n\t\t\t\t\t<div class=\"e-con-inner\">\n\t\t\t\t<div class=\"elementor-element elementor-element-fadd8b8 elementor-align-center elementor-widget elementor-widget-rt-button\" data-id=\"fadd8b8\" data-element_type=\"widget\" data-e-type=\"widget\" data-widget_type=\"rt-button.default\">\n\t\t\t\t<div class=\"elementor-widget-container\">\n\t\t\t\t\t<div class=\"button_wrapper  rounded\"><a href=\"https:\/\/fengshuidivine.com\/en\/product\/previziuni-pentru-anul-2023-conform-datei-de-nastere\/\" target=\"_self\" title=\"Comand\u0103 Acum\" class=\"button_  style-1 small\"><span><span>Comand\u0103 Acum<\/span><\/span><\/a><\/div>\t\t\t\t<\/div>\n\t\t\t\t<\/div>\n\t\t\t\t\t<\/div>\n\t\t\t\t<\/div>\n\t\t\t\t<\/div>","protected":false},"excerpt":{"rendered":"<p>\u00a0\u00a0Cuprinde: Previziuni generale (carier\u0103, prosperitate, s\u0103n\u0103tate); Previziuni lunare; Combina\u021bii specifice cu harta personal\u0103 \u0219i anul \u00een curs, recomand\u0103ri pentru evitarea [&hellip;]<\/p>\n","protected":false},"author":1,"featured_media":0,"parent":4627,"menu_order":0,"comment_status":"closed","ping_status":"closed","template":"","meta":{"inline_featured_image":false,"footnotes":""},"class_list":["post-4938","page","type-page","status-publish","hentry"],"_links":{"self":[{"href":"https:\/\/fengshuidivine.com\/en\/wp-json\/wp\/v2\/pages\/4938","targetHints":{"allow":["GET"]}}],"collection":[{"href":"https:\/\/fengshuidivine.com\/en\/wp-json\/wp\/v2\/pages"}],"about":[{"href":"https:\/\/fengshuidivine.com\/en\/wp-json\/wp\/v2\/types\/page"}],"author":[{"embeddable":true,"href":"https:\/\/fengshuidivine.com\/en\/wp-json\/wp\/v2\/users\/1"}],"replies":[{"embeddable":true,"href":"https:\/\/fengshuidivine.com\/en\/wp-json\/wp\/v2\/comments?post=4938"}],"version-history":[{"count":38,"href":"https:\/\/fengshuidivine.com\/en\/wp-json\/wp\/v2\/pages\/4938\/revisions"}],"predecessor-version":[{"id":11979,"href":"https:\/\/fengshuidivine.com\/en\/wp-json\/wp\/v2\/pages\/4938\/revisions\/11979"}],"up":[{"embeddable":true,"href":"https:\/\/fengshuidivine.com\/en\/wp-json\/wp\/v2\/pages\/4627"}],"wp:attachment":[{"href":"https:\/\/fengshuidivine.com\/en\/wp-json\/wp\/v2\/media?parent=4938"}],"curies":[{"name":"wp","href":"https:\/\/api.w.org\/{rel}","templated":true}]}}