{"id":4929,"date":"2021-06-05T02:17:46","date_gmt":"2021-06-04T23:17:46","guid":{"rendered":"https:\/\/fengshui.luh.ro\/?page_id=4929"},"modified":"2024-02-13T21:55:48","modified_gmt":"2024-02-13T19:55:48","slug":"alegerea-unei-date-de-bun-augur-pentru-nasterea-unui-copil","status":"publish","type":"page","link":"https:\/\/fengshuidivine.com\/en\/servicii-profesionale\/alegerea-unei-date-de-bun-augur-pentru-nasterea-unui-copil\/","title":{"rendered":"Alegerea unei date de bun augur pentru na\u0219terea unui copil"},"content":{"rendered":"<div data-elementor-type=\"wp-page\" data-elementor-id=\"4929\" class=\"elementor elementor-4929\">\n\t\t\t\t\t\t<section class=\"elementor-section elementor-top-section elementor-element elementor-element-8b001de elementor-section-boxed elementor-section-height-default elementor-section-height-default default-style\" data-id=\"8b001de\" data-element_type=\"section\" data-e-type=\"section\" data-settings=\"{&quot;rt_color_sets&quot;:&quot;default-style&quot;}\">\n\t\t\t\t\t\t<div class=\"elementor-container elementor-column-gap-default\">\n\t\t\t\t\t<div class=\"elementor-column elementor-col-100 elementor-top-column elementor-element elementor-element-7c0ec04\" data-id=\"7c0ec04\" data-element_type=\"column\" data-e-type=\"column\">\n\t\t\t<div class=\"elementor-widget-wrap elementor-element-populated\">\n\t\t\t\t\t\t<div class=\"elementor-element elementor-element-a3e7bea elementor-widget elementor-widget-text-editor\" data-id=\"a3e7bea\" data-element_type=\"widget\" data-e-type=\"widget\" data-widget_type=\"text-editor.default\">\n\t\t\t\t\t\t\t\t\t<p style=\"text-align: justify;\"><strong>&nbsp;&nbsp;&nbsp;&nbsp; <img fetchpriority=\"high\" decoding=\"async\" class=\"size-medium wp-image-8217 alignleft\" src=\"https:\/\/fengshuidivine.com\/wp-content\/uploads\/nastere-copil-200x300.jpg\" alt=\"\" width=\"200\" height=\"300\">Dosar de descriere a personalit\u0103\u021bii noului n\u0103scut <\/strong><\/p>\n<p style=\"text-align: justify;\"><em><strong>&nbsp;&nbsp;&nbsp; Aceasta consiliere este efectuat\u0103 \u00een cazul \u00een care mama opteaz\u0103 pentru cezarian\u0103. \u00cen cazul na\u0219terii naturale nu se pot efectua calcule exacte.<\/strong><\/em><\/p>\n<ul style=\"text-align: justify;\">\n<li><strong>Cezariana<\/strong> \u2013 este cea mai bun\u0103 variant\u0103 pentru o mam\u0103 de a alege ziua de na\u0219tere \u0219i din timp pentru copilul nou n\u0103scut. Ea trebuie s\u0103 \u00eemi comunice perioada recomandat\u0103 de medic \u00een care se poate face cezarian\u0103 \u0219i sexul copilului. Astfel, se poate recomanda cea mai buna dat\u0103 \u0219i or\u0103 pentru na\u0219terea copilului, lu\u00e2nd \u00een considerare to\u021bi factorii care afecteaz\u0103 personalitatea copilului, norocul, s\u0103n\u0103tatea acestuia \u0219i dac\u0103 vor fi aspecte din via\u021ba copilului care \u00eei vor afecta pe p\u0103rin\u021bi.<\/li>\n<li>Mama va primi ziua \u0219i ora favorabil\u0103 pentru na\u0219terea prin cezarian\u0103, iar dup\u0103 na\u0219terea copilului, p\u0103rin\u021bii vor primi un rezumat al destinului copilului, abilit\u0103\u021bile sale profesionale, precum \u0219i orice aspect al s\u0103n\u0103t\u0103\u021bii, al vie\u021bii, culorile favorabile \u0219i &nbsp;recomand\u0103ri privind obiectele decorative pentru copil.<\/li>\n<\/ul>\n<p style=\"text-align: justify;\"><strong>&nbsp;&nbsp;&nbsp; Durat\u0103 finalizare dosar: 2 \u2013 3 zile<\/strong><\/p>\n<p style=\"text-align: justify;\"><strong>&nbsp;<span style=\"color: #b00c2d;\">&nbsp; Cost: 1500 RON&nbsp;<\/span><\/strong><\/p>\n<p><\/p>\t\t\t\t\t\t\t\t<\/div>\n\t\t\t\t\t<\/div>\n\t\t<\/div>\n\t\t\t\t\t<\/div>\n\t\t<\/section>\n\t\t<div class=\"elementor-element elementor-element-6580967 e-flex e-con-boxed default-style e-con e-parent\" data-id=\"6580967\" data-element_type=\"container\" data-e-type=\"container\" data-settings=\"{&quot;rt_color_sets&quot;:&quot;default-style&quot;}\">\n\t\t\t\t\t<div class=\"e-con-inner\">\n\t\t\t\t<div class=\"elementor-element elementor-element-3430f69 elementor-align-center elementor-widget elementor-widget-rt-button\" data-id=\"3430f69\" data-element_type=\"widget\" data-e-type=\"widget\" data-widget_type=\"rt-button.default\">\n\t\t\t\t<div class=\"elementor-widget-container\">\n\t\t\t\t\t<div class=\"button_wrapper  rounded\"><a href=\"https:\/\/fengshuidivine.com\/en\/product\/alegerea-unei-date-de-bun-augur-pentru-nasterea-unui-copil\/\" target=\"_self\" title=\"Comand\u0103 Acum\" class=\"button_  style-1 small\"><span><span>Comand\u0103 Acum<\/span><\/span><\/a><\/div>\t\t\t\t<\/div>\n\t\t\t\t<\/div>\n\t\t\t\t\t<\/div>\n\t\t\t\t<\/div>\n\t\t\t\t<\/div>","protected":false},"excerpt":{"rendered":"<p>&nbsp;&nbsp;&nbsp;&nbsp; Dosar de descriere a personalit\u0103\u021bii noului n\u0103scut &nbsp;&nbsp;&nbsp; Aceasta consiliere este efectuat\u0103 \u00een cazul \u00een care mama opteaz\u0103 pentru [&hellip;]<\/p>\n","protected":false},"author":1,"featured_media":0,"parent":4627,"menu_order":0,"comment_status":"closed","ping_status":"closed","template":"","meta":{"inline_featured_image":false,"footnotes":""},"class_list":["post-4929","page","type-page","status-publish","hentry"],"_links":{"self":[{"href":"https:\/\/fengshuidivine.com\/en\/wp-json\/wp\/v2\/pages\/4929","targetHints":{"allow":["GET"]}}],"collection":[{"href":"https:\/\/fengshuidivine.com\/en\/wp-json\/wp\/v2\/pages"}],"about":[{"href":"https:\/\/fengshuidivine.com\/en\/wp-json\/wp\/v2\/types\/page"}],"author":[{"embeddable":true,"href":"https:\/\/fengshuidivine.com\/en\/wp-json\/wp\/v2\/users\/1"}],"replies":[{"embeddable":true,"href":"https:\/\/fengshuidivine.com\/en\/wp-json\/wp\/v2\/comments?post=4929"}],"version-history":[{"count":22,"href":"https:\/\/fengshuidivine.com\/en\/wp-json\/wp\/v2\/pages\/4929\/revisions"}],"predecessor-version":[{"id":10418,"href":"https:\/\/fengshuidivine.com\/en\/wp-json\/wp\/v2\/pages\/4929\/revisions\/10418"}],"up":[{"embeddable":true,"href":"https:\/\/fengshuidivine.com\/en\/wp-json\/wp\/v2\/pages\/4627"}],"wp:attachment":[{"href":"https:\/\/fengshuidivine.com\/en\/wp-json\/wp\/v2\/media?parent=4929"}],"curies":[{"name":"wp","href":"https:\/\/api.w.org\/{rel}","templated":true}]}}