{"id":4927,"date":"2021-06-05T02:16:49","date_gmt":"2021-06-04T23:16:49","guid":{"rendered":"https:\/\/fengshui.luh.ro\/?page_id=4927"},"modified":"2026-01-16T17:05:30","modified_gmt":"2026-01-16T15:05:30","slug":"alegerea-unei-date-de-bun-augur-pentru-casatorie","status":"publish","type":"page","link":"https:\/\/fengshuidivine.com\/en\/servicii-profesionale\/alegerea-unei-date-de-bun-augur-pentru-casatorie\/","title":{"rendered":"Alegerea unei date de bun augur pentru c\u0103s\u0103torie"},"content":{"rendered":"<div data-elementor-type=\"wp-page\" data-elementor-id=\"4927\" class=\"elementor elementor-4927\">\n\t\t\t\t\t\t<section class=\"elementor-section elementor-top-section elementor-element elementor-element-3dfb563e elementor-section-boxed elementor-section-height-default elementor-section-height-default default-style\" data-id=\"3dfb563e\" data-element_type=\"section\" data-e-type=\"section\" data-settings=\"{&quot;rt_color_sets&quot;:&quot;default-style&quot;}\">\n\t\t\t\t\t\t<div class=\"elementor-container elementor-column-gap-default\">\n\t\t\t\t\t<div class=\"elementor-column elementor-col-100 elementor-top-column elementor-element elementor-element-5d69023d\" data-id=\"5d69023d\" data-element_type=\"column\" data-e-type=\"column\">\n\t\t\t<div class=\"elementor-widget-wrap elementor-element-populated\">\n\t\t\t\t\t\t<div class=\"elementor-element elementor-element-274c5b4e elementor-widget elementor-widget-text-editor\" data-id=\"274c5b4e\" data-element_type=\"widget\" data-e-type=\"widget\" data-widget_type=\"text-editor.default\">\n\t\t\t\t\t\t\t\t\t<p><strong><span lang=\"RO\">\u00a0\u00a0\u00a0\u00a0 <img fetchpriority=\"high\" decoding=\"async\" class=\"size-medium wp-image-8213 alignleft\" src=\"https:\/\/fengshuidivine.com\/wp-content\/uploads\/casatorie-220x300.jpg\" alt=\"\" width=\"220\" height=\"300\" srcset=\"https:\/\/fengshuidivine.com\/wp-content\/uploads\/casatorie-220x300.jpg 220w, https:\/\/fengshuidivine.com\/wp-content\/uploads\/casatorie-749x1024.jpg 749w, https:\/\/fengshuidivine.com\/wp-content\/uploads\/casatorie-768x1049.jpg 768w, https:\/\/fengshuidivine.com\/wp-content\/uploads\/casatorie-1124x1536.jpg 1124w, https:\/\/fengshuidivine.com\/wp-content\/uploads\/casatorie-585x800.jpg 585w, https:\/\/fengshuidivine.com\/wp-content\/uploads\/casatorie-600x820.jpg 600w, https:\/\/fengshuidivine.com\/wp-content\/uploads\/casatorie.jpg 1171w\" sizes=\"(max-width: 220px) 100vw, 220px\" \/> Consilierea cuprinde:<\/span><\/strong><\/p><ul><li style=\"text-align: justify;\"><span lang=\"RO\">Analiza combina\u021biilor specifice cu harta personal\u0103 sau pentru perioada \u00een curs;<\/span><\/li><li style=\"text-align: justify;\"><span lang=\"RO\">Alegerea unei date \u0219i a unei ore de bun augur pentru ambii parteneri (o zi comun\u0103), pentru ocazii importante, cum ar fi: c\u0103s\u0103toria, cununia civil\u0103, mutarea \u00eentr-o cas\u0103 nou\u0103.<\/span><\/li><\/ul><p style=\"text-align: justify;\"><span lang=\"RO\">\u00a0\u00a0\u00a0\u00a0 Partenerii trebuie s\u0103 comunice data \u0219i ora lor de na\u0219tere.<\/span><\/p><p><span style=\"color: #b00c2d;\"><strong><span lang=\"RO\">Cost: 1200 RON\/ora de consultan\u021b\u0103<\/span><\/strong><\/span><\/p><p><b>\u00a0<\/b><\/p>\t\t\t\t\t\t\t\t<\/div>\n\t\t\t\t\t<\/div>\n\t\t<\/div>\n\t\t\t\t\t<\/div>\n\t\t<\/section>\n\t\t<div class=\"elementor-element elementor-element-962a92e e-flex e-con-boxed default-style e-con e-parent\" data-id=\"962a92e\" data-element_type=\"container\" data-e-type=\"container\" data-settings=\"{&quot;rt_color_sets&quot;:&quot;default-style&quot;}\">\n\t\t\t\t\t<div class=\"e-con-inner\">\n\t\t\t\t<div class=\"elementor-element elementor-element-d19106c elementor-align-center elementor-widget elementor-widget-rt-button\" data-id=\"d19106c\" data-element_type=\"widget\" data-e-type=\"widget\" data-widget_type=\"rt-button.default\">\n\t\t\t\t<div class=\"elementor-widget-container\">\n\t\t\t\t\t<div class=\"button_wrapper  rounded\"><a href=\"https:\/\/fengshuidivine.com\/en\/product\/alegerea-unei-date-de-bun-augur-pentru-casatorie\/\" target=\"_self\" title=\"Comand\u0103 Acum\" class=\"button_  style-1 big\"><span><span>Comand\u0103 Acum<\/span><\/span><\/a><\/div>\t\t\t\t<\/div>\n\t\t\t\t<\/div>\n\t\t\t\t\t<\/div>\n\t\t\t\t<\/div>\n\t\t\t\t<\/div>","protected":false},"excerpt":{"rendered":"<p>\u00a0\u00a0\u00a0\u00a0 Consilierea cuprinde: Analiza combina\u021biilor specifice cu harta personal\u0103 sau pentru perioada \u00een curs; Alegerea unei date \u0219i a unei [&hellip;]<\/p>\n","protected":false},"author":1,"featured_media":0,"parent":4627,"menu_order":0,"comment_status":"closed","ping_status":"closed","template":"","meta":{"inline_featured_image":false,"footnotes":""},"class_list":["post-4927","page","type-page","status-publish","hentry"],"_links":{"self":[{"href":"https:\/\/fengshuidivine.com\/en\/wp-json\/wp\/v2\/pages\/4927","targetHints":{"allow":["GET"]}}],"collection":[{"href":"https:\/\/fengshuidivine.com\/en\/wp-json\/wp\/v2\/pages"}],"about":[{"href":"https:\/\/fengshuidivine.com\/en\/wp-json\/wp\/v2\/types\/page"}],"author":[{"embeddable":true,"href":"https:\/\/fengshuidivine.com\/en\/wp-json\/wp\/v2\/users\/1"}],"replies":[{"embeddable":true,"href":"https:\/\/fengshuidivine.com\/en\/wp-json\/wp\/v2\/comments?post=4927"}],"version-history":[{"count":37,"href":"https:\/\/fengshuidivine.com\/en\/wp-json\/wp\/v2\/pages\/4927\/revisions"}],"predecessor-version":[{"id":11959,"href":"https:\/\/fengshuidivine.com\/en\/wp-json\/wp\/v2\/pages\/4927\/revisions\/11959"}],"up":[{"embeddable":true,"href":"https:\/\/fengshuidivine.com\/en\/wp-json\/wp\/v2\/pages\/4627"}],"wp:attachment":[{"href":"https:\/\/fengshuidivine.com\/en\/wp-json\/wp\/v2\/media?parent=4927"}],"curies":[{"name":"wp","href":"https:\/\/api.w.org\/{rel}","templated":true}]}}