{"id":4917,"date":"2021-06-05T02:12:12","date_gmt":"2021-06-04T23:12:12","guid":{"rendered":"https:\/\/fengshui.luh.ro\/?page_id=4917"},"modified":"2024-02-13T21:49:34","modified_gmt":"2024-02-13T19:49:34","slug":"consiliere-astrologica-chineza-pentru-afaceri","status":"publish","type":"page","link":"https:\/\/fengshuidivine.com\/en\/servicii-profesionale\/consiliere-astrologica-chineza-pentru-afaceri\/","title":{"rendered":"Consiliere Astrologic\u0103 Chinez\u0103 pentru afaceri"},"content":{"rendered":"<div data-elementor-type=\"wp-page\" data-elementor-id=\"4917\" class=\"elementor elementor-4917\">\n\t\t\t\t\t\t<section class=\"elementor-section elementor-top-section elementor-element elementor-element-449609b elementor-section-boxed elementor-section-height-default elementor-section-height-default default-style\" data-id=\"449609b\" data-element_type=\"section\" data-e-type=\"section\" data-settings=\"{&quot;rt_color_sets&quot;:&quot;default-style&quot;}\">\n\t\t\t\t\t\t<div class=\"elementor-container elementor-column-gap-default\">\n\t\t\t\t\t<div class=\"elementor-column elementor-col-100 elementor-top-column elementor-element elementor-element-fdb9859\" data-id=\"fdb9859\" data-element_type=\"column\" data-e-type=\"column\">\n\t\t\t<div class=\"elementor-widget-wrap elementor-element-populated\">\n\t\t\t\t\t\t<div class=\"elementor-element elementor-element-df2918c elementor-widget elementor-widget-heading\" data-id=\"df2918c\" data-element_type=\"widget\" data-e-type=\"widget\" data-widget_type=\"heading.default\">\n\t\t\t\t\t<h2 class=\"elementor-heading-title elementor-size-default\">Compatibilitatea cu un partener de afacere, colaborator sau angaja\u021bii firmei dvs.<\/h2>\t\t\t\t<\/div>\n\t\t\t\t\t<\/div>\n\t\t<\/div>\n\t\t\t\t\t<\/div>\n\t\t<\/section>\n\t\t\t\t<section class=\"elementor-section elementor-top-section elementor-element elementor-element-c47b13c elementor-section-boxed elementor-section-height-default elementor-section-height-default default-style\" data-id=\"c47b13c\" data-element_type=\"section\" data-e-type=\"section\" data-settings=\"{&quot;rt_color_sets&quot;:&quot;default-style&quot;}\">\n\t\t\t\t\t\t<div class=\"elementor-container elementor-column-gap-default\">\n\t\t\t\t\t<div class=\"elementor-column elementor-col-100 elementor-top-column elementor-element elementor-element-80d9d53\" data-id=\"80d9d53\" data-element_type=\"column\" data-e-type=\"column\">\n\t\t\t<div class=\"elementor-widget-wrap elementor-element-populated\">\n\t\t\t\t\t\t<div class=\"elementor-element elementor-element-072ff08 elementor-widget elementor-widget-text-editor\" data-id=\"072ff08\" data-element_type=\"widget\" data-e-type=\"widget\" data-widget_type=\"text-editor.default\">\n\t\t\t\t\t\t\t\t\t<p style=\"text-align: justify;\"><em><strong>&nbsp;&nbsp;&nbsp;&nbsp;&nbsp; <img fetchpriority=\"high\" decoding=\"async\" class=\"size-medium wp-image-8020 alignleft\" src=\"https:\/\/fengshuidivine.com\/wp-content\/uploads\/WhatsApp-Image-2023-03-29-at-19.38.05-300x200.jpeg\" alt=\"\" width=\"300\" height=\"200\" srcset=\"https:\/\/fengshuidivine.com\/wp-content\/uploads\/WhatsApp-Image-2023-03-29-at-19.38.05-300x200.jpeg 300w, https:\/\/fengshuidivine.com\/wp-content\/uploads\/WhatsApp-Image-2023-03-29-at-19.38.05-1024x682.jpeg 1024w, https:\/\/fengshuidivine.com\/wp-content\/uploads\/WhatsApp-Image-2023-03-29-at-19.38.05-768x512.jpeg 768w, https:\/\/fengshuidivine.com\/wp-content\/uploads\/WhatsApp-Image-2023-03-29-at-19.38.05-1536x1023.jpeg 1536w, https:\/\/fengshuidivine.com\/wp-content\/uploads\/WhatsApp-Image-2023-03-29-at-19.38.05-800x533.jpeg 800w, https:\/\/fengshuidivine.com\/wp-content\/uploads\/WhatsApp-Image-2023-03-29-at-19.38.05-600x400.jpeg 600w, https:\/\/fengshuidivine.com\/wp-content\/uploads\/WhatsApp-Image-2023-03-29-at-19.38.05.jpeg 1600w\" sizes=\"(max-width: 300px) 100vw, 300px\" \/>Cuprinde<\/strong> analiza har\u021bilor de na\u0219tere ale angaja\u021bilor unei companii sau corpora\u021bii. <\/em><\/p>\n<p style=\"text-align: justify;\">&nbsp;&nbsp;&nbsp;&nbsp; Aceasta analiz\u0103 va contribui la succesul oric\u0103rei firme prin angajarea sau alegerea angaja\u021bilor potrivi\u021bi pentru munca \u00een echip\u0103 sau pentru anumite meserii. <strong>Succesul unei firme depinde de valoarea \u0219i calitatea angaja\u021bilor ei. <\/strong>Prin urmare, aceasta analiz\u0103 v\u0103 va ajuta s\u0103 v\u0103 angaja\u021bi oameni potrivi\u021bi, implica\u021bi \u0219i cu valori, calit\u0103\u021bi deosebite, fiecare av\u00e2nd locul lui \u0219i ceea ce face s\u0103 fie determinant.<\/p>\n<p style=\"text-align: justify;\"><strong>&nbsp;&nbsp;&nbsp;&nbsp;&nbsp; <span style=\"color: #b00c2d;\">Cost: 800 RON \/ pentru fiecare angajat<\/span><\/strong><strong><br><\/strong><\/p>\t\t\t\t\t\t\t\t<\/div>\n\t\t\t\t\t<\/div>\n\t\t<\/div>\n\t\t\t\t\t<\/div>\n\t\t<\/section>\n\t\t<div class=\"elementor-element elementor-element-351fcdb e-flex e-con-boxed default-style e-con e-parent\" data-id=\"351fcdb\" data-element_type=\"container\" data-e-type=\"container\" data-settings=\"{&quot;rt_color_sets&quot;:&quot;default-style&quot;}\">\n\t\t\t\t\t<div class=\"e-con-inner\">\n\t\t\t\t<div class=\"elementor-element elementor-element-442c5c4 elementor-align-center elementor-widget elementor-widget-rt-button\" data-id=\"442c5c4\" data-element_type=\"widget\" data-e-type=\"widget\" data-widget_type=\"rt-button.default\">\n\t\t\t\t<div class=\"elementor-widget-container\">\n\t\t\t\t\t<div class=\"button_wrapper  rounded\"><a href=\"https:\/\/fengshuidivine.com\/en\/product\/compatibilitatea-cu-un-partener-de-afacere-colaborator-sau-angajatii-firmei-dvs\/\" target=\"_self\" title=\"Comand\u0103 Acum\" class=\"button_  style-1 big\"><span><span>Comand\u0103 Acum<\/span><\/span><\/a><\/div>\t\t\t\t<\/div>\n\t\t\t\t<\/div>\n\t\t\t\t\t<\/div>\n\t\t\t\t<\/div>\n\t\t\t\t<\/div>","protected":false},"excerpt":{"rendered":"<p>Compatibilitatea cu un partener de afacere, colaborator sau angaja\u021bii firmei dvs. &nbsp;&nbsp;&nbsp;&nbsp;&nbsp; Cuprinde analiza har\u021bilor de na\u0219tere ale angaja\u021bilor unei [&hellip;]<\/p>\n","protected":false},"author":1,"featured_media":0,"parent":4627,"menu_order":0,"comment_status":"closed","ping_status":"closed","template":"","meta":{"inline_featured_image":false,"footnotes":""},"class_list":["post-4917","page","type-page","status-publish","hentry"],"_links":{"self":[{"href":"https:\/\/fengshuidivine.com\/en\/wp-json\/wp\/v2\/pages\/4917","targetHints":{"allow":["GET"]}}],"collection":[{"href":"https:\/\/fengshuidivine.com\/en\/wp-json\/wp\/v2\/pages"}],"about":[{"href":"https:\/\/fengshuidivine.com\/en\/wp-json\/wp\/v2\/types\/page"}],"author":[{"embeddable":true,"href":"https:\/\/fengshuidivine.com\/en\/wp-json\/wp\/v2\/users\/1"}],"replies":[{"embeddable":true,"href":"https:\/\/fengshuidivine.com\/en\/wp-json\/wp\/v2\/comments?post=4917"}],"version-history":[{"count":37,"href":"https:\/\/fengshuidivine.com\/en\/wp-json\/wp\/v2\/pages\/4917\/revisions"}],"predecessor-version":[{"id":10406,"href":"https:\/\/fengshuidivine.com\/en\/wp-json\/wp\/v2\/pages\/4917\/revisions\/10406"}],"up":[{"embeddable":true,"href":"https:\/\/fengshuidivine.com\/en\/wp-json\/wp\/v2\/pages\/4627"}],"wp:attachment":[{"href":"https:\/\/fengshuidivine.com\/en\/wp-json\/wp\/v2\/media?parent=4917"}],"curies":[{"name":"wp","href":"https:\/\/api.w.org\/{rel}","templated":true}]}}