{"id":4894,"date":"2021-06-05T01:49:00","date_gmt":"2021-06-04T22:49:00","guid":{"rendered":"https:\/\/fengshui.luh.ro\/?page_id=4894"},"modified":"2026-03-27T19:37:36","modified_gmt":"2026-03-27T17:37:36","slug":"consultanta-feng-shui-pentru-sedii-de-firma","status":"publish","type":"page","link":"https:\/\/fengshuidivine.com\/en\/servicii-profesionale\/consultanta-feng-shui-pentru-sedii-de-firma\/","title":{"rendered":"Consultan\u021b\u0103 Feng Shui pentru sedii de firm\u0103"},"content":{"rendered":"<div data-elementor-type=\"wp-page\" data-elementor-id=\"4894\" class=\"elementor elementor-4894\">\n\t\t\t\t\t\t<section class=\"elementor-section elementor-top-section elementor-element elementor-element-1cbe529 elementor-section-boxed elementor-section-height-default elementor-section-height-default default-style\" data-id=\"1cbe529\" data-element_type=\"section\" data-e-type=\"section\" data-settings=\"{&quot;rt_color_sets&quot;:&quot;default-style&quot;}\">\n\t\t\t\t\t\t<div class=\"elementor-container elementor-column-gap-default\">\n\t\t\t\t\t<div class=\"elementor-column elementor-col-100 elementor-top-column elementor-element elementor-element-470b246\" data-id=\"470b246\" data-element_type=\"column\" data-e-type=\"column\">\n\t\t\t<div class=\"elementor-widget-wrap elementor-element-populated\">\n\t\t\t\t\t\t<div class=\"elementor-element elementor-element-dc44270 elementor-widget elementor-widget-text-editor\" data-id=\"dc44270\" data-element_type=\"widget\" data-e-type=\"widget\" data-widget_type=\"text-editor.default\">\n\t\t\t\t\t\t\t\t\t<p style=\"text-align: justify;\"><strong><span lang=\"RO\"><img fetchpriority=\"high\" decoding=\"async\" class=\"size-medium wp-image-7564 alignleft\" src=\"https:\/\/fengshuidivine.com\/wp-content\/uploads\/slider1-4-1-300x184.jpg\" alt=\"\" width=\"300\" height=\"184\" srcset=\"https:\/\/fengshuidivine.com\/wp-content\/uploads\/slider1-4-1-300x184.jpg 300w, https:\/\/fengshuidivine.com\/wp-content\/uploads\/slider1-4-1-1024x630.jpg 1024w, https:\/\/fengshuidivine.com\/wp-content\/uploads\/slider1-4-1-768x472.jpg 768w, https:\/\/fengshuidivine.com\/wp-content\/uploads\/slider1-4-1-1536x944.jpg 1536w, https:\/\/fengshuidivine.com\/wp-content\/uploads\/slider1-4-1-980x602.jpg 980w, https:\/\/fengshuidivine.com\/wp-content\/uploads\/slider1-4-1-600x369.jpg 600w, https:\/\/fengshuidivine.com\/wp-content\/uploads\/slider1-4-1.jpg 1960w\" sizes=\"(max-width: 300px) 100vw, 300px\" \/> \u00a0\u00a0\u00a0 Analiza energiilor unui sediu de firm\u0103 dup\u0103 \u0218coala Stelelor Zbur\u0103toare, \u00een combina\u021bie cu alte \u0219coli cuprinde:<\/span><\/strong><\/p><ul><li style=\"text-align: justify;\"><span lang=\"RO\">Diagnosticul energetic \u0219i poten\u021bialul sediului de firm\u0103 (detectarea energiilor favorabile \u0219i nefavorabile);<\/span><\/li><li>Diagnosticul energetic \u0219i poten\u021bialul sediului de firm\u0103 din punct de vedere Qi Men Dun Jia (detectarea energiilor favorabile \u0219i nefavorabile din punct de vedere Qi Men feng shui);<\/li><li style=\"text-align: justify;\">Recomand\u0103ri pentru modific\u0103rile necesare privind rearanjarea birourilor manageriale \u0219i a departamentelor importante din companie. \u00cen cazul unui magazin, voi sf\u0103tui privind a\u0219ezarea corect\u0103 a casei de marcat s.a. Toate acestea au ca efect amplificarea productivit\u0103\u021bii, a prosperit\u0103\u021bii \u0219i \u00eembun\u0103t\u0103\u021birea mediului colegial;<\/li><li style=\"text-align: justify;\">Recomand\u0103ri vis-a-vis de data favorabil\u0103 pentru realizarea unor lucr\u0103ri de renovare, extindere, transformare sau chiar pentru \u00eenchirierea unui spa\u021biu nou \u00een care s\u0103 v\u0103 desf\u0103\u0219ura\u021bi activitatea.<\/li><\/ul><p style=\"text-align: justify;\"><span lang=\"RO\">\u00a0<strong>Durat\u0103 finalizare dosar:<\/strong> 14 zile \u00een func\u021bie de m\u0103rimea spa\u021biului.<\/span><\/p>\t\t\t\t\t\t\t\t<\/div>\n\t\t\t\t\t<\/div>\n\t\t<\/div>\n\t\t\t\t\t<\/div>\n\t\t<\/section>\n\t\t\t\t<section class=\"elementor-section elementor-top-section elementor-element elementor-element-7a289fc elementor-section-boxed elementor-section-height-default elementor-section-height-default default-style\" data-id=\"7a289fc\" data-element_type=\"section\" data-e-type=\"section\" data-settings=\"{&quot;rt_color_sets&quot;:&quot;default-style&quot;}\">\n\t\t\t\t\t\t<div class=\"elementor-container elementor-column-gap-default\">\n\t\t\t\t\t<div class=\"elementor-column elementor-col-100 elementor-top-column elementor-element elementor-element-967dec6\" data-id=\"967dec6\" data-element_type=\"column\" data-e-type=\"column\">\n\t\t\t<div class=\"elementor-widget-wrap elementor-element-populated\">\n\t\t\t\t\t\t<div class=\"elementor-element elementor-element-1d7085e elementor-widget elementor-widget-heading\" data-id=\"1d7085e\" data-element_type=\"widget\" data-e-type=\"widget\" data-widget_type=\"heading.default\">\n\t\t\t\t\t<h2 class=\"elementor-heading-title elementor-size-default\">Costul acestu serviciu<\/h2>\t\t\t\t<\/div>\n\t\t\t\t\t<\/div>\n\t\t<\/div>\n\t\t\t\t\t<\/div>\n\t\t<\/section>\n\t\t\t\t<section class=\"elementor-section elementor-top-section elementor-element elementor-element-45b83b9 elementor-section-boxed elementor-section-height-default elementor-section-height-default default-style\" data-id=\"45b83b9\" data-element_type=\"section\" data-e-type=\"section\" data-settings=\"{&quot;rt_color_sets&quot;:&quot;default-style&quot;}\">\n\t\t\t\t\t\t<div class=\"elementor-container elementor-column-gap-default\">\n\t\t\t\t\t<div class=\"elementor-column elementor-col-100 elementor-top-column elementor-element elementor-element-4c60802\" data-id=\"4c60802\" data-element_type=\"column\" data-e-type=\"column\">\n\t\t\t<div class=\"elementor-widget-wrap elementor-element-populated\">\n\t\t\t\t\t\t<div class=\"elementor-element elementor-element-1f8d382 elementor-widget elementor-widget-text-editor\" data-id=\"1f8d382\" data-element_type=\"widget\" data-e-type=\"widget\" data-widget_type=\"text-editor.default\">\n\t\t\t\t\t\t\t\t\t<p style=\"text-align: justify;\"><span lang=\"RO\">\u00a0 Costul unei <strong>consulta\u021bii Feng Shui pentru spa\u021bii destinate afacerilor<\/strong> (birouri, sedii de firm\u0103, spa\u021bii comerciale, cabinete, clinici, showroom-uri) <strong>este calculat per metru p\u0103trat,<\/strong> \u00een func\u021bie de suprafa\u021ba total\u0103 a propriet\u0103\u021bii.<\/span><\/p><h5 data-start=\"1526\" data-end=\"1544\">\ud83d\udcb0 Tarif unic:<\/h5><p data-start=\"1545\" data-end=\"1560\"><strong data-start=\"1545\" data-end=\"1560\">68 Ron \/ m\u00b2<\/strong><\/p><h5><strong><span lang=\"RO\"> \ud83d\udcd0<\/span>Condi\u021bii:<\/strong><\/h5><ul><li><strong data-start=\"1581\" data-end=\"1616\">Valoarea minim\u0103 a consultan\u021bei:<\/strong> echivalentul a <strong data-start=\"1632\" data-end=\"1641\">50 m\u00b2<\/strong><\/li><li>Consultan\u021ba include analiz\u0103 Feng Shui adaptat\u0103 activit\u0103\u021bii desf\u0103\u0219urate, structurii echipei \u0219i obiectivelor de business.<\/li><li><strong>Pentru spa\u021biile cu suprafa\u021ba de peste<\/strong> <strong data-start=\"1804\" data-end=\"1814\">400 m\u00b2<\/strong>, tariful se stabile\u0219te prin <strong data-start=\"1843\" data-end=\"1867\">ofert\u0103 personalizat\u0103<\/strong>, \u00een urma unei discu\u021bii preliminare.<\/li><\/ul><p><em><span lang=\"RO\">\u00a0\u00a0\u00a0\u00a0 Pentru <strong>provincie sau str\u0103in\u0103tate<\/strong> se adaug\u0103 <strong>cheltuielile de deplasare<\/strong><\/span><\/em><strong><span lang=\"RO\">.<\/span><\/strong><\/p><p><span lang=\"RO\">\u00a0\u00a0\u00a0\u00a0 Pentru a primi o ofert\u0103 personalizat\u0103 v\u0103 rog s\u0103 m\u0103 contacta\u021bi pe adresa <span style=\"color: #333300;\"><a href=\"https:\/\/fengshuidivine.com\/en\/contact\/\"><strong>valentina@fengshuidivine.com<\/strong><\/a>.<\/span><\/span><\/p><p><strong><span lang=\"RO\" style=\"color: #993300;\">\u00a0\u00a0<span style=\"color: #ff0000;\">\u00a0\u00a0 \u00cemi rezerv dreptul de a-mi selecta clien\u021bii!<\/span><\/span><\/strong><\/p>\t\t\t\t\t\t\t\t<\/div>\n\t\t\t\t\t<\/div>\n\t\t<\/div>\n\t\t\t\t\t<\/div>\n\t\t<\/section>\n\t\t\t\t<\/div>","protected":false},"excerpt":{"rendered":"<p>\u00a0\u00a0\u00a0 Analiza energiilor unui sediu de firm\u0103 dup\u0103 \u0218coala Stelelor Zbur\u0103toare, \u00een combina\u021bie cu alte \u0219coli cuprinde: Diagnosticul energetic \u0219i [&hellip;]<\/p>\n","protected":false},"author":1,"featured_media":0,"parent":4627,"menu_order":0,"comment_status":"closed","ping_status":"closed","template":"","meta":{"inline_featured_image":false,"footnotes":""},"class_list":["post-4894","page","type-page","status-publish","hentry"],"_links":{"self":[{"href":"https:\/\/fengshuidivine.com\/en\/wp-json\/wp\/v2\/pages\/4894","targetHints":{"allow":["GET"]}}],"collection":[{"href":"https:\/\/fengshuidivine.com\/en\/wp-json\/wp\/v2\/pages"}],"about":[{"href":"https:\/\/fengshuidivine.com\/en\/wp-json\/wp\/v2\/types\/page"}],"author":[{"embeddable":true,"href":"https:\/\/fengshuidivine.com\/en\/wp-json\/wp\/v2\/users\/1"}],"replies":[{"embeddable":true,"href":"https:\/\/fengshuidivine.com\/en\/wp-json\/wp\/v2\/comments?post=4894"}],"version-history":[{"count":25,"href":"https:\/\/fengshuidivine.com\/en\/wp-json\/wp\/v2\/pages\/4894\/revisions"}],"predecessor-version":[{"id":12040,"href":"https:\/\/fengshuidivine.com\/en\/wp-json\/wp\/v2\/pages\/4894\/revisions\/12040"}],"up":[{"embeddable":true,"href":"https:\/\/fengshuidivine.com\/en\/wp-json\/wp\/v2\/pages\/4627"}],"wp:attachment":[{"href":"https:\/\/fengshuidivine.com\/en\/wp-json\/wp\/v2\/media?parent=4894"}],"curies":[{"name":"wp","href":"https:\/\/api.w.org\/{rel}","templated":true}]}}