{"id":4886,"date":"2021-06-05T01:43:00","date_gmt":"2021-06-04T22:43:00","guid":{"rendered":"https:\/\/fengshui.luh.ro\/?page_id=4886"},"modified":"2026-03-27T19:33:17","modified_gmt":"2026-03-27T17:33:17","slug":"consultanta-feng-shui-pentru-teren-sau-constructie","status":"publish","type":"page","link":"https:\/\/fengshuidivine.com\/en\/servicii-profesionale\/consultanta-feng-shui-pentru-teren-sau-constructie\/","title":{"rendered":"Consultan\u021b\u0103 Feng Shui pentru teren sau construc\u021bie"},"content":{"rendered":"<div data-elementor-type=\"wp-page\" data-elementor-id=\"4886\" class=\"elementor elementor-4886\">\n\t\t\t\t\t\t<section class=\"elementor-section elementor-top-section elementor-element elementor-element-b2577b8 elementor-section-boxed elementor-section-height-default elementor-section-height-default default-style\" data-id=\"b2577b8\" data-element_type=\"section\" data-e-type=\"section\" data-settings=\"{&quot;rt_color_sets&quot;:&quot;default-style&quot;}\">\n\t\t\t\t\t\t<div class=\"elementor-container elementor-column-gap-default\">\n\t\t\t\t\t<div class=\"elementor-column elementor-col-100 elementor-top-column elementor-element elementor-element-d371ea0\" data-id=\"d371ea0\" data-element_type=\"column\" data-e-type=\"column\">\n\t\t\t<div class=\"elementor-widget-wrap elementor-element-populated\">\n\t\t\t\t\t\t<div class=\"elementor-element elementor-element-1bc0acf elementor-widget__width-initial elementor-widget elementor-widget-text-editor\" data-id=\"1bc0acf\" data-element_type=\"widget\" data-e-type=\"widget\" data-widget_type=\"text-editor.default\">\n\t\t\t\t\t\t\t\t\t<p style=\"text-align: justify;\">\u00a0 \u00a0 \u00a0 <img fetchpriority=\"high\" decoding=\"async\" class=\"size-medium wp-image-7361 alignleft\" src=\"https:\/\/fengshuidivine.com\/wp-content\/uploads\/revslider\/video-media\/Construction-Background-mp4_24-300x169.jpeg\" alt=\"\" width=\"300\" height=\"169\" srcset=\"https:\/\/fengshuidivine.com\/wp-content\/uploads\/revslider\/video-media\/Construction-Background-mp4_24-300x169.jpeg 300w, https:\/\/fengshuidivine.com\/wp-content\/uploads\/revslider\/video-media\/Construction-Background-mp4_24-600x338.jpeg 600w, https:\/\/fengshuidivine.com\/wp-content\/uploads\/revslider\/video-media\/Construction-Background-mp4_24-1024x576.jpeg 1024w, https:\/\/fengshuidivine.com\/wp-content\/uploads\/revslider\/video-media\/Construction-Background-mp4_24-768x432.jpeg 768w, https:\/\/fengshuidivine.com\/wp-content\/uploads\/revslider\/video-media\/Construction-Background-mp4_24-640x360.jpeg 640w, https:\/\/fengshuidivine.com\/wp-content\/uploads\/revslider\/video-media\/Construction-Background-mp4_24.jpeg 1280w\" sizes=\"(max-width: 300px) 100vw, 300px\" \/>Consulta\u021bia prevede cercetarea a <strong>5 \u2013 10 spa\u021bii<\/strong> diferite \u00een vederea compatibilit\u0103\u021bii.<\/p><p style=\"text-align: justify;\">\u00a0\u00a0\u00a0\u00a0\u00a0\u00a0 Reprezint\u0103 o munc\u0103 enorm\u0103 \u0219i asumarea unei mari responsabilit\u0103\u021bi, plus <em>asistarea construc\u021biilor pe tot parcursul proiectului, de la crearea proiectului (munca al\u0103turi de arhitect) p\u00e2n\u0103 la mutarea efectiv\u0103.<\/em><\/p><p style=\"text-align: justify;\"><strong>\u00a0\u00a0\u00a0 Durat\u0103 perfectare dosar: de comun acord<\/strong><\/p><p style=\"text-align: justify;\"><strong>\u00a0\u00a0\u00a0\u00a0 <u>Cost alc\u0103tuit din:<\/u><\/strong><\/p><ul><li style=\"text-align: justify;\">Cercetarea spa\u021biilor sau terenurilor: <strong>800 Ron<\/strong> (<em>per spa\u021biu sau teren<\/em>)<strong>*\u00a0<\/strong><\/li><li style=\"text-align: justify;\">Recomand\u0103ri vis-a-vis de data favorabil\u0103 pentru \u00eenceperea construc\u021biei, de \u00eencepere a s\u0103p\u0103turilor, \u00a0de turnare a funda\u021biei \u0219i de mutare a locatarilor.<\/li><li style=\"text-align: justify;\">Compatibilitatea viitorului spa\u021biu cu locatarii, conform datelor de na\u0219tere (adic\u0103 a \u201ccoloanelor destinului\u201d\/ pentru fiecare locatar din spa\u021biul respectiv), dar \u0219i din punct de vedere Qi Men Dun Jia.<\/li><\/ul><p style=\"text-align: justify;\"><strong>\u00a0 \u00a0\ud83e\udded Consultan\u021b\u0103 Feng Shui pentru construc\u021bia unui spa\u021biu de la zero:<\/strong><\/p><p>\u00a0 \u00a0 \u00a0 \u00a0 \u00a0Consultan\u021ba Feng Shui pentru construc\u021bia unui spa\u021biu de la zero este calculat\u0103 <strong data-start=\"1927\" data-end=\"1947\">per metru p\u0103trat<\/strong>, indiferent de etapa construc\u021biei.<\/p><p>\u00a0 \u00a0\ud83d\udcb0 <span style=\"text-decoration: underline;\"><strong>Tarif unic:<\/strong><\/span><\/p><ul><li style=\"list-style-type: none;\"><ul><li style=\"text-align: justify;\"><strong>60 Ron \/ m\u00b2<\/strong><\/li><\/ul><\/li><\/ul><h5 style=\"text-align: justify;\"><strong>\u00a0 \u00a0<\/strong>\ud83d\udcd0 Condi\u021bii:<\/h5><ul data-start=\"2037\" data-end=\"2183\"><li data-start=\"2037\" data-end=\"2099\"><p data-start=\"2039\" data-end=\"2099\"><strong data-start=\"2039\" data-end=\"2074\">Valoarea minim\u0103 a consultan\u021bei:<\/strong> echivalentul a <strong data-start=\"2090\" data-end=\"2099\">50 m\u00b2<\/strong><\/p><\/li><li data-start=\"2100\" data-end=\"2183\"><p data-start=\"2102\" data-end=\"2183\"><strong data-start=\"725\" data-end=\"777\">Plata consultan\u021bei se efectueaz\u0103 \u00een dou\u0103 tran\u0219e:<\/strong><br data-start=\"777\" data-end=\"780\" \/>\u2013 70% avans la semnarea\/confirmarea serviciului;<br data-start=\"830\" data-end=\"833\" \/>\u2013 30% \u00eenainte de predarea recomand\u0103rilor\/raportului Feng Shui.\u00a0 \u00a0 \u00a0 \u00a0 \u00a0 \u00a0 \u00a0 \u00a0 \u00a0 \u00a0 \u00a0 \u00a0 \u00a0 \u00a0 \u00a0 \u00a0\u00a0<\/p><\/li><\/ul><h5 data-start=\"2102\" data-end=\"2183\">\ud83d\udcd0 Precizare esen\u021bial\u0103 privind rolul consultan\u021bei Feng Shui<\/h5><ul data-start=\"2037\" data-end=\"2183\"><li data-start=\"2037\" data-end=\"2099\"><p data-start=\"2039\" data-end=\"2099\"><span style=\"text-decoration: underline;\"><strong>Consultan\u021ba Feng Shui:<\/strong><\/span><br data-start=\"830\" data-end=\"833\" \/>\u2013 <strong>NU <\/strong>reprezint\u0103 o schi\u021b\u0103 arhitectural\u0103<br data-start=\"777\" data-end=\"780\" \/>\u2013 <strong>NU <\/strong>\u00eenlocuie\u0219te proiectul realizat de arhitect<\/p><\/li><li data-start=\"2037\" data-end=\"2099\"><p data-start=\"2039\" data-end=\"2099\"><span style=\"text-decoration: underline;\"><strong>Rolul meu este de a:<\/strong><\/span><br data-start=\"830\" data-end=\"833\" \/>\u2013 <strong>ghida pozi\u021bionarea corect\u0103 a camerelor, <\/strong>a intr\u0103rii, a zonelor-cheie \u0219i a func\u021bionalit\u0103\u021bii energetice<br data-start=\"777\" data-end=\"780\" \/>\u2013 indica <strong data-start=\"2514\" data-end=\"2591\">modul optim \u00een care fiecare persoan\u0103 este sus\u021binut\u0103 energetic \u00een locuin\u021b\u0103<\/strong><\/p><\/li><\/ul><p data-start=\"2593\" data-end=\"2674\">Proiectarea tehnic\u0103 \u0219i desenul arhitectural r\u0103m\u00e2n responsabilitatea arhitectului<\/p><h5 data-start=\"2681\" data-end=\"2699\">\ud83d\udcc4 Etapa final\u0103<\/h5><p>Dup\u0103 finalizarea schi\u021bei arhitecturale, se poate realiza <strong>raportul Feng Shui final, <\/strong>care include:<\/p><ul><li>remedii energetice<\/li><li>activ\u0103ri ale elementelor<\/li><li>ajust\u0103ri finale \u00een func\u021bie de configura\u021bia spa\u021biului \u0219i de locatari<\/li><\/ul><h5 data-start=\"2931\" data-end=\"2960\">\u26a0\ufe0f Precizare privind plata<\/h5><p data-start=\"2961\" data-end=\"3188\">\u00a0 \u00a0 \u00a0 Predarea consultan\u021bei Feng Shui \u0219i a recomand\u0103rilor <strong data-start=\"3013\" data-end=\"3079\">nu este condi\u021bionat\u0103 de \u00eenceperea sau finalizarea construc\u021biei<\/strong>.<br data-start=\"3080\" data-end=\"3083\" \/>\u00a0 \u00a0 \u00a0 Consultan\u021ba se bazeaz\u0103 pe analiz\u0103 energetic\u0103 \u0219i decizie strategic\u0103, <strong data-start=\"3151\" data-end=\"3187\">independent de ritmul lucr\u0103rilor<\/strong>.<\/p><p data-start=\"3190\" data-end=\"3329\">\u00a0 \u00a0 \u00a0 Pentru proiectele cu suprafa\u021ba de peste <strong data-start=\"3230\" data-end=\"3240\">400 m\u00b2<\/strong>, tariful se stabile\u0219te prin <strong data-start=\"3269\" data-end=\"3293\">ofert\u0103 personalizat\u0103<\/strong>, \u00een urma unei discu\u021bii preliminare.<\/p><p style=\"text-align: justify;\"><strong>\u00a0 \u00a0 \u00a0 \u00a0<\/strong><span style=\"text-decoration: underline;\"><em>Pentru provincie sau str\u0103in\u0103tate se adaug\u0103 cheltuielile de deplasare<\/em>.<\/span><\/p><p style=\"text-align: justify;\">\u00a0 \u00a0 \u00a0 Pentru a primi o ofert\u0103 personalizat\u0103 v\u0103 rog s\u0103 m\u0103 contacta\u021bi pe adresa de e-mail: \u00a0<a href=\"https:\/\/fengshuidivine.com\/en\/contact\/\"><strong>valentina@fengshuidivine.com<\/strong><\/a>.<\/p><p style=\"text-align: justify;\"><span style=\"color: #993300;\"><strong>\u00a0 \u00a0 \u00cemi rezerv dreptul de a-mi selecta clien\u021bii!<\/strong><\/span><\/p><p style=\"text-align: justify;\"><strong><em>*<\/em><em>\u00a0<\/em><\/strong><strong data-start=\"1252\" data-end=\"1277\">Precizare important\u0103:<\/strong><br data-start=\"1277\" data-end=\"1280\" \/><em>Costul aferent <strong data-start=\"1297\" data-end=\"1340\">terenului sau spa\u021biului agreat \u00een final<\/strong> se <strong data-start=\"1344\" data-end=\"1418\">deduce din valoarea total\u0103 a consultan\u021bei Feng Shui pentru construc\u021bie<\/strong>.<\/em><\/p>\t\t\t\t\t\t\t\t<\/div>\n\t\t\t\t\t<\/div>\n\t\t<\/div>\n\t\t\t\t\t<\/div>\n\t\t<\/section>\n\t\t\t\t<\/div>","protected":false},"excerpt":{"rendered":"<p>\u00a0 \u00a0 \u00a0 Consulta\u021bia prevede cercetarea a 5 \u2013 10 spa\u021bii diferite \u00een vederea compatibilit\u0103\u021bii. \u00a0\u00a0\u00a0\u00a0\u00a0\u00a0 Reprezint\u0103 o munc\u0103 enorm\u0103 [&hellip;]<\/p>\n","protected":false},"author":1,"featured_media":0,"parent":4627,"menu_order":0,"comment_status":"closed","ping_status":"closed","template":"","meta":{"inline_featured_image":false,"footnotes":""},"class_list":["post-4886","page","type-page","status-publish","hentry"],"_links":{"self":[{"href":"https:\/\/fengshuidivine.com\/en\/wp-json\/wp\/v2\/pages\/4886","targetHints":{"allow":["GET"]}}],"collection":[{"href":"https:\/\/fengshuidivine.com\/en\/wp-json\/wp\/v2\/pages"}],"about":[{"href":"https:\/\/fengshuidivine.com\/en\/wp-json\/wp\/v2\/types\/page"}],"author":[{"embeddable":true,"href":"https:\/\/fengshuidivine.com\/en\/wp-json\/wp\/v2\/users\/1"}],"replies":[{"embeddable":true,"href":"https:\/\/fengshuidivine.com\/en\/wp-json\/wp\/v2\/comments?post=4886"}],"version-history":[{"count":38,"href":"https:\/\/fengshuidivine.com\/en\/wp-json\/wp\/v2\/pages\/4886\/revisions"}],"predecessor-version":[{"id":12037,"href":"https:\/\/fengshuidivine.com\/en\/wp-json\/wp\/v2\/pages\/4886\/revisions\/12037"}],"up":[{"embeddable":true,"href":"https:\/\/fengshuidivine.com\/en\/wp-json\/wp\/v2\/pages\/4627"}],"wp:attachment":[{"href":"https:\/\/fengshuidivine.com\/en\/wp-json\/wp\/v2\/media?parent=4886"}],"curies":[{"name":"wp","href":"https:\/\/api.w.org\/{rel}","templated":true}]}}