{"id":4880,"date":"2021-06-05T01:34:21","date_gmt":"2021-06-04T22:34:21","guid":{"rendered":"https:\/\/fengshui.luh.ro\/?page_id=4880"},"modified":"2026-03-27T19:28:36","modified_gmt":"2026-03-27T17:28:36","slug":"consultanta-feng-shui-pentru-casa-sau-apartament","status":"publish","type":"page","link":"https:\/\/fengshuidivine.com\/en\/servicii-profesionale\/consultanta-feng-shui-pentru-casa-sau-apartament\/","title":{"rendered":"Consultan\u021b\u0103 Feng Shui pentru cas\u0103 sau apartament"},"content":{"rendered":"<div data-elementor-type=\"wp-page\" data-elementor-id=\"4880\" class=\"elementor elementor-4880\">\n\t\t\t\t\t\t<section class=\"elementor-section elementor-top-section elementor-element elementor-element-fe543c4 elementor-section-boxed elementor-section-height-default elementor-section-height-default default-style\" data-id=\"fe543c4\" data-element_type=\"section\" data-e-type=\"section\" data-settings=\"{&quot;rt_color_sets&quot;:&quot;default-style&quot;}\">\n\t\t\t\t\t\t<div class=\"elementor-container elementor-column-gap-default\">\n\t\t\t\t\t<div class=\"elementor-column elementor-col-100 elementor-top-column elementor-element elementor-element-b5a3fea\" data-id=\"b5a3fea\" data-element_type=\"column\" data-e-type=\"column\">\n\t\t\t<div class=\"elementor-widget-wrap elementor-element-populated\">\n\t\t\t\t\t\t<div class=\"elementor-element elementor-element-dda6629 elementor-widget elementor-widget-text-editor\" data-id=\"dda6629\" data-element_type=\"widget\" data-e-type=\"widget\" data-widget_type=\"text-editor.default\">\n\t\t\t\t\t\t\t\t\t<p>4<img fetchpriority=\"high\" decoding=\"async\" class=\"size-medium wp-image-8018 alignleft\" src=\"https:\/\/fengshuidivine.com\/wp-content\/uploads\/WhatsApp-Image-2023-03-29-at-19.38.02-300x169.jpeg\" alt=\"\" width=\"300\" height=\"169\" srcset=\"https:\/\/fengshuidivine.com\/wp-content\/uploads\/WhatsApp-Image-2023-03-29-at-19.38.02-300x169.jpeg 300w, https:\/\/fengshuidivine.com\/wp-content\/uploads\/WhatsApp-Image-2023-03-29-at-19.38.02-1024x576.jpeg 1024w, https:\/\/fengshuidivine.com\/wp-content\/uploads\/WhatsApp-Image-2023-03-29-at-19.38.02-768x432.jpeg 768w, https:\/\/fengshuidivine.com\/wp-content\/uploads\/WhatsApp-Image-2023-03-29-at-19.38.02-1536x864.jpeg 1536w, https:\/\/fengshuidivine.com\/wp-content\/uploads\/WhatsApp-Image-2023-03-29-at-19.38.02-800x450.jpeg 800w, https:\/\/fengshuidivine.com\/wp-content\/uploads\/WhatsApp-Image-2023-03-29-at-19.38.02-600x338.jpeg 600w, https:\/\/fengshuidivine.com\/wp-content\/uploads\/WhatsApp-Image-2023-03-29-at-19.38.02.jpeg 1600w\" sizes=\"(max-width: 300px) 100vw, 300px\" \/>&nbsp;&nbsp; &nbsp;&nbsp; O consultan\u021b\u0103 Feng Shui va cuprinde \u0219i designul de interior al <strong>spa\u021biului de locuit<\/strong>. Ve\u021bi primi recomand\u0103ri \u00een relocarea func\u021biunilor din spa\u021biu \u2013 cum ar fi un dormitor, o camer\u0103 de zi sau a unui birou.<\/p>\n<p>&nbsp;&nbsp;&nbsp; Este foarte important ca mobilierul s\u0103 fie a\u0219ezat \u00een locul recomandat.&nbsp;&nbsp;&nbsp;<\/p>\n<p>&nbsp;&nbsp;&nbsp;&nbsp; Aceast\u0103 aranjare se refer\u0103 la amplasarea camerelor membrilor familiei.<\/p>\n<p>&nbsp;&nbsp;&nbsp;&nbsp; O alt\u0103 importan\u021b\u0103 deosebit\u0103 o are selectarea culorilor corespunz\u0103toare fiec\u0103rei energii dintr-un spa\u021biu \u0219i alegerea obiectelor decorative potrivite fiec\u0103rei camere sau energii.<\/p>\n<p><strong>&nbsp;&nbsp;&nbsp;&nbsp; Toate aceste detalii asigur\u0103 prosperitatea pe termen lung, s\u0103n\u0103tatea \u0219i armonia uman\u0103 pentru membrii familiei. <\/strong><\/p>\n<p>&nbsp;&nbsp;&nbsp; O analiz\u0103 complet\u0103 Feng Shui a unui apartament sau a unui birou presupune o inspec\u021bie \u00een detaliu. Aceasta este efectuat\u0103 de specialistul Feng Shui, la fa\u021ba locului. El asigur\u0103 o m\u0103surare corect\u0103 a dimensiunilor \u0219i direc\u021biilor locuin\u021bei sau biroului \u0219i analizeaz\u0103 cei 4 st\u00e2lpi ai destinului pentru locatari.<\/p>\n<p>&nbsp;&nbsp;&nbsp; A\u0219adar, o consulta\u021bie Feng Shui necesit\u0103 un studiu detaliat al mediului fizic, aspectului interior, dar \u0219i analiza datelor de na\u0219tere a persoanelor care tr\u0103iesc \u00een acel mediu.<\/p>\n<p><strong>&nbsp;&nbsp;&nbsp;&nbsp; Un bun Specialist Feng Shui va efectua \u00eentotdeauna, pe l\u00e2ng\u0103 analiza locuin\u021bei \u0219i compatibilitatea persoanelor cu spa\u021biul respectiv, conform \u201cColoanelor&nbsp; Destinului\u201d. <\/strong><\/p>\n<p><strong>&nbsp;&nbsp;&nbsp; \u201cColoanele Destinului\u201d pot infirma sau confirma at\u00e2t persoanelor vizate, c\u00e2t \u0219i specialistului Feng Shui, corectitudinea acestei analizei. <\/strong><\/p>\n<p>&nbsp; &nbsp; &nbsp;&nbsp; <strong><u>Pentru realizarea acestei consulta\u021bii sunt necesare:<\/u><\/strong><\/p>\n<ul>\n<li>Anul aproximativ al \u00eencheierii construc\u021biei cl\u0103dirii;<\/li>\n<li>Planul la scar\u0103 al apartamentului sau al cl\u0103dirii\/ terenului;<\/li>\n<li>M\u0103surarea de c\u0103tre Specialistul \u00een Feng Shui a orient\u0103rii fa\u021badei cl\u0103dirii.<\/li>\n<\/ul>\n<p><em><strong>&nbsp;&nbsp;&nbsp;&nbsp; Analiza energiilor unei case dup\u0103 \u0218coala Stelelor Zbur\u0103toare, \u00een combina\u021bie cu alte \u0219coli cuprinde:<\/strong><\/em><\/p>\n<ul>\n<li>Diagnosticul energetic \u0219i poten\u021bial al unui spa\u021biu din punct de vedere feng shui (detectarea energiilor favorabile \u0219i nefavorabile);<\/li>\n<li>Diagnosticul energetic \u0219i poten\u021bial al unui spa\u021biu din punct de vedere Qi Men Dun Jia (detectarea energiilor favorabile \u0219i nefavorabile din punct de vedere Qi Men feng shui);<\/li>\n<li>Recomand\u0103ri pentru modific\u0103rile necesare (rearanjarea casei \u0219i a mobilierului);<\/li>\n<li>Combina\u021bii cu energiile anuale, recomand\u0103ri, remedii;<\/li>\n<li>Compatibilitatea spa\u021biului cu locatarii, conform datelor de na\u0219tere (adic\u0103 a \u201ccoloanelor destinului\u201d\/ pentru fiecare locatar din spa\u021biul respectiv).<\/li>\n<\/ul>\n<p><strong>&nbsp;&nbsp; Durat\u0103 finalizare dosar:<\/strong> 7-14 zile \u00een func\u021bie de m\u0103rimea spa\u021biului \u0219i num\u0103rul de persoane.<\/p>\n<h3 data-start=\"844\" data-end=\"897\"><img decoding=\"async\" draggable=\"false\" role=\"img\" class=\"emoji\" alt=\"\ud83d\udca0\" src=\"https:\/\/s.w.org\/images\/core\/emoji\/17.0.2\/svg\/1f4a0.svg\"> Consultan\u021b\u0103 Feng Shui pentru locuin\u021be existente<\/h3>\n<p data-start=\"899\" data-end=\"1100\">Costul unei consulta\u021bii Feng Shui pentru spa\u021biile deja achizi\u021bionate \u0219i construite<br data-start=\"981\" data-end=\"984\">(cas\u0103, apartament sau garsonier\u0103) este calculat <strong data-start=\"1032\" data-end=\"1052\">per metru p\u0103trat<\/strong>, \u00een func\u021bie de suprafa\u021ba total\u0103 a propriet\u0103\u021bii.<\/p>\n<h3 data-start=\"1102\" data-end=\"1124\"><img decoding=\"async\" draggable=\"false\" role=\"img\" class=\"emoji\" alt=\"\ud83d\udcb0\" src=\"https:\/\/s.w.org\/images\/core\/emoji\/17.0.2\/svg\/1f4b0.svg\"> Tarif standard:<\/h3>\n<p data-start=\"1125\" data-end=\"1140\"><strong data-start=\"1125\" data-end=\"1140\">&nbsp; &nbsp; &nbsp; &nbsp; &nbsp; &nbsp;48 Ron \/ m\u00b2<\/strong><\/p>\n<h3 data-start=\"1142\" data-end=\"1158\"><img decoding=\"async\" draggable=\"false\" role=\"img\" class=\"emoji\" alt=\"\ud83d\udcd0\" src=\"https:\/\/s.w.org\/images\/core\/emoji\/17.0.2\/svg\/1f4d0.svg\"> Condi\u021bii:<\/h3>\n<ul>\n<li><strong data-start=\"1161\" data-end=\"1196\">Valoarea minim\u0103 a consultan\u021bei:<\/strong> echivalentul a <strong data-start=\"1212\" data-end=\"1221\">50 m\u00b2 (2400 Ron).<\/strong><\/li>\n<li>Pentru garsonierele \u0219i locuin\u021bele cu suprafa\u021ba mai mic\u0103 de 50 m\u00b2 se aplic\u0103 tariful minim, beneficiind de consultan\u021b\u0103 complet\u0103 (2400 Ron).<\/li>\n<li>Consultan\u021ba include analiz\u0103 Feng Shui detaliat\u0103 \u0219i recomand\u0103ri personalizate pentru armonizarea spa\u021biului.<\/li>\n<li>Pentru propriet\u0103\u021bile cu suprafa\u021ba de peste 400 m\u00b2, tariful se stabile\u0219te prin ofert\u0103 personalizat\u0103, \u00een urma unei discu\u021bii preliminare.<\/li>\n<\/ul>\n<p><strong><em>&nbsp; &nbsp;<span style=\"text-decoration: underline;\">Pentru provincie sau str\u0103in\u0103tate se adaug\u0103 cheltuielile de deplasare<\/span><\/em><span style=\"text-decoration: underline;\">.<\/span><\/strong><\/p>\n<p>&nbsp; Pentru a primi o oferta personalizat\u0103 v\u0103 rog s\u0103 m\u0103 contacta\u021bi pe adresa de e-mail: <strong><u><a href=\"mailto:valentina@fengshuidivine.com\">valentina@fengshuidivine.com<\/a><\/u><\/strong>.<\/p>\n<p><span style=\"color: #ff0000;\"><strong>&nbsp;&nbsp; \u00cemi rezerv dreptul de a-mi selecta clien\u021bii!<\/strong><\/span><\/p>\t\t\t\t\t\t\t\t<\/div>\n\t\t\t\t\t<\/div>\n\t\t<\/div>\n\t\t\t\t\t<\/div>\n\t\t<\/section>\n\t\t\t\t<\/div>","protected":false},"excerpt":{"rendered":"<p>4&nbsp;&nbsp; &nbsp;&nbsp; O consultan\u021b\u0103 Feng Shui va cuprinde \u0219i designul de interior al spa\u021biului de locuit. Ve\u021bi primi recomand\u0103ri \u00een [&hellip;]<\/p>\n","protected":false},"author":1,"featured_media":0,"parent":4627,"menu_order":0,"comment_status":"closed","ping_status":"closed","template":"","meta":{"inline_featured_image":false,"footnotes":""},"class_list":["post-4880","page","type-page","status-publish","hentry"],"_links":{"self":[{"href":"https:\/\/fengshuidivine.com\/en\/wp-json\/wp\/v2\/pages\/4880","targetHints":{"allow":["GET"]}}],"collection":[{"href":"https:\/\/fengshuidivine.com\/en\/wp-json\/wp\/v2\/pages"}],"about":[{"href":"https:\/\/fengshuidivine.com\/en\/wp-json\/wp\/v2\/types\/page"}],"author":[{"embeddable":true,"href":"https:\/\/fengshuidivine.com\/en\/wp-json\/wp\/v2\/users\/1"}],"replies":[{"embeddable":true,"href":"https:\/\/fengshuidivine.com\/en\/wp-json\/wp\/v2\/comments?post=4880"}],"version-history":[{"count":83,"href":"https:\/\/fengshuidivine.com\/en\/wp-json\/wp\/v2\/pages\/4880\/revisions"}],"predecessor-version":[{"id":12034,"href":"https:\/\/fengshuidivine.com\/en\/wp-json\/wp\/v2\/pages\/4880\/revisions\/12034"}],"up":[{"embeddable":true,"href":"https:\/\/fengshuidivine.com\/en\/wp-json\/wp\/v2\/pages\/4627"}],"wp:attachment":[{"href":"https:\/\/fengshuidivine.com\/en\/wp-json\/wp\/v2\/media?parent=4880"}],"curies":[{"name":"wp","href":"https:\/\/api.w.org\/{rel}","templated":true}]}}