{"id":4668,"date":"2020-09-04T21:34:08","date_gmt":"2020-09-04T18:34:08","guid":{"rendered":"https:\/\/fengshui.luh.ro\/?page_id=4668"},"modified":"2026-01-16T17:06:50","modified_gmt":"2026-01-16T15:06:50","slug":"divinatia-i-ching","status":"publish","type":"page","link":"https:\/\/fengshuidivine.com\/en\/servicii-profesionale\/divinatia-i-ching\/","title":{"rendered":"Divina\u021bia I Ching"},"content":{"rendered":"<div data-elementor-type=\"wp-page\" data-elementor-id=\"4668\" class=\"elementor elementor-4668\">\n\t\t\t\t\t\t<section class=\"elementor-section elementor-top-section elementor-element elementor-element-ebd4ac3 elementor-section-boxed elementor-section-height-default elementor-section-height-default default-style\" data-id=\"ebd4ac3\" data-element_type=\"section\" data-e-type=\"section\" data-settings=\"{&quot;rt_color_sets&quot;:&quot;default-style&quot;}\">\n\t\t\t\t\t\t<div class=\"elementor-container elementor-column-gap-default\">\n\t\t\t\t\t<div class=\"elementor-column elementor-col-100 elementor-top-column elementor-element elementor-element-f6a4001\" data-id=\"f6a4001\" data-element_type=\"column\" data-e-type=\"column\">\n\t\t\t<div class=\"elementor-widget-wrap elementor-element-populated\">\n\t\t\t\t\t\t<div class=\"elementor-element elementor-element-94e20d1 elementor-widget elementor-widget-text-editor\" data-id=\"94e20d1\" data-element_type=\"widget\" data-e-type=\"widget\" data-widget_type=\"text-editor.default\">\n\t\t\t\t\t\t\t\t\t<p style=\"text-align: justify;\">45<strong>\u00a0\u00a0\u00a0\u00a0<img fetchpriority=\"high\" decoding=\"async\" class=\"size-medium wp-image-8226 alignleft\" src=\"https:\/\/fengshuidivine.com\/wp-content\/uploads\/Cur-de-Divinatie-I-Ching-300x298.jpg\" alt=\"\" width=\"300\" height=\"298\" srcset=\"https:\/\/fengshuidivine.com\/wp-content\/uploads\/Cur-de-Divinatie-I-Ching-300x298.jpg 300w, https:\/\/fengshuidivine.com\/wp-content\/uploads\/Cur-de-Divinatie-I-Ching-150x150.jpg 150w, https:\/\/fengshuidivine.com\/wp-content\/uploads\/Cur-de-Divinatie-I-Ching-363x360.jpg 363w, https:\/\/fengshuidivine.com\/wp-content\/uploads\/Cur-de-Divinatie-I-Ching-600x595.jpg 600w, https:\/\/fengshuidivine.com\/wp-content\/uploads\/Cur-de-Divinatie-I-Ching-100x100.jpg 100w, https:\/\/fengshuidivine.com\/wp-content\/uploads\/Cur-de-Divinatie-I-Ching.jpg 726w\" sizes=\"(max-width: 300px) 100vw, 300px\" \/>I Ching\u201d<\/strong> sau <strong>\u201cCartea schimb\u0103rilor<\/strong>\u201c este o baz\u0103 tehnic\u0103 de divina\u021bie bazat\u0103 pe o serie de simboluri numite trigrame \u0219i hexagrame. Acestea sunt simboluri formate din linii drepte \u2013 continue sau rupte, pentru a reflecta conceptul de <strong>Yin si Yang<\/strong> \u2013 <strong>dualitate \u00een Univers<\/strong>.<\/p><p style=\"text-align: justify;\"><strong>\u00a0\u00a0\u00a0\u00a0 \u201cI Ching\u201d este de fapt un instrument pentru a adresa \u00eentreb\u0103ri \u0219i de a ob\u021bine r\u0103spunsuri<\/strong>.<\/p><p style=\"text-align: justify;\"><strong>\u00a0\u00a0\u00a0\u00a0 Reprezint\u0103 o colec\u021bie de sfaturi \u00een\u021belepte \u0219i practice<\/strong>. Cu o \u00eentrebare \u00een minte, se pot arunca\u00a0 3 monede de \u0219ase ori pentru a configura un simbol alc\u0103tuit din \u0219ase linii \u0219i o hexagram\u0103. Apoi, prin interpretarea interac\u021biunii \u0219i rela\u021biilor dintre liniile hexagramei, vom putea g\u0103si indicii care s\u0103 conduc\u0103 la un r\u0103spuns la \u00eentrebarea respectiv\u0103.<\/p><p style=\"text-align: justify;\"><strong>\u00a0\u00a0\u00a0\u00a0\u00a0 Sistemul de trigrame \u0219i hexagrame<\/strong>, inventat de <strong>Fu Si<\/strong> \u00een jurul anului 4500 I.Hr., a fost folosit, de \u00eemp\u0103ra\u021bi \u0219i boieri, ca instrument de prognoz\u0103 puternic bucur\u00e2ndu-se de o pozi\u021bie foarte respectat\u0103 \u00een metafizica chinez\u0103.<\/p><p style=\"text-align: justify;\"><strong>\u00a0\u00a0\u00a0\u00a0 Cu ajutorul acestei tehnici se pot dezv\u0103lui informa\u021bii de baz\u0103 exacte cu privire la o situa\u021bie complex\u0103. Din aceast\u0103 cauz\u0103 este privit\u0103 ca un instrument metafizic indispensabil pentru <u>previziuni \u0219i luarea deciziilor<\/u><\/strong>.<\/p><p style=\"text-align: justify;\"><strong>\u00a0\u00a0\u00a0\u00a0 <u>Pentru a efectua I Ching divina\u021bie, trebuie s\u0103 ave\u021bi o \u00eentrebare clara \u0219i specific\u0103 \u00een minte.<\/u><\/strong><\/p><p style=\"text-align: justify;\">\u00a0\u00a0\u00a0 De exemplu, ne putem \u00eentreba <strong>\u201cCare este \u0219ansa mea de promovare \u00een func\u021bia de director \u00een termen de 6 luni?\u201d sau \u201cCum va evolua rela\u021bia mea cu x?\u201d sau\u00a0 \u201cCum \u00eemi va merge financiar \u00een urm\u0103toarele 6 luni?\u201c\u00a0<\/strong><\/p><p style=\"text-align: justify;\"><strong>\u00a0\u00a0\u00a0 Dac\u0103 nu sti\u021bi ce decizie s\u0103 lua\u021bi \u00een anumite situa\u021bii, I Ching v\u0103 poate ajuta s\u0103 alege\u021bi drumul corect!<\/strong><\/p><p style=\"text-align: justify;\"><strong>\u00a0 \u00a0<\/strong><span style=\"color: #b00c2d;\"><b><u>Cost: 450 RON\u00a0 \/ \u00eentrebare\u00a0<\/u><\/b><\/span><\/p>\t\t\t\t\t\t\t\t<\/div>\n\t\t\t\t\t<\/div>\n\t\t<\/div>\n\t\t\t\t\t<\/div>\n\t\t<\/section>\n\t\t<div class=\"elementor-element elementor-element-5f55ea0 e-flex e-con-boxed default-style e-con e-parent\" data-id=\"5f55ea0\" data-element_type=\"container\" data-e-type=\"container\" data-settings=\"{&quot;rt_color_sets&quot;:&quot;default-style&quot;}\">\n\t\t\t\t\t<div class=\"e-con-inner\">\n\t\t\t\t<div class=\"elementor-element elementor-element-7762c49 elementor-align-center elementor-widget elementor-widget-rt-button\" data-id=\"7762c49\" data-element_type=\"widget\" data-e-type=\"widget\" data-widget_type=\"rt-button.default\">\n\t\t\t\t<div class=\"elementor-widget-container\">\n\t\t\t\t\t<div class=\"button_wrapper  rounded\"><a href=\"https:\/\/fengshuidivine.com\/en\/product\/divinatia-i-ching\/\" target=\"_self\" title=\"Comand\u0103 Acum\" class=\"button_  style-1 small\"><span><span>Comand\u0103 Acum<\/span><\/span><\/a><\/div>\t\t\t\t<\/div>\n\t\t\t\t<\/div>\n\t\t\t\t\t<\/div>\n\t\t\t\t<\/div>\n\t\t\t\t<\/div>","protected":false},"excerpt":{"rendered":"<p>45\u00a0\u00a0\u00a0\u00a0I Ching\u201d sau \u201cCartea schimb\u0103rilor\u201c este o baz\u0103 tehnic\u0103 de divina\u021bie bazat\u0103 pe o serie de simboluri numite trigrame \u0219i [&hellip;]<\/p>\n","protected":false},"author":1,"featured_media":0,"parent":4627,"menu_order":0,"comment_status":"closed","ping_status":"closed","template":"","meta":{"inline_featured_image":false,"footnotes":""},"class_list":["post-4668","page","type-page","status-publish","hentry"],"_links":{"self":[{"href":"https:\/\/fengshuidivine.com\/en\/wp-json\/wp\/v2\/pages\/4668","targetHints":{"allow":["GET"]}}],"collection":[{"href":"https:\/\/fengshuidivine.com\/en\/wp-json\/wp\/v2\/pages"}],"about":[{"href":"https:\/\/fengshuidivine.com\/en\/wp-json\/wp\/v2\/types\/page"}],"author":[{"embeddable":true,"href":"https:\/\/fengshuidivine.com\/en\/wp-json\/wp\/v2\/users\/1"}],"replies":[{"embeddable":true,"href":"https:\/\/fengshuidivine.com\/en\/wp-json\/wp\/v2\/comments?post=4668"}],"version-history":[{"count":28,"href":"https:\/\/fengshuidivine.com\/en\/wp-json\/wp\/v2\/pages\/4668\/revisions"}],"predecessor-version":[{"id":11962,"href":"https:\/\/fengshuidivine.com\/en\/wp-json\/wp\/v2\/pages\/4668\/revisions\/11962"}],"up":[{"embeddable":true,"href":"https:\/\/fengshuidivine.com\/en\/wp-json\/wp\/v2\/pages\/4627"}],"wp:attachment":[{"href":"https:\/\/fengshuidivine.com\/en\/wp-json\/wp\/v2\/media?parent=4668"}],"curies":[{"name":"wp","href":"https:\/\/api.w.org\/{rel}","templated":true}]}}