{"id":4666,"date":"2020-09-04T21:33:36","date_gmt":"2020-09-04T18:33:36","guid":{"rendered":"https:\/\/fengshui.luh.ro\/?page_id=4666"},"modified":"2026-01-18T22:42:32","modified_gmt":"2026-01-18T20:42:32","slug":"consiliere-astrologica-chineza-personala","status":"publish","type":"page","link":"https:\/\/fengshuidivine.com\/en\/servicii-profesionale\/consiliere-astrologica-chineza-personala\/","title":{"rendered":"Consiliere Astrologic\u0103 Chinez\u0103 personal\u0103"},"content":{"rendered":"<div data-elementor-type=\"wp-page\" data-elementor-id=\"4666\" class=\"elementor elementor-4666\">\n\t\t\t\t\t\t<section class=\"elementor-section elementor-top-section elementor-element elementor-element-afa3f4f elementor-section-boxed elementor-section-height-default elementor-section-height-default default-style\" data-id=\"afa3f4f\" data-element_type=\"section\" data-e-type=\"section\" data-settings=\"{&quot;rt_color_sets&quot;:&quot;default-style&quot;}\">\n\t\t\t\t\t\t<div class=\"elementor-container elementor-column-gap-default\">\n\t\t\t\t\t<div class=\"elementor-column elementor-col-100 elementor-top-column elementor-element elementor-element-f15b2a8\" data-id=\"f15b2a8\" data-element_type=\"column\" data-e-type=\"column\">\n\t\t\t<div class=\"elementor-widget-wrap elementor-element-populated\">\n\t\t\t\t\t\t<div class=\"elementor-element elementor-element-3834b8c elementor-widget elementor-widget-text-editor\" data-id=\"3834b8c\" data-element_type=\"widget\" data-e-type=\"widget\" data-widget_type=\"text-editor.default\">\n\t\t\t\t\t\t\t\t\t<p style=\"text-align: justify;\">8<img fetchpriority=\"high\" decoding=\"async\" class=\"size-medium wp-image-8188 alignleft\" src=\"https:\/\/fengshuidivine.com\/wp-content\/uploads\/Screenshot-2023-04-08-at-19-53-43-Qi-Men-Dun-Jia-\u5947\u9580\u9041\u7532-300x213.png\" alt=\"\" width=\"300\" height=\"213\" srcset=\"https:\/\/fengshuidivine.com\/wp-content\/uploads\/Screenshot-2023-04-08-at-19-53-43-Qi-Men-Dun-Jia-\u5947\u9580\u9041\u7532-300x213.png 300w, https:\/\/fengshuidivine.com\/wp-content\/uploads\/Screenshot-2023-04-08-at-19-53-43-Qi-Men-Dun-Jia-\u5947\u9580\u9041\u7532-303x215.png 303w, https:\/\/fengshuidivine.com\/wp-content\/uploads\/Screenshot-2023-04-08-at-19-53-43-Qi-Men-Dun-Jia-\u5947\u9580\u9041\u7532-600x426.png 600w, https:\/\/fengshuidivine.com\/wp-content\/uploads\/Screenshot-2023-04-08-at-19-53-43-Qi-Men-Dun-Jia-\u5947\u9580\u9041\u7532.png 606w\" sizes=\"(max-width: 300px) 100vw, 300px\" \/> \u00a0\u00a0\u00a0\u00a0\u00a0 Pentru a ob\u021bine <strong>o<\/strong> <strong>analiz\u0103 a destinului dvs<\/strong>, tot ce trebuie s\u0103 face\u021bi este s\u0103-mi comunica\u021bi datele dvs exacte de na\u0219tere:\u00a0 <strong>anul na\u0219terii, luna, ziua, ora, locul na\u0219terii<\/strong>, precum \u0219i orice \u00eentrebare special\u0103 la care dori\u021bi s\u0103 afla\u021bi r\u0103spunsul.<\/p><p style=\"text-align: justify;\"><strong>\u00a0\u00a0\u00a0\u00a0\u00a0\u00a0 Analiza destinului dvs, va c<em>uprinde:<\/em><\/strong><\/p><ul><li style=\"text-align: justify;\">Cei trei piloni ai personalit\u0103\u021bii \u2013 tipul de personalitate conform st\u00e2lpului principal de na\u0219tere, structura personalit\u0103\u021bii \u00een func\u021bie de elementul dominant (de obicei sezonul de na\u0219tere) \u0219i profilul personalit\u0103\u021bii \u2013 entitatea l\u0103untric\u0103;<\/li><li style=\"text-align: justify;\"><strong>Puncte forte \u0219i puncte slabe ale personalit\u0103\u021bii,<\/strong> inclusiv cu recomand\u0103ri pentru a \u00eembun\u0103t\u0103\u021bi structura personalit\u0103\u021bii;<\/li><li style=\"text-align: justify;\">Domenii potrivite pentru carier\u0103 \u0219i comportamentul dvs \u00een mediul de lucru;<\/li><li style=\"text-align: justify;\">Domenii potrivite pentru <strong>dezvoltarea unei afaceri,<\/strong> conform datei de na\u0219tere. Compatibilitatea cu o anumit\u0103 meserie \u0219i care sunt pa\u0219ii pentru a cre\u0219te \u0219ansa de a putea dezvolta o afacere proprie;<\/li><li style=\"text-align: justify;\">Analiza rela\u021biei dvs cu familia, copii, tipologia personalit\u0103\u021bii ca entitate \u00een cuplu \u0219i ca p\u0103rinte, sfaturi pentru a deveni un p\u0103rinte mai bun;<\/li><li style=\"text-align: justify;\">Analiza elementelor speciale din destin, \u0219i anume: \u201e<strong>stele ale iubirii\u201d, \u201estele ale singur\u0103t\u0103\u021bii\u201d, \u201estele academice\u201d, \u201edepozite de bani\u201d<\/strong> \u2013 care ofer\u0103 \u0219anse deosebite celor care le au \u00een harta de na\u0219tere;<\/li><li style=\"text-align: justify;\">Perioadele de noroc \u2013 pe cicluri de 10 ani \u2013 cu descriere \u0219i recomand\u0103ri;<\/li><li style=\"text-align: justify;\">Combina\u021bii specifice \u00een hart\u0103 (tr\u0103dare, penalizare, ciocnire etc), ce aduc acestea \u0219i cum se pot evita;<\/li><li style=\"text-align: justify;\">Recomand\u0103ri pentru anul \u00een curs \u0219i urm\u0103tor;<\/li><li style=\"text-align: justify;\">Recomandarea unui talisman personal (mai ales la persoanele cu lec\u021bii karmice dificile).<\/li><\/ul><p style=\"text-align: justify;\"><strong>\u00a0\u00a0\u00a0\u00a0\u00a0 <span style=\"color: #b00c2d;\">Cost: 700 RON \/ ora de consultan\u021b\u0103\u00a0<\/span><\/strong><\/p>\t\t\t\t\t\t\t\t<\/div>\n\t\t\t\t\t<\/div>\n\t\t<\/div>\n\t\t\t\t\t<\/div>\n\t\t<\/section>\n\t\t<div class=\"elementor-element elementor-element-2917d9a e-flex e-con-boxed default-style e-con e-parent\" data-id=\"2917d9a\" data-element_type=\"container\" data-e-type=\"container\" data-settings=\"{&quot;rt_color_sets&quot;:&quot;default-style&quot;}\">\n\t\t\t\t\t<div class=\"e-con-inner\">\n\t\t\t\t<div class=\"elementor-element elementor-element-f5da811 elementor-align-center elementor-widget elementor-widget-rt-button\" data-id=\"f5da811\" data-element_type=\"widget\" data-e-type=\"widget\" data-widget_type=\"rt-button.default\">\n\t\t\t\t<div class=\"elementor-widget-container\">\n\t\t\t\t\t<div class=\"button_wrapper  rounded\"><a href=\"https:\/\/fengshuidivine.com\/en\/product\/consiliere-astrologica-chineza-personala\/\" target=\"_self\" title=\"Comand\u0103 Acum\" class=\"button_  style-1 big\"><span><span>Comand\u0103 Acum<\/span><\/span><\/a><\/div>\t\t\t\t<\/div>\n\t\t\t\t<\/div>\n\t\t\t\t\t<\/div>\n\t\t\t\t<\/div>\n\t\t\t\t<\/div>","protected":false},"excerpt":{"rendered":"<p>8 \u00a0\u00a0\u00a0\u00a0\u00a0 Pentru a ob\u021bine o analiz\u0103 a destinului dvs, tot ce trebuie s\u0103 face\u021bi este s\u0103-mi comunica\u021bi datele dvs [&hellip;]<\/p>\n","protected":false},"author":1,"featured_media":0,"parent":4627,"menu_order":0,"comment_status":"closed","ping_status":"closed","template":"","meta":{"inline_featured_image":false,"footnotes":""},"class_list":["post-4666","page","type-page","status-publish","hentry"],"_links":{"self":[{"href":"https:\/\/fengshuidivine.com\/en\/wp-json\/wp\/v2\/pages\/4666","targetHints":{"allow":["GET"]}}],"collection":[{"href":"https:\/\/fengshuidivine.com\/en\/wp-json\/wp\/v2\/pages"}],"about":[{"href":"https:\/\/fengshuidivine.com\/en\/wp-json\/wp\/v2\/types\/page"}],"author":[{"embeddable":true,"href":"https:\/\/fengshuidivine.com\/en\/wp-json\/wp\/v2\/users\/1"}],"replies":[{"embeddable":true,"href":"https:\/\/fengshuidivine.com\/en\/wp-json\/wp\/v2\/comments?post=4666"}],"version-history":[{"count":48,"href":"https:\/\/fengshuidivine.com\/en\/wp-json\/wp\/v2\/pages\/4666\/revisions"}],"predecessor-version":[{"id":11971,"href":"https:\/\/fengshuidivine.com\/en\/wp-json\/wp\/v2\/pages\/4666\/revisions\/11971"}],"up":[{"embeddable":true,"href":"https:\/\/fengshuidivine.com\/en\/wp-json\/wp\/v2\/pages\/4627"}],"wp:attachment":[{"href":"https:\/\/fengshuidivine.com\/en\/wp-json\/wp\/v2\/media?parent=4666"}],"curies":[{"name":"wp","href":"https:\/\/api.w.org\/{rel}","templated":true}]}}