{"id":4582,"date":"2020-08-05T13:12:28","date_gmt":"2020-08-05T10:12:28","guid":{"rendered":"https:\/\/fengshui.luh.ro\/?page_id=4582"},"modified":"2022-03-21T02:45:32","modified_gmt":"2022-03-21T00:45:32","slug":"metafizica-chineza","status":"publish","type":"page","link":"https:\/\/fengshuidivine.com\/en\/metafizica-chineza\/","title":{"rendered":"Metafizica Chinez\u0103"},"content":{"rendered":"<div data-elementor-type=\"wp-page\" data-elementor-id=\"4582\" class=\"elementor elementor-4582\">\n\t\t\t\t\t\t<section class=\"elementor-section elementor-top-section elementor-element elementor-element-28d82f2 elementor-section-boxed elementor-section-height-default elementor-section-height-default default-style\" data-id=\"28d82f2\" data-element_type=\"section\" data-e-type=\"section\" data-settings=\"{&quot;rt_color_sets&quot;:&quot;default-style&quot;}\">\n\t\t\t\t\t\t<div class=\"elementor-container elementor-column-gap-default\">\n\t\t\t\t\t<div class=\"elementor-column elementor-col-50 elementor-top-column elementor-element elementor-element-649b8f5\" data-id=\"649b8f5\" data-element_type=\"column\" data-e-type=\"column\">\n\t\t\t<div class=\"elementor-widget-wrap elementor-element-populated\">\n\t\t\t\t\t\t<div class=\"elementor-element elementor-element-700abec elementor-widget elementor-widget-image\" data-id=\"700abec\" data-element_type=\"widget\" data-e-type=\"widget\" data-widget_type=\"image.default\">\n\t\t\t\t\t\t\t\t\t\t\t\t\t\t\t<img fetchpriority=\"high\" decoding=\"async\" width=\"250\" height=\"250\" src=\"https:\/\/fengshuidivine.com\/wp-content\/uploads\/feng-250x250-1.jpg\" class=\"attachment-large size-large wp-image-1231\" alt=\"\" srcset=\"https:\/\/fengshuidivine.com\/wp-content\/uploads\/feng-250x250-1.jpg 250w, https:\/\/fengshuidivine.com\/wp-content\/uploads\/feng-250x250-1-100x100.jpg 100w, https:\/\/fengshuidivine.com\/wp-content\/uploads\/feng-250x250-1-150x150.jpg 150w, https:\/\/fengshuidivine.com\/wp-content\/uploads\/feng-250x250-1-125x125.jpg 125w\" sizes=\"(max-width: 250px) 100vw, 250px\" \/>\t\t\t\t\t\t\t\t\t\t\t\t\t\t\t<\/div>\n\t\t\t\t\t<\/div>\n\t\t<\/div>\n\t\t\t\t<div class=\"elementor-column elementor-col-50 elementor-top-column elementor-element elementor-element-00b5788\" data-id=\"00b5788\" data-element_type=\"column\" data-e-type=\"column\">\n\t\t\t<div class=\"elementor-widget-wrap elementor-element-populated\">\n\t\t\t\t\t\t<div class=\"elementor-element elementor-element-126b0bd elementor-widget elementor-widget-text-editor\" data-id=\"126b0bd\" data-element_type=\"widget\" data-e-type=\"widget\" data-widget_type=\"text-editor.default\">\n\t\t\t\t\t\t\t\t\t<p><strong>Metafizica Chinez\u0103<\/strong> este o \u00eentreag\u0103 \u00een\u021belepciune adunat\u0103 de secole \u0219i chiar milenii la r\u00e2nd de c\u0103tre mae\u0219trii chinezi din observarea cu aten\u021bie a mediului \u00eenconjur\u0103tor \u0219i a tiparelor vie\u021bii oamenilor.<\/p><p><strong>Astrologia chinez\u0103 BaZi<\/strong> (sau <strong>Cele 4 Coloane ale destinului<\/strong> dup\u0103 cum mai este cunoscut\u0103) \u0219i <strong>Feng Shui<\/strong> sunt doar dou\u0103 dintre \u0219tiin\u021bele metafizicii chineze existente. Pe l\u00e2ng\u0103 acestea mai exist\u0103 o serie \u00eentreag\u0103 de alte \u0219tiin\u021be valoroase, cum ar fi: <strong>Mian Xiang (Arta recunoa\u0219terii fe\u021bei),<\/strong> <strong>ZeRI (Arta select\u0103rii datelor favorabile)<\/strong>, <strong>Yi Ching<\/strong>, <strong>Zi Wei Dou Shu<\/strong> ( o alt\u0103 form\u0103 de astrologie chinez\u0103), <strong>Qi Men Dun<\/strong> <strong>Jia<\/strong> \u0219i altele.<\/p>\t\t\t\t\t\t\t\t<\/div>\n\t\t\t\t\t<\/div>\n\t\t<\/div>\n\t\t\t\t\t<\/div>\n\t\t<\/section>\n\t\t\t\t<section class=\"elementor-section elementor-top-section elementor-element elementor-element-95fb43c elementor-section-boxed elementor-section-height-default elementor-section-height-default default-style\" data-id=\"95fb43c\" data-element_type=\"section\" data-e-type=\"section\" data-settings=\"{&quot;rt_color_sets&quot;:&quot;default-style&quot;}\">\n\t\t\t\t\t\t<div class=\"elementor-container elementor-column-gap-default\">\n\t\t\t\t\t<div class=\"elementor-column elementor-col-100 elementor-top-column elementor-element elementor-element-6c9756a\" data-id=\"6c9756a\" data-element_type=\"column\" data-e-type=\"column\">\n\t\t\t<div class=\"elementor-widget-wrap elementor-element-populated\">\n\t\t\t\t\t\t<div class=\"elementor-element elementor-element-77e74f1 elementor-widget elementor-widget-text-editor\" data-id=\"77e74f1\" data-element_type=\"widget\" data-e-type=\"widget\" data-widget_type=\"text-editor.default\">\n\t\t\t\t\t\t\t\t\t<p style=\"text-align: justify;\">\u00a0 Toate aceste \u0219tiin\u021be se bazeaz\u0103 pe <strong>studiul celor cinci elemente (metal, apa, lemn, foc, p\u0103m\u00e2nt), studiul celor 8 trigrame sau studiul conceptului de yin si yang.<\/strong> \u00centre toate acestea trebuie s\u0103 existe un echilibru. <strong>Echilibrul este unul dintre cele mai importante concepte \u00een studiul \u0219i aplicarea metafizicii chineze. <\/strong><\/p><p style=\"text-align: justify;\"><strong>\u00a0 \u00a0Feng Shui Tradi\u021bional<\/strong> este una dintre <strong>\u0219tiin\u021bele metafizice chineze<\/strong> care studiaz\u0103 tiparele curgerii \u0219i transform\u0103rii energiei (Qi) de la nivelul P\u0103m\u00e2ntului. Prin urmare, principala caracteristic\u0103 a acestei \u0219tiin\u021be este de a ar\u0103ta cum este influen\u021bat omul de mediul \u00eenconjur\u0103tor.<\/p><p style=\"text-align: justify;\">\u00a0 Din moment ce energia Qi este un fenomen natural care nu poate fi nici creat\u0103, nici distrus\u0103, destul de asem\u0103n\u0103toare teoriei lui Newton, aceast\u0103 energie Qi este rareori generat\u0103 sau ob\u021binut\u0103 prin obiecte f\u0103cute de om precum: <strong>obiecte decorative \u0219i amulete<\/strong>. <strong>C\u00e2nd vorbim despre feng shui-ul tradi\u021bional sau clasic, noi ne referim, \u00een esen\u021b\u0103, la un domeniu de cunoa\u0219tere, care studiaz\u0103 a\u0219ez\u0103ri, direc\u021bii \u0219i timpul fa\u021b\u0103 de forma\u021biunile de p\u0103m\u00e2nt, totodat\u0103, \u0219i Qi-ul lor respectiv.<\/strong> <strong>Energia Qi este intangibil\u0103, cu toate acestea, efectul ei d\u0103inuie\u0219te, p\u0103trunde, umple fiecare aspect al vie\u021bii noastre. \u00cen mod surprinz\u0103tor energia Qi formeaz\u0103 epicentrul \u00een jurul c\u0103reia se \u00eenv\u00e2rte studiul metafizicii chineze.<\/strong><\/p><p style=\"text-align: justify;\"><strong>\u00a0 Prin umare, Qi-ul, pe scurt, este o for\u021ba natural\u0103 a vie\u021bii, care este conceput\u0103, sim\u021bit\u0103, z\u0103mislit\u0103 din interac\u021biunea mun\u021bilor, dealurilor, care sunt de natur\u0103 Yin, cu apele care sunt de natur\u0103 Yang. Qi-ul nu poate fi creat artificial sau simulat de c\u0103tre om cu obiecte create de el, precum amulete sau figurine.<\/strong><\/p><p style=\"text-align: justify;\"><strong>\u00a0 Scopul feng shui-ului<\/strong> este, prin urmare, s\u0103 identifice sursele favorabile ale energiei Qi din mediul \u00eenconjur\u0103tor, pozi\u021bionarea unei propriet\u0103\u021bi, chiar \u0219i a noastr\u0103, de altfel, pentru a primi aceast\u0103 energie.<\/p><p style=\"text-align: justify;\"><strong>\u00a0 \u00a0Astrologia chinez\u0103 BaZi<\/strong> este unul dintre cele mai folosite sisteme astrologice chineze la ora actual\u0103. Acesta folose\u0219te momentul na\u0219terii ca punct de referin\u021b\u0103 pentru alc\u0103tuirea unei h\u0103r\u021bi natale compuse din 8 caractere chineze\u0219ti, ce dezv\u0103luie unui consultant am\u0103nunte deosebit de detaliate \u0219i precise despre caracterul unui om \u0219i despre evenimentele importante prin care va trece acesta.<\/p><p style=\"text-align: justify;\">\u00centre astrologia occidental\u0103 \u0219i cea chinez\u0103 exist\u0103 o diferen\u021b\u0103 fundamental\u0103. Sistemul occidental ia \u00een considerare pozi\u021biile planetelor, soarelui \u0219i lunii \u00een momentul na\u0219terii dvs. Deci este o metoda strict astral\u0103. Deoarece sistemul chinezesc ia \u00een calcul toate tipurile de Qi (ceresc, p\u0103m\u00e2ntesc \u0219i uman), nu este exclusiv astral.<\/p><p style=\"text-align: justify;\"><strong>\u00a0 \u00a0Astrologia chinez\u0103<\/strong>\u00a0<em>este o modalitate de a v\u0103 ajuta pe dvs\u00a0<strong>s\u0103 v\u0103 \u00een\u021belege\u021bi via\u021ba \u0219i s\u0103 lua\u021bi decizii mai bune.<\/strong><\/em><\/p><p style=\"text-align: justify;\"><em>\u00a0Aceasta are o logic\u0103 clar\u0103 \u0219i o acurate\u021be ce define\u0219te comportamentul uman. Totodat\u0103, <strong>reprezint\u0103 una dintre cele mai autentice metode de analiz\u0103 a destinului \u0219i un instrument eficient pentru revelarea misterelor vie\u021bii.<\/strong><\/em><\/p><p style=\"text-align: justify;\">\u00a0 Aceast\u0103 metod\u0103 de analiz\u0103 mai poart\u0103 denumirea \u0219i de <strong>\u201eCei 4 St\u00e2lpi ai Destinului\u201d.<\/strong><\/p><p style=\"text-align: justify;\"><strong>\u00a0 Ace\u0219ti st\u00e2lpi ai destinului analizeaz\u0103 data noastr\u0103 de na\u0219tere.<\/strong> \u00cen urma acestei analize putem ajunge la o descriere a personalit\u0103\u021bii noastre, a carierei de care suntem atra\u0219i, diferite aspecte legate de c\u0103s\u0103torie \u0219i rela\u021biile de cuplu, precum \u0219i perioadele favorabile \u0219i nefavorabile din via\u021ba noastr\u0103.<\/p><p style=\"text-align: justify;\">\u00a0Toate aceste informa\u021bii se reg\u0103sesc\u00a0 \u00een data de na\u0219tere personal\u0103 \u0219i pot fi cunoscute \u00eenc\u0103 de la na\u0219tere. \u00a0Chinezii consider\u0103 ca prima gur\u0103 de aer pe care o inspir\u0103m la na\u0219tere ne determin\u0103 destinul, iar <strong>\u201e Cei 4 St\u00e2lpi ai Destinului\u201d\u00a0<\/strong>reprezint\u0103 o metod\u0103 de a determina Qi- ul primit la na\u0219tere.<\/p><p style=\"text-align: justify;\"><strong>\u00a0 La fel ca \u0219i Feng Shui-ul, aceasta metod\u0103 \u00eei ajut\u0103 pe oameni s\u0103-\u0219i \u00eembun\u0103t\u0103\u021beasc\u0103 starea de s\u0103n\u0103tate sau s\u0103-\u0219i amplifice succesul \u00een carier\u0103.<\/strong><\/p><p style=\"text-align: justify;\"><strong><u>\u00a0 Ce leg\u0103tur\u0103 are astrologia chinez\u0103 cu Feng Shui?<\/u><\/strong><strong> Ini\u021bial<\/strong>, nu prea multe. \u00cens\u0103 aceste dou\u0103 metode se completeaz\u0103 foarte bine, iar un bun practician Feng Shui adaug\u0103 \u00een analiz\u0103 sa \u0219i c\u00e2teva elemente de astrologie chinez\u0103. Lucruri precum compatibilitatea cu ceilal\u021bi, culorile norocoase, cariera \u0219i mediul potrivit ajut\u0103 la schimbarea \u00eentru totul a vie\u021bii oamenilor.<\/p><p style=\"text-align: justify;\"><em>\u00a0 \u00cen concluzie, este o metod\u0103 extrem de util\u0103. Ea ne ajut\u0103 s\u0103 descoperim at\u00e2t lucruri despre<strong>\u00a0cariera noastr\u0103<\/strong>, <strong>c\u0103s\u0103torie \u0219i norocul pe care \u00eel avem \u00een via\u021b\u0103, c\u00e2t \u0219i indicii referitoare la starea de s\u0103n\u0103tate \u0219i la poten\u021bialele probleme cu care ne putem confrunta.<\/strong><\/em><\/p><p style=\"text-align: justify;\"><strong>\u00a0 I Ching<\/strong>\u00a0sau\u00a0<strong>Cartea schimb\u0103rilor<\/strong>\u00a0este cel mai vechi text clasic chinezesc.<\/p><p style=\"text-align: justify;\">\u00a0 Forma cea mai r\u0103sp\u00e2ndit\u0103 azi dateaz\u0103 de 3 000 de ani, dar chinezii sus\u021bin c\u0103 ar fi fost creat de legendarul erou Fu Xi, care a tr\u0103it acum aproape 5 000 de ani (2852 i.C.-2738 i.C).<\/p><p style=\"text-align: justify;\">\u00a0 <strong>I Ching<\/strong>\u00a0este analizat ca sistem filozofic. Pe marginea lui s-au alc\u0103tuit nenum\u0103rate lucr\u0103ri \u0219tiin\u021bifice, iar speciali\u0219tii \u00een istoria matematicii \u00eel consider\u0103\u00a0<strong>cea mai veche consemnare privind scrierea binar\u0103<\/strong>. Cu toate acestea \u00eens\u0103, dintotdeauna a fost folosit \u0219i ca\u00a0<strong><u>metod\u0103 de divina\u021bie, care poate furniza r\u0103spunsuri la \u00eentreb\u0103rile care ne fr\u0103m\u00e2nt\u0103.<\/u><\/strong><\/p><h3 style=\"text-align: justify;\"><strong> \u00a0 <span style=\"text-decoration: underline;\">La<\/span><u> ce folose\u0219te metoda I Ching?<\/u><\/strong><\/h3><p style=\"text-align: justify;\"><strong>\u00a0 \u00a0I Ching<\/strong>\u00a0nu-\u021bi schimb\u0103 soarta \u0219i nu-\u021bi rezolv\u0103 problemele.\u00a0<strong>\u00cens\u0103, te ajut\u0103 s\u0103 \u00een\u021belegi mai bine situa\u021bia, \u00ee\u021bi d\u0103 \u00eencrederea necesar\u0103 \u00eenvingerii obstacolelor \u0219i te \u00eenva\u021b\u0103 s\u0103 iei decizii bune \u00een situa\u021bii de cump\u0103n\u0103 care privesc familia, s\u0103n\u0103tatea, cariera sau dragostea.<\/strong><\/p><h3 style=\"text-align: justify;\"><strong>\u00a0 \u00a0<u>Structura I Ching<\/u><\/strong><\/h3><p style=\"text-align: justify;\"><strong>\u00a0 \u00a0YIN \u2013 YANG I Ching<\/strong>\u00a0are la baz\u0103 conceptul yin\u2013yang, adic\u0103 dualitatea feminin\u2013masculin, negativ\u2013pozitiv, receptiv\u2013activ, noapte\u2013zi \u0219i pentru informaticieni 0\u20131. Principiul yin este reprezentat printr-o linie \u00eentrerupt\u0103 \u0219i yang, printr-o linie continu\u0103.<\/p><h3 style=\"text-align: justify;\"><strong>\u00a0 \u00a0<u>TRIGRAMELE<\/u><\/strong><\/h3><p style=\"text-align: justify;\">\u00a0 \u00a0Din combinarea lui yin \u0219i yang \u00een grupe de c\u00e2te trei, au rezultat 8 trigrame. Fiecare trigram\u0103 reprezint\u0103 o for\u021b\u0103 a naturii, c\u0103reia \u00eei este ata\u0219at\u0103 o anumit\u0103 simbolistic\u0103. Trigramele sunt folosite inclusiv \u00een <strong>Feng Shui<\/strong>.<\/p><p style=\"text-align: justify;\"><span style=\"color: #993300;\"><em>\u00a0 Con\u021binutul acestei pagini apar\u021bine \u00een \u00eentregime Feng Shui Divine Center.\u00a0 Redarea integral\u0103 sau par\u021bial\u0103 a articolului este strict interzis\u0103 f\u0103r\u0103 acordul Feng Shui Divine Center!<\/em><\/span><\/p>\t\t\t\t\t\t\t\t<\/div>\n\t\t\t\t\t<\/div>\n\t\t<\/div>\n\t\t\t\t\t<\/div>\n\t\t<\/section>\n\t\t\t\t<\/div>","protected":false},"excerpt":{"rendered":"<p>Metafizica Chinez\u0103 este o \u00eentreag\u0103 \u00een\u021belepciune adunat\u0103 de secole \u0219i chiar milenii la r\u00e2nd de c\u0103tre mae\u0219trii chinezi din observarea [&hellip;]<\/p>\n","protected":false},"author":1,"featured_media":0,"parent":0,"menu_order":0,"comment_status":"closed","ping_status":"closed","template":"","meta":{"inline_featured_image":false,"footnotes":""},"class_list":["post-4582","page","type-page","status-publish","hentry"],"_links":{"self":[{"href":"https:\/\/fengshuidivine.com\/en\/wp-json\/wp\/v2\/pages\/4582","targetHints":{"allow":["GET"]}}],"collection":[{"href":"https:\/\/fengshuidivine.com\/en\/wp-json\/wp\/v2\/pages"}],"about":[{"href":"https:\/\/fengshuidivine.com\/en\/wp-json\/wp\/v2\/types\/page"}],"author":[{"embeddable":true,"href":"https:\/\/fengshuidivine.com\/en\/wp-json\/wp\/v2\/users\/1"}],"replies":[{"embeddable":true,"href":"https:\/\/fengshuidivine.com\/en\/wp-json\/wp\/v2\/comments?post=4582"}],"version-history":[{"count":22,"href":"https:\/\/fengshuidivine.com\/en\/wp-json\/wp\/v2\/pages\/4582\/revisions"}],"predecessor-version":[{"id":6483,"href":"https:\/\/fengshuidivine.com\/en\/wp-json\/wp\/v2\/pages\/4582\/revisions\/6483"}],"wp:attachment":[{"href":"https:\/\/fengshuidivine.com\/en\/wp-json\/wp\/v2\/media?parent=4582"}],"curies":[{"name":"wp","href":"https:\/\/api.w.org\/{rel}","templated":true}]}}